{"id":46166,"date":"2023-12-12T10:51:04","date_gmt":"2023-12-12T09:51:04","guid":{"rendered":"https:\/\/pet-shopping.de\/shop\/produkt\/trixie-dog-activity-gamble-box\/"},"modified":"2023-12-12T10:51:06","modified_gmt":"2023-12-12T09:51:06","slug":"trixie-dog-activity-gamble-box","status":"publish","type":"product","link":"https:\/\/all-pets.de\/shop\/produkt\/trixie-dog-activity-gamble-box\/","title":{"rendered":"Trixie Dog Activity Gamble Box"},"content":{"rendered":"<p>Die Gamble Box ist eine Box mit zwei Schubladen und einem weiteren Fach in der Mitte. Dort werden kleine Leckerlis versteckt, die Ihr Hund versucht aufzusp\u00fcren. <BR><BR>Mit ein bisschen \u00dcbung gelingt es ihm, die Schubladen mit den seitlichen Schlaufen bzw. das obere Fach mit Hilfe des Kugelgriffs zu \u00f6ffnen und sich seine Belohnung zu erobern. In dem beiliegenden \u00dcbungsheft erhalten Sie viele Tipps und Tricks, wie Sie das Training f\u00fcr Ihren Hund optimal und mit viel Freude gestalten.<\/p>\n","protected":false},"excerpt":{"rendered":"<p>Die Gamble Box ist eine Box mit zwei Schubladen und einem weiteren Fach in der Mitte. Dort werden kleine Leckerlis versteckt, die Ihr Hund versucht aufzusp\u00fcren. Mit ein bisschen \u00dcbung gelingt es ihm, die Schubladen mit den seitlichen Schlaufen bzw. das obere Fach mit Hilfe des Kugelgriffs zu \u00f6ffnen und sich seine Belohnung zu erobern. [&hellip;]<\/p>\n","protected":false},"featured_media":27251,"comment_status":"closed","ping_status":"open","template":"","meta":[],"product_cat":[13793],"product_tag":[],"class_list":{"0":"post-46166","1":"product","2":"type-product","3":"status-publish","4":"has-post-thumbnail","6":"product_cat-intelligenz","8":"first","9":"instock","10":"taxable","11":"shipping-taxable","12":"purchasable","13":"product-type-simple"},"_links":{"self":[{"href":"https:\/\/all-pets.de\/shop\/wp-json\/wp\/v2\/product\/46166","targetHints":{"allow":["GET"]}}],"collection":[{"href":"https:\/\/all-pets.de\/shop\/wp-json\/wp\/v2\/product"}],"about":[{"href":"https:\/\/all-pets.de\/shop\/wp-json\/wp\/v2\/types\/product"}],"replies":[{"embeddable":true,"href":"https:\/\/all-pets.de\/shop\/wp-json\/wp\/v2\/comments?post=46166"}],"wp:featuredmedia":[{"embeddable":true,"href":"https:\/\/all-pets.de\/shop\/wp-json\/wp\/v2\/media\/27251"}],"wp:attachment":[{"href":"https:\/\/all-pets.de\/shop\/wp-json\/wp\/v2\/media?parent=46166"}],"wp:term":[{"taxonomy":"product_cat","embeddable":true,"href":"https:\/\/all-pets.de\/shop\/wp-json\/wp\/v2\/product_cat?post=46166"},{"taxonomy":"product_tag","embeddable":true,"href":"https:\/\/all-pets.de\/shop\/wp-json\/wp\/v2\/product_tag?post=46166"}],"curies":[{"name":"wp","href":"https:\/\/api.w.org\/{rel}","templated":true}]}}