{"id":46167,"date":"2023-12-12T10:51:04","date_gmt":"2023-12-12T09:51:04","guid":{"rendered":"https:\/\/pet-shopping.de\/shop\/produkt\/trixie-dog-activity-poker-box-1\/"},"modified":"2023-12-12T10:51:06","modified_gmt":"2023-12-12T09:51:06","slug":"trixie-dog-activity-poker-box-1","status":"publish","type":"product","link":"https:\/\/all-pets.de\/shop\/produkt\/trixie-dog-activity-poker-box-1\/","title":{"rendered":"Trixie Dog Activity Poker Box 1"},"content":{"rendered":"<p>Hunde sind sehr intelligente und wissbegierige Tiere. Sie wollen nicht nur k\u00f6rperlich durch Spiele und Training besch\u00e4ftigt und neu herausgefordert werden, sondern auch geistig. <\/p>\n<p>Die Poker Box 1 ist ein besonderes Spielzeug, das Spa\u00df und Strategie miteinander verbindet. In die Spielbox sind vier F\u00e4cher eingearbeitet, die sich auf unterschiedliche Arten \u00f6ffnen lassen. In diesen werden Leckerlies versteckt, die Ihr Hund versucht aufzusp\u00fcren. Mit ein bisschen \u00dcbung gelingt es ihm, die F\u00e4cher zu \u00f6ffnen und so an das Leckerlie heranzukommen.<\/p>\n<p> <\/p>\n<p>Die Poker Box 1 ist ein anspruchsvolles Spiel und f\u00fcr Hunde jeglichen Alters geeignet. Die rutschfesten Gummif\u00fc\u00dfe sorgen f\u00fcr sicheren Stand. Die Poker Box 1 ist sp\u00fclmaschinengeeignet. Im Lieferumfang ist ein \u00dcbungsheft mit vielen Tipps und Tricks enthalten, wie Sie das Training f\u00fcr Ihren Hund optimal und mit viel Freude gestalten.<\/p>\n<p> <\/p>\n<p> Ma\u00dfe: ca. 31 x 10 x 31 cm<\/p>\n","protected":false},"excerpt":{"rendered":"<p>Hunde sind sehr intelligente und wissbegierige Tiere. Sie wollen nicht nur k\u00f6rperlich durch Spiele und Training besch\u00e4ftigt und neu herausgefordert werden, sondern auch geistig. Die Poker Box 1 ist ein besonderes Spielzeug, das Spa\u00df und Strategie miteinander verbindet. In die Spielbox sind vier F\u00e4cher eingearbeitet, die sich auf unterschiedliche Arten \u00f6ffnen lassen. In diesen werden [&hellip;]<\/p>\n","protected":false},"featured_media":27255,"comment_status":"closed","ping_status":"open","template":"","meta":[],"product_cat":[13793],"product_tag":[],"class_list":{"0":"post-46167","1":"product","2":"type-product","3":"status-publish","4":"has-post-thumbnail","6":"product_cat-intelligenz","8":"first","9":"instock","10":"taxable","11":"shipping-taxable","12":"purchasable","13":"product-type-simple"},"_links":{"self":[{"href":"https:\/\/all-pets.de\/shop\/wp-json\/wp\/v2\/product\/46167","targetHints":{"allow":["GET"]}}],"collection":[{"href":"https:\/\/all-pets.de\/shop\/wp-json\/wp\/v2\/product"}],"about":[{"href":"https:\/\/all-pets.de\/shop\/wp-json\/wp\/v2\/types\/product"}],"replies":[{"embeddable":true,"href":"https:\/\/all-pets.de\/shop\/wp-json\/wp\/v2\/comments?post=46167"}],"wp:featuredmedia":[{"embeddable":true,"href":"https:\/\/all-pets.de\/shop\/wp-json\/wp\/v2\/media\/27255"}],"wp:attachment":[{"href":"https:\/\/all-pets.de\/shop\/wp-json\/wp\/v2\/media?parent=46167"}],"wp:term":[{"taxonomy":"product_cat","embeddable":true,"href":"https:\/\/all-pets.de\/shop\/wp-json\/wp\/v2\/product_cat?post=46167"},{"taxonomy":"product_tag","embeddable":true,"href":"https:\/\/all-pets.de\/shop\/wp-json\/wp\/v2\/product_tag?post=46167"}],"curies":[{"name":"wp","href":"https:\/\/api.w.org\/{rel}","templated":true}]}}