{"id":46169,"date":"2023-12-12T10:51:04","date_gmt":"2023-12-12T09:51:04","guid":{"rendered":"https:\/\/pet-shopping.de\/shop\/produkt\/trixie-spielmaus-im-gitterball\/"},"modified":"2023-12-12T10:51:06","modified_gmt":"2023-12-12T09:51:06","slug":"trixie-spielmaus-im-gitterball","status":"publish","type":"product","link":"https:\/\/all-pets.de\/shop\/produkt\/trixie-spielmaus-im-gitterball\/","title":{"rendered":"Trixie Spielmaus im Gitterball"},"content":{"rendered":"<p>Die lustige Pl\u00fcschmaus im Gitterball ist mit einer Schelle best\u00fcckt und eignet sich toll zum Jagen und Spielen.<\/p>\n<p>Gr\u00f6\u00dfe: ca. 6 cm<br \/> 1 St\u00fcck<\/p>\n<p>Diverse Farben. Eine Farbwahl ist leider nicht m\u00f6glich, da die Farbe je nach Lagerbestand gew\u00e4hlt wird. <\/p>\n","protected":false},"excerpt":{"rendered":"<p>Die lustige Pl\u00fcschmaus im Gitterball ist mit einer Schelle best\u00fcckt und eignet sich toll zum Jagen und Spielen. Gr\u00f6\u00dfe: ca. 6 cm 1 St\u00fcck Diverse Farben. Eine Farbwahl ist leider nicht m\u00f6glich, da die Farbe je nach Lagerbestand gew\u00e4hlt wird.<\/p>\n","protected":false},"featured_media":2415,"comment_status":"closed","ping_status":"open","template":"","meta":[],"product_cat":[13752],"product_tag":[],"class_list":{"0":"post-46169","1":"product","2":"type-product","3":"status-publish","4":"has-post-thumbnail","6":"product_cat-katzenspielmaeuse-katzenspielzeug","8":"first","9":"instock","10":"taxable","11":"shipping-taxable","12":"purchasable","13":"product-type-simple"},"_links":{"self":[{"href":"https:\/\/all-pets.de\/shop\/wp-json\/wp\/v2\/product\/46169","targetHints":{"allow":["GET"]}}],"collection":[{"href":"https:\/\/all-pets.de\/shop\/wp-json\/wp\/v2\/product"}],"about":[{"href":"https:\/\/all-pets.de\/shop\/wp-json\/wp\/v2\/types\/product"}],"replies":[{"embeddable":true,"href":"https:\/\/all-pets.de\/shop\/wp-json\/wp\/v2\/comments?post=46169"}],"wp:featuredmedia":[{"embeddable":true,"href":"https:\/\/all-pets.de\/shop\/wp-json\/wp\/v2\/media\/2415"}],"wp:attachment":[{"href":"https:\/\/all-pets.de\/shop\/wp-json\/wp\/v2\/media?parent=46169"}],"wp:term":[{"taxonomy":"product_cat","embeddable":true,"href":"https:\/\/all-pets.de\/shop\/wp-json\/wp\/v2\/product_cat?post=46169"},{"taxonomy":"product_tag","embeddable":true,"href":"https:\/\/all-pets.de\/shop\/wp-json\/wp\/v2\/product_tag?post=46169"}],"curies":[{"name":"wp","href":"https:\/\/api.w.org\/{rel}","templated":true}]}}