{"id":46170,"date":"2023-12-12T10:51:04","date_gmt":"2023-12-12T09:51:04","guid":{"rendered":"https:\/\/pet-shopping.de\/shop\/produkt\/trixie-latex-figur-6-9-cm\/"},"modified":"2023-12-12T10:51:06","modified_gmt":"2023-12-12T09:51:06","slug":"trixie-latex-figur-6-9-cm","status":"publish","type":"product","link":"https:\/\/all-pets.de\/shop\/produkt\/trixie-latex-figur-6-9-cm\/","title":{"rendered":"Trixie Latex-Figur &#8211; 6-9 cm"},"content":{"rendered":"<ul>\n<li>Latex<\/li>\n<li>mit Stimme<\/li>\n<li>diverse Figuren (Eine Motivwahl ist leider nicht m\u00f6glich, da die Variante je nach Lagerbestand gew\u00e4hlt wird.)<\/li>\n<li>Ma\u00dfe: ca. 6 \u2013 9 cm<\/li>\n<\/ul>\n","protected":false},"excerpt":{"rendered":"<p>Latex mit Stimme diverse Figuren (Eine Motivwahl ist leider nicht m\u00f6glich, da die Variante je nach Lagerbestand gew\u00e4hlt wird.) Ma\u00dfe: ca. 6 \u2013 9 cm<\/p>\n","protected":false},"featured_media":46171,"comment_status":"closed","ping_status":"open","template":"","meta":[],"product_cat":[13748],"product_tag":[],"class_list":{"0":"post-46170","1":"product","2":"type-product","3":"status-publish","4":"has-post-thumbnail","6":"product_cat-squeeker","8":"first","9":"instock","10":"taxable","11":"shipping-taxable","12":"purchasable","13":"product-type-simple"},"_links":{"self":[{"href":"https:\/\/all-pets.de\/shop\/wp-json\/wp\/v2\/product\/46170","targetHints":{"allow":["GET"]}}],"collection":[{"href":"https:\/\/all-pets.de\/shop\/wp-json\/wp\/v2\/product"}],"about":[{"href":"https:\/\/all-pets.de\/shop\/wp-json\/wp\/v2\/types\/product"}],"replies":[{"embeddable":true,"href":"https:\/\/all-pets.de\/shop\/wp-json\/wp\/v2\/comments?post=46170"}],"wp:featuredmedia":[{"embeddable":true,"href":"https:\/\/all-pets.de\/shop\/wp-json\/wp\/v2\/media\/46171"}],"wp:attachment":[{"href":"https:\/\/all-pets.de\/shop\/wp-json\/wp\/v2\/media?parent=46170"}],"wp:term":[{"taxonomy":"product_cat","embeddable":true,"href":"https:\/\/all-pets.de\/shop\/wp-json\/wp\/v2\/product_cat?post=46170"},{"taxonomy":"product_tag","embeddable":true,"href":"https:\/\/all-pets.de\/shop\/wp-json\/wp\/v2\/product_tag?post=46170"}],"curies":[{"name":"wp","href":"https:\/\/api.w.org\/{rel}","templated":true}]}}