{"id":46174,"date":"2023-12-12T10:51:04","date_gmt":"2023-12-12T09:51:04","guid":{"rendered":"https:\/\/pet-shopping.de\/shop\/produkt\/trixie-katzentoilette-vico-grau\/"},"modified":"2023-12-12T10:51:07","modified_gmt":"2023-12-12T09:51:07","slug":"trixie-katzentoilette-vico-grau","status":"publish","type":"product","link":"https:\/\/all-pets.de\/shop\/produkt\/trixie-katzentoilette-vico-grau\/","title":{"rendered":"Trixie Katzentoilette Vico &#8211; Grau"},"content":{"rendered":"<ul>\n<li>Katzentoilette Vico mit Haube <\/li>\n<li>Easy Click-Verschl\u00fcsse<\/li>\n<li>Kunststoff<\/li>\n<li>Ma\u00dfe: ca. 40 \u00d7 40 \u00d7 56 cm<\/li>\n<\/ul>\n","protected":false},"excerpt":{"rendered":"<p>Katzentoilette Vico mit Haube Easy Click-Verschl\u00fcsse Kunststoff Ma\u00dfe: ca. 40 \u00d7 40 \u00d7 56 cm<\/p>\n","protected":false},"featured_media":33921,"comment_status":"closed","ping_status":"open","template":"","meta":[],"product_cat":[13941],"product_tag":[],"class_list":{"0":"post-46174","1":"product","2":"type-product","3":"status-publish","4":"has-post-thumbnail","6":"product_cat-katzentoiletten","8":"first","9":"instock","10":"taxable","11":"shipping-taxable","12":"purchasable","13":"product-type-simple"},"_links":{"self":[{"href":"https:\/\/all-pets.de\/shop\/wp-json\/wp\/v2\/product\/46174","targetHints":{"allow":["GET"]}}],"collection":[{"href":"https:\/\/all-pets.de\/shop\/wp-json\/wp\/v2\/product"}],"about":[{"href":"https:\/\/all-pets.de\/shop\/wp-json\/wp\/v2\/types\/product"}],"replies":[{"embeddable":true,"href":"https:\/\/all-pets.de\/shop\/wp-json\/wp\/v2\/comments?post=46174"}],"wp:featuredmedia":[{"embeddable":true,"href":"https:\/\/all-pets.de\/shop\/wp-json\/wp\/v2\/media\/33921"}],"wp:attachment":[{"href":"https:\/\/all-pets.de\/shop\/wp-json\/wp\/v2\/media?parent=46174"}],"wp:term":[{"taxonomy":"product_cat","embeddable":true,"href":"https:\/\/all-pets.de\/shop\/wp-json\/wp\/v2\/product_cat?post=46174"},{"taxonomy":"product_tag","embeddable":true,"href":"https:\/\/all-pets.de\/shop\/wp-json\/wp\/v2\/product_tag?post=46174"}],"curies":[{"name":"wp","href":"https:\/\/api.w.org\/{rel}","templated":true}]}}