{"id":46182,"date":"2023-12-12T10:51:10","date_gmt":"2023-12-12T09:51:10","guid":{"rendered":"https:\/\/pet-shopping.de\/shop\/produkt\/trixie-wasserautomat-bubble-stream\/"},"modified":"2023-12-12T10:51:10","modified_gmt":"2023-12-12T09:51:10","slug":"trixie-wasserautomat-bubble-stream","status":"publish","type":"product","link":"https:\/\/all-pets.de\/shop\/produkt\/trixie-wasserautomat-bubble-stream\/","title":{"rendered":"Trixie Wasserautomat Bubble Stream"},"content":{"rendered":"<div class=\"itemDescriptions\">\n<ul>\n<li>Kunststoff<\/li>\n<li>frisches, sanft sprudelndes Wasser<\/li>\n<li>regt zur h\u00e4ufigeren Wasseraufnahme an<\/li>\n<li>vermindert Ger\u00fcche und sorgt f\u00fcr einen besseren Geschmack<\/li>\n<li>reichert das Wasser mit Sauerstoff an<\/li>\n<li>k\u00fchlt nat\u00fcrlich durch Wasserzirkulation<\/li>\n<li>Aktivkohlefilter sorgt f\u00fcr bessere Wasserqualit\u00e4t (inkl. 2 Ersatzfilter)<\/li>\n<li>transparenter Beh\u00e4lter zur besseren Inhaltskontrolle<\/li>\n<li>ger\u00e4uscharme Pumpe<\/li>\n<li>geringer Stromverbrauch<\/li>\n<\/ul>\n<p>Inhalt: 3 l<br \/> Farbe: blau\/weiss<\/p>\n<p>Passende Ersatzfilter finden Sie unter der Art.-Nr. 24465-TRXI<\/p>\n<\/div>\n","protected":false},"excerpt":{"rendered":"<p>Kunststoff frisches, sanft sprudelndes Wasser regt zur h\u00e4ufigeren Wasseraufnahme an vermindert Ger\u00fcche und sorgt f\u00fcr einen besseren Geschmack reichert das Wasser mit Sauerstoff an k\u00fchlt nat\u00fcrlich durch Wasserzirkulation Aktivkohlefilter sorgt f\u00fcr bessere Wasserqualit\u00e4t (inkl. 2 Ersatzfilter) transparenter Beh\u00e4lter zur besseren Inhaltskontrolle ger\u00e4uscharme Pumpe geringer Stromverbrauch Inhalt: 3 l Farbe: blau\/weiss Passende Ersatzfilter finden Sie unter [&hellip;]<\/p>\n","protected":false},"featured_media":33724,"comment_status":"closed","ping_status":"open","template":"","meta":[],"product_cat":[13904],"product_tag":[],"class_list":{"0":"post-46182","1":"product","2":"type-product","3":"status-publish","4":"has-post-thumbnail","6":"product_cat-futterspender-traenken-hundenaepfe-traenken-katzentraenken-trinkbrunnenhundewelt","8":"first","9":"instock","10":"taxable","11":"shipping-taxable","12":"purchasable","13":"product-type-simple"},"_links":{"self":[{"href":"https:\/\/all-pets.de\/shop\/wp-json\/wp\/v2\/product\/46182","targetHints":{"allow":["GET"]}}],"collection":[{"href":"https:\/\/all-pets.de\/shop\/wp-json\/wp\/v2\/product"}],"about":[{"href":"https:\/\/all-pets.de\/shop\/wp-json\/wp\/v2\/types\/product"}],"replies":[{"embeddable":true,"href":"https:\/\/all-pets.de\/shop\/wp-json\/wp\/v2\/comments?post=46182"}],"wp:featuredmedia":[{"embeddable":true,"href":"https:\/\/all-pets.de\/shop\/wp-json\/wp\/v2\/media\/33724"}],"wp:attachment":[{"href":"https:\/\/all-pets.de\/shop\/wp-json\/wp\/v2\/media?parent=46182"}],"wp:term":[{"taxonomy":"product_cat","embeddable":true,"href":"https:\/\/all-pets.de\/shop\/wp-json\/wp\/v2\/product_cat?post=46182"},{"taxonomy":"product_tag","embeddable":true,"href":"https:\/\/all-pets.de\/shop\/wp-json\/wp\/v2\/product_tag?post=46182"}],"curies":[{"name":"wp","href":"https:\/\/api.w.org\/{rel}","templated":true}]}}