{"id":46184,"date":"2023-12-12T10:51:10","date_gmt":"2023-12-12T09:51:10","guid":{"rendered":"https:\/\/pet-shopping.de\/shop\/produkt\/trixie-futterhaus-mit-staender\/"},"modified":"2023-12-12T10:51:10","modified_gmt":"2023-12-12T09:51:10","slug":"trixie-futterhaus-mit-staender","status":"publish","type":"product","link":"https:\/\/all-pets.de\/shop\/produkt\/trixie-futterhaus-mit-staender\/","title":{"rendered":"Trixie Futterhaus mit St\u00e4nder"},"content":{"rendered":"<ul>\n<li>Silo h\u00e4lt das Futter trocken und sauber<\/li>\n<li>aus lasiertem Kiefernholz<\/li>\n<li>mit Dach\u00fcberstand<\/li>\n<li>mit besandeter Dachpappe<\/li>\n<li>m\u00fchelos zu bef\u00fcllen durch abnehmbaren Deckel<\/li>\n<li>mit gro\u00dfer Landefl\u00e4che<\/li>\n<\/ul>\n<p>Ma\u00dfe: 54 x 40 x 48 cm<br \/> H\u00f6he: 1,07 m<\/p>\n","protected":false},"excerpt":{"rendered":"<p>Silo h\u00e4lt das Futter trocken und sauber aus lasiertem Kiefernholz mit Dach\u00fcberstand mit besandeter Dachpappe m\u00fchelos zu bef\u00fcllen durch abnehmbaren Deckel mit gro\u00dfer Landefl\u00e4che Ma\u00dfe: 54 x 40 x 48 cm H\u00f6he: 1,07 m<\/p>\n","protected":false},"featured_media":33750,"comment_status":"closed","ping_status":"open","template":"","meta":[],"product_cat":[13813],"product_tag":[],"class_list":{"0":"post-46184","1":"product","2":"type-product","3":"status-publish","4":"has-post-thumbnail","6":"product_cat-futterhaeuser-nistkaesten","8":"first","9":"instock","10":"taxable","11":"shipping-taxable","12":"purchasable","13":"product-type-simple"},"_links":{"self":[{"href":"https:\/\/all-pets.de\/shop\/wp-json\/wp\/v2\/product\/46184","targetHints":{"allow":["GET"]}}],"collection":[{"href":"https:\/\/all-pets.de\/shop\/wp-json\/wp\/v2\/product"}],"about":[{"href":"https:\/\/all-pets.de\/shop\/wp-json\/wp\/v2\/types\/product"}],"replies":[{"embeddable":true,"href":"https:\/\/all-pets.de\/shop\/wp-json\/wp\/v2\/comments?post=46184"}],"wp:featuredmedia":[{"embeddable":true,"href":"https:\/\/all-pets.de\/shop\/wp-json\/wp\/v2\/media\/33750"}],"wp:attachment":[{"href":"https:\/\/all-pets.de\/shop\/wp-json\/wp\/v2\/media?parent=46184"}],"wp:term":[{"taxonomy":"product_cat","embeddable":true,"href":"https:\/\/all-pets.de\/shop\/wp-json\/wp\/v2\/product_cat?post=46184"},{"taxonomy":"product_tag","embeddable":true,"href":"https:\/\/all-pets.de\/shop\/wp-json\/wp\/v2\/product_tag?post=46184"}],"curies":[{"name":"wp","href":"https:\/\/api.w.org\/{rel}","templated":true}]}}