{"id":46189,"date":"2023-12-12T10:51:10","date_gmt":"2023-12-12T09:51:10","guid":{"rendered":"https:\/\/pet-shopping.de\/shop\/produkt\/trixie-kuschelhoehle-fuer-regal\/"},"modified":"2023-12-12T10:51:11","modified_gmt":"2023-12-12T09:51:11","slug":"trixie-kuschelhoehle-fuer-regal","status":"publish","type":"product","link":"https:\/\/all-pets.de\/shop\/produkt\/trixie-kuschelhoehle-fuer-regal\/","title":{"rendered":"Trixie Kuschelh\u00f6hle f\u00fcr Regal"},"content":{"rendered":"<div class=\"\" \"\"\\\"\"itemdescriptions\\\"\"\"\"\"\"\"\"=\"\"\"\">\n<ul>\n<li>mit Pl\u00fcsch-Bezug <\/li>\n<li>passend f\u00fcr z. B. IKEA Kallax oder Expedit Regale<\/li>\n<li>mit Wendekissen<\/li>\n<li>Kissen-Bezug: Maschinenw\u00e4sche bis 30 \u00b0C\/Inlett: Handw\u00e4sche<\/li>\n<li>Farbe: lichtgrau<\/li>\n<\/ul>\n<p>Ma\u00dfe: 37 x 33 x 33 cm (die Seite mit Katzenkopf ist 33 x 33 cm)<\/p>\n<\/div>\n<p>&#8222;<\/p>\n","protected":false},"excerpt":{"rendered":"<p>mit Pl\u00fcsch-Bezug passend f\u00fcr z. B. IKEA Kallax oder Expedit Regale mit Wendekissen Kissen-Bezug: Maschinenw\u00e4sche bis 30 \u00b0C\/Inlett: Handw\u00e4sche Farbe: lichtgrau Ma\u00dfe: 37 x 33 x 33 cm (die Seite mit Katzenkopf ist 33 x 33 cm) &#8222;<\/p>\n","protected":false},"featured_media":33247,"comment_status":"closed","ping_status":"open","template":"","meta":[],"product_cat":[13705],"product_tag":[],"class_list":{"0":"post-46189","1":"product","2":"type-product","3":"status-publish","4":"has-post-thumbnail","6":"product_cat-haeuser-hoehlen","8":"first","9":"instock","10":"taxable","11":"shipping-taxable","12":"purchasable","13":"product-type-simple"},"_links":{"self":[{"href":"https:\/\/all-pets.de\/shop\/wp-json\/wp\/v2\/product\/46189","targetHints":{"allow":["GET"]}}],"collection":[{"href":"https:\/\/all-pets.de\/shop\/wp-json\/wp\/v2\/product"}],"about":[{"href":"https:\/\/all-pets.de\/shop\/wp-json\/wp\/v2\/types\/product"}],"replies":[{"embeddable":true,"href":"https:\/\/all-pets.de\/shop\/wp-json\/wp\/v2\/comments?post=46189"}],"wp:featuredmedia":[{"embeddable":true,"href":"https:\/\/all-pets.de\/shop\/wp-json\/wp\/v2\/media\/33247"}],"wp:attachment":[{"href":"https:\/\/all-pets.de\/shop\/wp-json\/wp\/v2\/media?parent=46189"}],"wp:term":[{"taxonomy":"product_cat","embeddable":true,"href":"https:\/\/all-pets.de\/shop\/wp-json\/wp\/v2\/product_cat?post=46189"},{"taxonomy":"product_tag","embeddable":true,"href":"https:\/\/all-pets.de\/shop\/wp-json\/wp\/v2\/product_tag?post=46189"}],"curies":[{"name":"wp","href":"https:\/\/api.w.org\/{rel}","templated":true}]}}