{"id":46190,"date":"2023-12-12T10:51:10","date_gmt":"2023-12-12T09:51:10","guid":{"rendered":"https:\/\/pet-shopping.de\/shop\/produkt\/trixie-igelhotel\/"},"modified":"2023-12-12T10:51:11","modified_gmt":"2023-12-12T09:51:11","slug":"trixie-igelhotel","status":"publish","type":"product","link":"https:\/\/all-pets.de\/shop\/produkt\/trixie-igelhotel\/","title":{"rendered":"Trixie Igelhotel"},"content":{"rendered":"<ul>\n<li>aus lasiertem Kiefernholz<\/li>\n<li>ganzj\u00e4hriger Unterschlupf im Garten<\/li>\n<li>Labyrinth-Eingang zum Schutz vor Eindringlingen<\/li>\n<li>Dach mit besandeter Dachpappe<\/li>\n<\/ul>\n<p>Gr\u00f6\u00dfe: 37 x 26 x 35 cm<\/p>\n","protected":false},"excerpt":{"rendered":"<p>aus lasiertem Kiefernholz ganzj\u00e4hriger Unterschlupf im Garten Labyrinth-Eingang zum Schutz vor Eindringlingen Dach mit besandeter Dachpappe Gr\u00f6\u00dfe: 37 x 26 x 35 cm<\/p>\n","protected":false},"featured_media":33263,"comment_status":"closed","ping_status":"open","template":"","meta":[],"product_cat":[14331],"product_tag":[],"class_list":{"0":"post-46190","1":"product","2":"type-product","3":"status-publish","4":"has-post-thumbnail","6":"product_cat-aussenstaelle-ausstattung-zubehoerkleintierwelt","8":"first","9":"instock","10":"taxable","11":"shipping-taxable","12":"purchasable","13":"product-type-simple"},"_links":{"self":[{"href":"https:\/\/all-pets.de\/shop\/wp-json\/wp\/v2\/product\/46190","targetHints":{"allow":["GET"]}}],"collection":[{"href":"https:\/\/all-pets.de\/shop\/wp-json\/wp\/v2\/product"}],"about":[{"href":"https:\/\/all-pets.de\/shop\/wp-json\/wp\/v2\/types\/product"}],"replies":[{"embeddable":true,"href":"https:\/\/all-pets.de\/shop\/wp-json\/wp\/v2\/comments?post=46190"}],"wp:featuredmedia":[{"embeddable":true,"href":"https:\/\/all-pets.de\/shop\/wp-json\/wp\/v2\/media\/33263"}],"wp:attachment":[{"href":"https:\/\/all-pets.de\/shop\/wp-json\/wp\/v2\/media?parent=46190"}],"wp:term":[{"taxonomy":"product_cat","embeddable":true,"href":"https:\/\/all-pets.de\/shop\/wp-json\/wp\/v2\/product_cat?post=46190"},{"taxonomy":"product_tag","embeddable":true,"href":"https:\/\/all-pets.de\/shop\/wp-json\/wp\/v2\/product_tag?post=46190"}],"curies":[{"name":"wp","href":"https:\/\/api.w.org\/{rel}","templated":true}]}}