{"id":46194,"date":"2023-12-12T10:51:10","date_gmt":"2023-12-12T09:51:10","guid":{"rendered":"https:\/\/pet-shopping.de\/shop\/produkt\/trixie-kratzbaum-juana\/"},"modified":"2023-12-12T10:51:11","modified_gmt":"2023-12-12T09:51:11","slug":"trixie-kratzbaum-juana","status":"publish","type":"product","link":"https:\/\/all-pets.de\/shop\/produkt\/trixie-kratzbaum-juana\/","title":{"rendered":"Trixie Kratzbaum Juana"},"content":{"rendered":"<div class=\"itemDescriptions\">\n<ul>\n<li>mit Pl\u00fcsch-Bezug<\/li>\n<li>St\u00e4mme mit Natursisal umwickelt<\/li>\n<li>H\u00f6hle mit Sisalkratzfl\u00e4che, mit 3 Etagen<\/li>\n<li>mit Wendekissen: Handw\u00e4sche<\/li>\n<li>Liegeplatte mit abnehmbarem Kuschelbett<\/li>\n<li>Kuschelbett mit Wendekissen: Handw\u00e4sche<\/li>\n<li>mit Spielzeug am Band<\/li>\n<li>Farbe: taupe\/lichtgrau<\/li>\n<\/ul>\n<p>Grundfl\u00e4che: 57 x 46 cm<br \/> Stammdurchmesser: 11 cm<br \/> H\u00f6he: 134 cm<\/p>\n<\/div>\n","protected":false},"excerpt":{"rendered":"<p>mit Pl\u00fcsch-Bezug St\u00e4mme mit Natursisal umwickelt H\u00f6hle mit Sisalkratzfl\u00e4che, mit 3 Etagen mit Wendekissen: Handw\u00e4sche Liegeplatte mit abnehmbarem Kuschelbett Kuschelbett mit Wendekissen: Handw\u00e4sche mit Spielzeug am Band Farbe: taupe\/lichtgrau Grundfl\u00e4che: 57 x 46 cm Stammdurchmesser: 11 cm H\u00f6he: 134 cm<\/p>\n","protected":false},"featured_media":33252,"comment_status":"closed","ping_status":"open","template":"","meta":[],"product_cat":[14335],"product_tag":[],"class_list":{"0":"post-46194","1":"product","2":"type-product","3":"status-publish","4":"has-post-thumbnail","6":"product_cat-kratzbaeume-moebel-kratztonnenkatzenwelt-kratzbaeume-moebel-bis-175-cmkatzenwelt","8":"first","9":"instock","10":"taxable","11":"shipping-taxable","12":"purchasable","13":"product-type-simple"},"_links":{"self":[{"href":"https:\/\/all-pets.de\/shop\/wp-json\/wp\/v2\/product\/46194","targetHints":{"allow":["GET"]}}],"collection":[{"href":"https:\/\/all-pets.de\/shop\/wp-json\/wp\/v2\/product"}],"about":[{"href":"https:\/\/all-pets.de\/shop\/wp-json\/wp\/v2\/types\/product"}],"replies":[{"embeddable":true,"href":"https:\/\/all-pets.de\/shop\/wp-json\/wp\/v2\/comments?post=46194"}],"wp:featuredmedia":[{"embeddable":true,"href":"https:\/\/all-pets.de\/shop\/wp-json\/wp\/v2\/media\/33252"}],"wp:attachment":[{"href":"https:\/\/all-pets.de\/shop\/wp-json\/wp\/v2\/media?parent=46194"}],"wp:term":[{"taxonomy":"product_cat","embeddable":true,"href":"https:\/\/all-pets.de\/shop\/wp-json\/wp\/v2\/product_cat?post=46194"},{"taxonomy":"product_tag","embeddable":true,"href":"https:\/\/all-pets.de\/shop\/wp-json\/wp\/v2\/product_tag?post=46194"}],"curies":[{"name":"wp","href":"https:\/\/api.w.org\/{rel}","templated":true}]}}