{"id":46197,"date":"2023-12-12T10:51:10","date_gmt":"2023-12-12T09:51:10","guid":{"rendered":"https:\/\/pet-shopping.de\/shop\/produkt\/pet-star-kratztonne-mr-big-double\/"},"modified":"2023-12-12T10:51:13","modified_gmt":"2023-12-12T09:51:13","slug":"pet-star-kratztonne-mr-big-double","status":"publish","type":"product","link":"https:\/\/all-pets.de\/shop\/produkt\/pet-star-kratztonne-mr-big-double\/","title":{"rendered":"Pet-Star Kratztonne Mr. Big Double"},"content":{"rendered":"<p>Gerade f\u00fcr gro\u00dfe und schwere Katzen ist es immer schwer Kratzb\u00e4ume und gem\u00fctliche Liegepl\u00e4tze zu finden, die in der Gr\u00f6\u00dfe ausreichen, so dass die Katze bequem liegen kann. Die doppelst\u00f6ckige Kratztonne Mr. Big Double ist genau auf diese Katzen abgestimmt. <\/p>\n<p>Mit einem Au\u00dfendurchmesser von ca. 45,5 cm ist sie um einiges gr\u00f6\u00dfer, als die meisten anderen Kratztonnen und bietet so nicht nur zwei gro\u00dfe H\u00f6hlen mit einem Eingangsdurchmesser von ca. 20 cm, sondern auch einen gro\u00dfz\u00fcgigen Liegeplatz auf der Oberseite der Tonne (Durchmesser ohne Rand ca. 42 cm). Die beiden H\u00f6hlen sind nicht miteinander verbunden, so dass sich die Tonne auch zwei Katzen bequem teilen k\u00f6nnen.<\/p>\n<p>Damit die Katze gem\u00fctlich schlafen kann ohne die Gefahr im Schlaf herunter zu purzeln, ist dieser Schlafplatz mit einem Rand mit einer H\u00f6he von ca. 10 cm best\u00fcckt. Dabei handelt es sich nicht, wie bei einigen anderen Modellen nur um einen Pl\u00fcschrand, der meist sch\u00f6n weich ist, aber der Katze nicht wirklich Stabilit\u00e4t und Halt gibt, sondern um einen Rand mit einem festen stabilen Kern, der sich nicht einfach verformen kann. In jeder H\u00f6hle befindet sich ein herausnehmbares Kissen.<\/p>\n<p>Der Rand, sowie die H\u00f6hleneing\u00e4nge sind mit schwarzem Pl\u00fcsch ausgestattet, w\u00e4hrend die Liegefl\u00e4chen, der Boden der H\u00f6hlen und die beiden Kissen mit einem Stoff mit floralem Muster bezogen sind. Von au\u00dfen ist die Tonne komplett mit Sisal best\u00fcckt, an dem Ihr Stubentiger seine Krallen sch\u00e4rfen kann.<\/p>\n<p>Durchmesser: ca. 45,5 cm<br \/> Gesamth\u00f6he: ca. 80 cm<br \/> H\u00f6he ohne Rand: ca. 69,5 cm <\/p>\n","protected":false},"excerpt":{"rendered":"<p>Gerade f\u00fcr gro\u00dfe und schwere Katzen ist es immer schwer Kratzb\u00e4ume und gem\u00fctliche Liegepl\u00e4tze zu finden, die in der Gr\u00f6\u00dfe ausreichen, so dass die Katze bequem liegen kann. Die doppelst\u00f6ckige Kratztonne Mr. Big Double ist genau auf diese Katzen abgestimmt. Mit einem Au\u00dfendurchmesser von ca. 45,5 cm ist sie um einiges gr\u00f6\u00dfer, als die meisten [&hellip;]<\/p>\n","protected":false},"featured_media":750,"comment_status":"closed","ping_status":"open","template":"","meta":[],"product_cat":[14262],"product_tag":[],"class_list":{"0":"post-46197","1":"product","2":"type-product","3":"status-publish","4":"has-post-thumbnail","6":"product_cat-kratzbaeume-moebel-kratztonnenkatzenwelt","8":"first","9":"instock","10":"taxable","11":"shipping-taxable","12":"purchasable","13":"product-type-simple"},"_links":{"self":[{"href":"https:\/\/all-pets.de\/shop\/wp-json\/wp\/v2\/product\/46197","targetHints":{"allow":["GET"]}}],"collection":[{"href":"https:\/\/all-pets.de\/shop\/wp-json\/wp\/v2\/product"}],"about":[{"href":"https:\/\/all-pets.de\/shop\/wp-json\/wp\/v2\/types\/product"}],"replies":[{"embeddable":true,"href":"https:\/\/all-pets.de\/shop\/wp-json\/wp\/v2\/comments?post=46197"}],"wp:featuredmedia":[{"embeddable":true,"href":"https:\/\/all-pets.de\/shop\/wp-json\/wp\/v2\/media\/750"}],"wp:attachment":[{"href":"https:\/\/all-pets.de\/shop\/wp-json\/wp\/v2\/media?parent=46197"}],"wp:term":[{"taxonomy":"product_cat","embeddable":true,"href":"https:\/\/all-pets.de\/shop\/wp-json\/wp\/v2\/product_cat?post=46197"},{"taxonomy":"product_tag","embeddable":true,"href":"https:\/\/all-pets.de\/shop\/wp-json\/wp\/v2\/product_tag?post=46197"}],"curies":[{"name":"wp","href":"https:\/\/api.w.org\/{rel}","templated":true}]}}