{"id":46198,"date":"2023-12-12T10:51:10","date_gmt":"2023-12-12T09:51:10","guid":{"rendered":"https:\/\/pet-shopping.de\/shop\/produkt\/karlie-ruffus-dental-bouncer-mit-seil\/"},"modified":"2023-12-12T10:51:13","modified_gmt":"2023-12-12T09:51:13","slug":"karlie-ruffus-dental-bouncer-mit-seil","status":"publish","type":"product","link":"https:\/\/all-pets.de\/shop\/produkt\/karlie-ruffus-dental-bouncer-mit-seil\/","title":{"rendered":"Karlie Ruffus Dental Bouncer mit Seil"},"content":{"rendered":"<div class=\"text\" style=\"overflow: auto  height: 95px\">\n<ul>\n<li>Spielzeug aus Gummi mit Baumwollseil<\/li>\n<li>massiert das Zahnfleisch und reinigt die Z\u00e4hne w\u00e4hrend des Spielens und Zerrens<\/li>\n<li>verschiedene Farben<\/li>\n<\/ul>\n<p>Gesamtl\u00e4nge: 38 cm<br \/> Gr\u00f6\u00dfe des Balls: ca. 11 x 7 cm<\/p>\n<p>Eine Farbauswahl ist leider nicht m\u00f6glich. Wir liefern nach Lagerbestand. <\/p>\n<\/div>\n","protected":false},"excerpt":{"rendered":"<p>Spielzeug aus Gummi mit Baumwollseil massiert das Zahnfleisch und reinigt die Z\u00e4hne w\u00e4hrend des Spielens und Zerrens verschiedene Farben Gesamtl\u00e4nge: 38 cm Gr\u00f6\u00dfe des Balls: ca. 11 x 7 cm Eine Farbauswahl ist leider nicht m\u00f6glich. Wir liefern nach Lagerbestand.<\/p>\n","protected":false},"featured_media":35652,"comment_status":"closed","ping_status":"open","template":"","meta":[],"product_cat":[14337],"product_tag":[],"class_list":{"0":"post-46198","1":"product","2":"type-product","3":"status-publish","4":"has-post-thumbnail","6":"product_cat-baumwoll-spielzeug-hundespielzeug-sport-hundewurfspielzeughundewelt-hundespielzeug-sport-zahnpflegespielzeughundewelt","8":"first","9":"instock","10":"taxable","11":"shipping-taxable","12":"purchasable","13":"product-type-simple"},"_links":{"self":[{"href":"https:\/\/all-pets.de\/shop\/wp-json\/wp\/v2\/product\/46198","targetHints":{"allow":["GET"]}}],"collection":[{"href":"https:\/\/all-pets.de\/shop\/wp-json\/wp\/v2\/product"}],"about":[{"href":"https:\/\/all-pets.de\/shop\/wp-json\/wp\/v2\/types\/product"}],"replies":[{"embeddable":true,"href":"https:\/\/all-pets.de\/shop\/wp-json\/wp\/v2\/comments?post=46198"}],"wp:featuredmedia":[{"embeddable":true,"href":"https:\/\/all-pets.de\/shop\/wp-json\/wp\/v2\/media\/35652"}],"wp:attachment":[{"href":"https:\/\/all-pets.de\/shop\/wp-json\/wp\/v2\/media?parent=46198"}],"wp:term":[{"taxonomy":"product_cat","embeddable":true,"href":"https:\/\/all-pets.de\/shop\/wp-json\/wp\/v2\/product_cat?post=46198"},{"taxonomy":"product_tag","embeddable":true,"href":"https:\/\/all-pets.de\/shop\/wp-json\/wp\/v2\/product_tag?post=46198"}],"curies":[{"name":"wp","href":"https:\/\/api.w.org\/{rel}","templated":true}]}}