{"id":46199,"date":"2023-12-12T10:51:10","date_gmt":"2023-12-12T09:51:10","guid":{"rendered":"https:\/\/pet-shopping.de\/shop\/produkt\/feliway-classic-transportspray-60-ml\/"},"modified":"2023-12-12T10:51:13","modified_gmt":"2023-12-12T09:51:13","slug":"feliway-classic-transportspray-60-ml","status":"publish","type":"product","link":"https:\/\/all-pets.de\/shop\/produkt\/feliway-classic-transportspray-60-ml\/","title":{"rendered":"Feliway Classic Transportspray 60 ml"},"content":{"rendered":"<p><span arial,=\"\"\" helvetica,=\"\"\"\" sans-serif =\"\"\"\" font-size:=\"\"\"\" 12px =\"\"\"\" background-color:=\"\"\"\" #ffffff\"\"=\"\"\"\">Hilfe an Ort und Stelle<\/span><\/p>\n<p><span arial,=\"\"\"\" helvetica,=\"\"\"\" sans-serif =\"\"\"\" font-size:=\"\"\"\" 12px =\"\"\"\" background-color:=\"\"\"\" #ffffff\"\"=\"\"\"\">Das FELIWAY Spray erm\u00f6glicht die zielgenaue und komfortable Anwendung auf allen Stellen im Haus, die von Kratzen oder Harnmarkieren betroffen sind. FELIWAY ist dem nat\u00fcrlichen Wohlf\u00fchlpheromon der Katze nachempfunden. Das Spray hilft perfekt, dem Harn- und Kratzmarkieren der Katze punktuell vorzubeugen. Sind bestimmte Stresssituationen im Haus (z.B. Konflikte im Mehrkatzenhaushalt) Ursache f\u00fcr das Kratzen oder Harnmarkieren, wird der Einsatz des Sprays ideal durch den FELIWAY Happy Home Verdampfer unterst\u00fctzt.<br \/> Vorbeugend angewendet hilft es Katzen, sich schneller an neue M\u00f6bel zu gew\u00f6hnen und beugt stressbedingtem Verhalten wie z.B. Kratzen und Harnmarkieren vor.\u00a0<\/span><\/p>\n<p><span arial,=\"\"\"\" helvetica,=\"\"\"\" sans-serif =\"\"\"\" font-size:=\"\"\"\" 12px =\"\"\"\" background-color:=\"\"\"\" #ffffff\"\"=\"\"\"\">Das Wichtigste zu dem FELIWAY Spray im \u00dcberblick: <br \/> &#8211; Eine 60 ml Flasche enth\u00e4lt ca. 400 Pumpst\u00f6\u00dfe (ca. 8 Pumpst\u00f6\u00dfe pro Anwendung) <br \/> &#8211; Von Tier\u00e4rzten entwickelt und empfohlen\u00a0<br \/> <\/span><span arial,=\"\"\"\" helvetica,=\"\"\"\" sans-serif =\"\"\"\" font-size:=\"\"\"\" 12px =\"\"\"\" background-color:=\"\"\"\" #ffffff\"\"=\"\"\"\">&#8211; Reduziert Kratzmarkieren schon nach 7 Tagen um 80% (Pageat, 2003) <br \/> &#8211; Hilft, unerw\u00fcnschtes Verhalten zu kontrollieren <br \/> &#8211; Hilft Katzen sich zuhause zu f\u00fchlen\u00a0<\/span><\/p>\n<p><span arial,=\"\"\"\" helvetica,=\"\"\"\" sans-serif =\"\"\"\" font-size:=\"\"\"\" 12px =\"\"\"\" background-color:=\"\"\"\" #ffffff\"\"=\"\"\"\">Zusammensetzung:<br \/> Analogon der F3-Fraktion des Katzen-Gesichtspheromons 10% Ethanol q.s. 60 ml\u00a0<\/span><\/p>\n<p><span arial,=\"\"\"\" helvetica,=\"\"\"\" sans-serif =\"\"\"\" font-size:=\"\"\"\" 12px =\"\"\"\" background-color:=\"\"\"\" #ffffff\"\"=\"\"\"\">Anwendung:<br \/> Harnmarkieren: Die betroffenen Stellen gr\u00fcndlich mit medizinischem Alkohol oder Wasser reinigen und trocknen lassen. Einmal t\u00e4glich 1 Spr\u00fchsto\u00df FELIWAY aus ca. 10 cm Entfernung auf die betroffene Stelle spr\u00fchen. Nicht in Anwesenheit der Katze spr\u00fchen, da der anf\u00e4ngliche intensive Alkoholgeruch\/ das Spr\u00fchger\u00e4usch die Katze irritiert. Der Alkoholgeruch verfl\u00fcchtigt sich (wie bei Parf\u00fcm) nach wenigen Minuten. <br \/> Die Katze erst in den Raum lassen, wenn die mit FELIWAY bespr\u00fchte Stelle getrocknet ist. T\u00e4glich nachspr\u00fchen um ein erneutes Markieren der Katze zu verhindern. So lange anwenden, bis die Katze an den Stellen mit dem Kinn reibt und eigene Gesichtspheromone setzt.<\/span><\/p>\n<p><span arial,=\"\"\"\" helvetica,=\"\"\"\" sans-serif =\"\"\"\" font-size:=\"\"\"\" 12px =\"\"\"\" background-color:=\"\"\"\" #ffffff\"\"=\"\"\"\">Kratzen: Einmal t\u00e4glich 6 Spr\u00fchst\u00f6\u00dfe FELIWAY auf die betroffene Stelle spr\u00fchen. Nicht in Anwesenheit der Katze spr\u00fchen, da der anf\u00e4ngliche intensive Alkoholgeruch\/ das Spr\u00fchger\u00e4usch die Katze irritiert. Der Alkoholgeruch verfl\u00fcchtigt sich (wie bei Parf\u00fcm) nach wenigen Minuten. Die Katze erst in den Raum lassen, wenn die mit FELIWAY bespr\u00fchte Stelle getrocknet ist. T\u00e4glich nachspr\u00fchen um ein erneutes Kratzmarkieren der Katze zu verhindern. So lange anwenden, bis die Katze an den Stellen mit dem Kinn reibt und eigene Gesichtspheromone setzt.<\/span><\/p>\n<p><span arial,=\"\"\"\" helvetica,=\"\"\"\" sans-serif =\"\"\"\" font-size:=\"\"\"\" 12px =\"\"\"\" background-color:=\"\"\"\" #ffffff\"\"=\"\"\"\">FELIWAY Spray ist ein Umgebungsspray. Nicht direkt auf Katzen spr\u00fchen.<\/span><\/p>\n<p>&#8222;<\/p>\n","protected":false},"excerpt":{"rendered":"","protected":false},"featured_media":46200,"comment_status":"closed","ping_status":"open","template":"","meta":[],"product_cat":[14336],"product_tag":[],"class_list":{"0":"post-46199","1":"product","2":"type-product","3":"status-publish","4":"has-post-thumbnail","6":"product_cat-feliway","8":"first","9":"instock","10":"taxable","11":"shipping-taxable","12":"purchasable","13":"product-type-simple"},"_links":{"self":[{"href":"https:\/\/all-pets.de\/shop\/wp-json\/wp\/v2\/product\/46199","targetHints":{"allow":["GET"]}}],"collection":[{"href":"https:\/\/all-pets.de\/shop\/wp-json\/wp\/v2\/product"}],"about":[{"href":"https:\/\/all-pets.de\/shop\/wp-json\/wp\/v2\/types\/product"}],"replies":[{"embeddable":true,"href":"https:\/\/all-pets.de\/shop\/wp-json\/wp\/v2\/comments?post=46199"}],"wp:featuredmedia":[{"embeddable":true,"href":"https:\/\/all-pets.de\/shop\/wp-json\/wp\/v2\/media\/46200"}],"wp:attachment":[{"href":"https:\/\/all-pets.de\/shop\/wp-json\/wp\/v2\/media?parent=46199"}],"wp:term":[{"taxonomy":"product_cat","embeddable":true,"href":"https:\/\/all-pets.de\/shop\/wp-json\/wp\/v2\/product_cat?post=46199"},{"taxonomy":"product_tag","embeddable":true,"href":"https:\/\/all-pets.de\/shop\/wp-json\/wp\/v2\/product_tag?post=46199"}],"curies":[{"name":"wp","href":"https:\/\/api.w.org\/{rel}","templated":true}]}}