{"id":46207,"date":"2023-12-12T10:51:15","date_gmt":"2023-12-12T09:51:15","guid":{"rendered":"https:\/\/pet-shopping.de\/shop\/produkt\/trixie-dog-activity-schnueffelbuch\/"},"modified":"2023-12-12T10:51:16","modified_gmt":"2023-12-12T09:51:16","slug":"trixie-dog-activity-schnueffelbuch","status":"publish","type":"product","link":"https:\/\/all-pets.de\/shop\/produkt\/trixie-dog-activity-schnueffelbuch\/","title":{"rendered":"Trixie Dog Activity Schn\u00fcffelbuch"},"content":{"rendered":"<ul>\n<li>mit unterschiedlich gro\u00dfen Fleece-Lagen<\/li>\n<li>kann auch f\u00fcr die t\u00e4gliche Trockenfuttergabe genutzt werden<\/li>\n<li>verhindert das Schlingen bei der Futteraufnahme<\/li>\n<li>herausnehmbare Kunststoffplatte verhindert Verkn\u00fcllen<\/li>\n<li>Polyester<\/li>\n<li>inkl. Trainingsanleitung<\/li>\n<li>Ma\u00dfe: ca. 50 \u00d7 34 cm<\/li>\n<\/ul>\n","protected":false},"excerpt":{"rendered":"<p>mit unterschiedlich gro\u00dfen Fleece-Lagen kann auch f\u00fcr die t\u00e4gliche Trockenfuttergabe genutzt werden verhindert das Schlingen bei der Futteraufnahme herausnehmbare Kunststoffplatte verhindert Verkn\u00fcllen Polyester inkl. Trainingsanleitung Ma\u00dfe: ca. 50 \u00d7 34 cm<\/p>\n","protected":false},"featured_media":46208,"comment_status":"closed","ping_status":"open","template":"","meta":[],"product_cat":[13793],"product_tag":[],"class_list":{"0":"post-46207","1":"product","2":"type-product","3":"status-publish","4":"has-post-thumbnail","6":"product_cat-intelligenz","8":"first","9":"instock","10":"taxable","11":"shipping-taxable","12":"purchasable","13":"product-type-simple"},"_links":{"self":[{"href":"https:\/\/all-pets.de\/shop\/wp-json\/wp\/v2\/product\/46207","targetHints":{"allow":["GET"]}}],"collection":[{"href":"https:\/\/all-pets.de\/shop\/wp-json\/wp\/v2\/product"}],"about":[{"href":"https:\/\/all-pets.de\/shop\/wp-json\/wp\/v2\/types\/product"}],"replies":[{"embeddable":true,"href":"https:\/\/all-pets.de\/shop\/wp-json\/wp\/v2\/comments?post=46207"}],"wp:featuredmedia":[{"embeddable":true,"href":"https:\/\/all-pets.de\/shop\/wp-json\/wp\/v2\/media\/46208"}],"wp:attachment":[{"href":"https:\/\/all-pets.de\/shop\/wp-json\/wp\/v2\/media?parent=46207"}],"wp:term":[{"taxonomy":"product_cat","embeddable":true,"href":"https:\/\/all-pets.de\/shop\/wp-json\/wp\/v2\/product_cat?post=46207"},{"taxonomy":"product_tag","embeddable":true,"href":"https:\/\/all-pets.de\/shop\/wp-json\/wp\/v2\/product_tag?post=46207"}],"curies":[{"name":"wp","href":"https:\/\/api.w.org\/{rel}","templated":true}]}}