{"id":46212,"date":"2023-12-12T10:51:15","date_gmt":"2023-12-12T09:51:15","guid":{"rendered":"https:\/\/pet-shopping.de\/shop\/produkt\/trixie-patchwork-decke-blau-gruen-80-x-55-cm\/"},"modified":"2023-12-12T10:51:16","modified_gmt":"2023-12-12T09:51:16","slug":"trixie-patchwork-decke-blau-gruen-80-x-55-cm","status":"publish","type":"product","link":"https:\/\/all-pets.de\/shop\/produkt\/trixie-patchwork-decke-blau-gruen-80-x-55-cm\/","title":{"rendered":"Trixie Patchwork-Decke &#8211; blau\/gr\u00fcn, 80 x 55 cm"},"content":{"rendered":"<div class=\"itemDescriptions\">\n<div class=\"itemDescriptions\">\n<ul>\n<li>Mikrofaser<\/li>\n<li>Polyester-Bezug<\/li>\n<li>Polyestervlies-F\u00fcllung<\/li>\n<li>gesteppt<\/li>\n<li>warme und weiche Liegefl\u00e4che auf kalten und harten B\u00f6den<\/li>\n<li>rutschfester Boden<\/li>\n<\/ul>\n<p>Farbe: blau\/gr\u00fcn<br \/> Gr\u00f6\u00dfe: ca. 80 x 55 cm<\/p>\n<p>Handw\u00e4sche <\/p>\n<\/div>\n<\/div>\n","protected":false},"excerpt":{"rendered":"<p>Mikrofaser Polyester-Bezug Polyestervlies-F\u00fcllung gesteppt warme und weiche Liegefl\u00e4che auf kalten und harten B\u00f6den rutschfester Boden Farbe: blau\/gr\u00fcn Gr\u00f6\u00dfe: ca. 80 x 55 cm Handw\u00e4sche<\/p>\n","protected":false},"featured_media":16200,"comment_status":"closed","ping_status":"open","template":"","meta":[],"product_cat":[14345],"product_tag":[],"class_list":{"0":"post-46212","1":"product","2":"type-product","3":"status-publish","4":"has-post-thumbnail","6":"product_cat-hundebetten-hundekissen","8":"first","9":"instock","10":"taxable","11":"shipping-taxable","12":"purchasable","13":"product-type-simple"},"_links":{"self":[{"href":"https:\/\/all-pets.de\/shop\/wp-json\/wp\/v2\/product\/46212","targetHints":{"allow":["GET"]}}],"collection":[{"href":"https:\/\/all-pets.de\/shop\/wp-json\/wp\/v2\/product"}],"about":[{"href":"https:\/\/all-pets.de\/shop\/wp-json\/wp\/v2\/types\/product"}],"replies":[{"embeddable":true,"href":"https:\/\/all-pets.de\/shop\/wp-json\/wp\/v2\/comments?post=46212"}],"wp:featuredmedia":[{"embeddable":true,"href":"https:\/\/all-pets.de\/shop\/wp-json\/wp\/v2\/media\/16200"}],"wp:attachment":[{"href":"https:\/\/all-pets.de\/shop\/wp-json\/wp\/v2\/media?parent=46212"}],"wp:term":[{"taxonomy":"product_cat","embeddable":true,"href":"https:\/\/all-pets.de\/shop\/wp-json\/wp\/v2\/product_cat?post=46212"},{"taxonomy":"product_tag","embeddable":true,"href":"https:\/\/all-pets.de\/shop\/wp-json\/wp\/v2\/product_tag?post=46212"}],"curies":[{"name":"wp","href":"https:\/\/api.w.org\/{rel}","templated":true}]}}