{"id":46213,"date":"2023-12-12T10:51:15","date_gmt":"2023-12-12T09:51:15","guid":{"rendered":"https:\/\/pet-shopping.de\/shop\/produkt\/trixie-schwein-mit-sternen\/"},"modified":"2023-12-12T10:51:17","modified_gmt":"2023-12-12T09:51:17","slug":"trixie-schwein-mit-sternen","status":"publish","type":"product","link":"https:\/\/all-pets.de\/shop\/produkt\/trixie-schwein-mit-sternen\/","title":{"rendered":"Trixie Schwein mit Sternen"},"content":{"rendered":"<div class=\"itemDescriptions\">\n<ul>\n<li>Latex<\/li>\n<li>mit Stimme (Grunzlaute) <\/li>\n<\/ul>\n<p>Gr\u00f6\u00dfe: ca. 16 cm<\/p>\n<p>Eine Farbwahl ist leider nicht m\u00f6glich. Geliefert wird nach Lagerbestand. <\/p>\n<\/div>\n","protected":false},"excerpt":{"rendered":"<p>Latex mit Stimme (Grunzlaute) Gr\u00f6\u00dfe: ca. 16 cm Eine Farbwahl ist leider nicht m\u00f6glich. Geliefert wird nach Lagerbestand.<\/p>\n","protected":false},"featured_media":22840,"comment_status":"closed","ping_status":"open","template":"","meta":[],"product_cat":[13748],"product_tag":[],"class_list":{"0":"post-46213","1":"product","2":"type-product","3":"status-publish","4":"has-post-thumbnail","6":"product_cat-squeeker","8":"first","9":"instock","10":"taxable","11":"shipping-taxable","12":"purchasable","13":"product-type-simple"},"_links":{"self":[{"href":"https:\/\/all-pets.de\/shop\/wp-json\/wp\/v2\/product\/46213","targetHints":{"allow":["GET"]}}],"collection":[{"href":"https:\/\/all-pets.de\/shop\/wp-json\/wp\/v2\/product"}],"about":[{"href":"https:\/\/all-pets.de\/shop\/wp-json\/wp\/v2\/types\/product"}],"replies":[{"embeddable":true,"href":"https:\/\/all-pets.de\/shop\/wp-json\/wp\/v2\/comments?post=46213"}],"wp:featuredmedia":[{"embeddable":true,"href":"https:\/\/all-pets.de\/shop\/wp-json\/wp\/v2\/media\/22840"}],"wp:attachment":[{"href":"https:\/\/all-pets.de\/shop\/wp-json\/wp\/v2\/media?parent=46213"}],"wp:term":[{"taxonomy":"product_cat","embeddable":true,"href":"https:\/\/all-pets.de\/shop\/wp-json\/wp\/v2\/product_cat?post=46213"},{"taxonomy":"product_tag","embeddable":true,"href":"https:\/\/all-pets.de\/shop\/wp-json\/wp\/v2\/product_tag?post=46213"}],"curies":[{"name":"wp","href":"https:\/\/api.w.org\/{rel}","templated":true}]}}