{"id":46214,"date":"2023-12-12T10:51:15","date_gmt":"2023-12-12T09:51:15","guid":{"rendered":"https:\/\/pet-shopping.de\/shop\/produkt\/trixie-keramiknapf-maus-hamster\/"},"modified":"2023-12-12T10:51:17","modified_gmt":"2023-12-12T09:51:17","slug":"trixie-keramiknapf-maus-hamster","status":"publish","type":"product","link":"https:\/\/all-pets.de\/shop\/produkt\/trixie-keramiknapf-maus-hamster\/","title":{"rendered":"Trixie Keramiknapf Maus\/Hamster"},"content":{"rendered":"<p>Sehr sch\u00f6ner bunter Keramiknapf mit witzigem Hamstermotiv f\u00fcr M\u00e4use oder Hamster.<\/p>\n<p>Inhalt: 80 ml<br \/> Durchmesser: ca. 8 cm\u00a0<\/p>\n<p><\/p>\n","protected":false},"excerpt":{"rendered":"<p>Sehr sch\u00f6ner bunter Keramiknapf mit witzigem Hamstermotiv f\u00fcr M\u00e4use oder Hamster. Inhalt: 80 ml Durchmesser: ca. 8 cm\u00a0<\/p>\n","protected":false},"featured_media":33864,"comment_status":"closed","ping_status":"open","template":"","meta":[],"product_cat":[13764],"product_tag":[],"class_list":{"0":"post-46214","1":"product","2":"type-product","3":"status-publish","4":"has-post-thumbnail","6":"product_cat-kleintiernaepfe","8":"first","9":"instock","10":"taxable","11":"shipping-taxable","12":"purchasable","13":"product-type-simple"},"_links":{"self":[{"href":"https:\/\/all-pets.de\/shop\/wp-json\/wp\/v2\/product\/46214","targetHints":{"allow":["GET"]}}],"collection":[{"href":"https:\/\/all-pets.de\/shop\/wp-json\/wp\/v2\/product"}],"about":[{"href":"https:\/\/all-pets.de\/shop\/wp-json\/wp\/v2\/types\/product"}],"replies":[{"embeddable":true,"href":"https:\/\/all-pets.de\/shop\/wp-json\/wp\/v2\/comments?post=46214"}],"wp:featuredmedia":[{"embeddable":true,"href":"https:\/\/all-pets.de\/shop\/wp-json\/wp\/v2\/media\/33864"}],"wp:attachment":[{"href":"https:\/\/all-pets.de\/shop\/wp-json\/wp\/v2\/media?parent=46214"}],"wp:term":[{"taxonomy":"product_cat","embeddable":true,"href":"https:\/\/all-pets.de\/shop\/wp-json\/wp\/v2\/product_cat?post=46214"},{"taxonomy":"product_tag","embeddable":true,"href":"https:\/\/all-pets.de\/shop\/wp-json\/wp\/v2\/product_tag?post=46214"}],"curies":[{"name":"wp","href":"https:\/\/api.w.org\/{rel}","templated":true}]}}