{"id":46215,"date":"2023-12-12T10:51:15","date_gmt":"2023-12-12T09:51:15","guid":{"rendered":"https:\/\/pet-shopping.de\/shop\/produkt\/trixie-dog-activity-memory-trainer\/"},"modified":"2023-12-12T10:51:17","modified_gmt":"2023-12-12T09:51:17","slug":"trixie-dog-activity-memory-trainer","status":"publish","type":"product","link":"https:\/\/all-pets.de\/shop\/produkt\/trixie-dog-activity-memory-trainer\/","title":{"rendered":"Trixie Dog Activity Memory Trainer"},"content":{"rendered":"<ul>\n<li>anspruchsvolles Spiel f\u00fcr Profis: durch Dr\u00fccken des Ausl\u00f6sers gelangt der Hund an seine Belohnung<\/li>\n<li>Steigerung des Schwierigkeitsgrades durch immer gr\u00f6\u00dfere Distanz zwischen Ausl\u00f6ser und Futterspenders bis hin zum Platzieren in unterschiedlichen R\u00e4umen<\/li>\n<li>rotierendes Reservoir im Inneren des Spenders mit verstellbarer \u00d6ffnung zur Dosierung der Leckerliausgabe<\/li>\n<li>Kunststoff<\/li>\n<li>zus\u00e4tzliche Halterung f\u00fcr bessere Standfestigkeit des Ausl\u00f6sers<\/li>\n<li>diverse Befestigungsm\u00f6glichkeiten des Ausl\u00f6sers durch Saugnapf oder Hering f\u00fcr Drau\u00dfen<\/li>\n<li>inkl. kleiner Schaufel zum Bef\u00fcllen<\/li>\n<li>Reichweite bis zu 40 m<\/li>\n<li>rutschfest durch Gummif\u00fc\u00dfe<\/li>\n<li>batteriebetrieben (3 AAA Micro- und 4 C Baby-Batterien nicht enthalten)<\/li>\n<li>inkl. Anleitung mit Tipps und Tricks f\u00fcr das optimale Training<\/li>\n<\/ul>\n<p>Durchmesser: ca. 20 cm<br \/> H\u00f6he: ca. 24 cm <\/p>\n<p><br clear=\"all\" \/> <\/p>\n","protected":false},"excerpt":{"rendered":"<p>anspruchsvolles Spiel f\u00fcr Profis: durch Dr\u00fccken des Ausl\u00f6sers gelangt der Hund an seine Belohnung Steigerung des Schwierigkeitsgrades durch immer gr\u00f6\u00dfere Distanz zwischen Ausl\u00f6ser und Futterspenders bis hin zum Platzieren in unterschiedlichen R\u00e4umen rotierendes Reservoir im Inneren des Spenders mit verstellbarer \u00d6ffnung zur Dosierung der Leckerliausgabe Kunststoff zus\u00e4tzliche Halterung f\u00fcr bessere Standfestigkeit des Ausl\u00f6sers diverse Befestigungsm\u00f6glichkeiten [&hellip;]<\/p>\n","protected":false},"featured_media":46216,"comment_status":"closed","ping_status":"open","template":"","meta":[],"product_cat":[13793],"product_tag":[],"class_list":{"0":"post-46215","1":"product","2":"type-product","3":"status-publish","4":"has-post-thumbnail","6":"product_cat-intelligenz","8":"first","9":"instock","10":"taxable","11":"shipping-taxable","12":"purchasable","13":"product-type-simple"},"_links":{"self":[{"href":"https:\/\/all-pets.de\/shop\/wp-json\/wp\/v2\/product\/46215","targetHints":{"allow":["GET"]}}],"collection":[{"href":"https:\/\/all-pets.de\/shop\/wp-json\/wp\/v2\/product"}],"about":[{"href":"https:\/\/all-pets.de\/shop\/wp-json\/wp\/v2\/types\/product"}],"replies":[{"embeddable":true,"href":"https:\/\/all-pets.de\/shop\/wp-json\/wp\/v2\/comments?post=46215"}],"wp:featuredmedia":[{"embeddable":true,"href":"https:\/\/all-pets.de\/shop\/wp-json\/wp\/v2\/media\/46216"}],"wp:attachment":[{"href":"https:\/\/all-pets.de\/shop\/wp-json\/wp\/v2\/media?parent=46215"}],"wp:term":[{"taxonomy":"product_cat","embeddable":true,"href":"https:\/\/all-pets.de\/shop\/wp-json\/wp\/v2\/product_cat?post=46215"},{"taxonomy":"product_tag","embeddable":true,"href":"https:\/\/all-pets.de\/shop\/wp-json\/wp\/v2\/product_tag?post=46215"}],"curies":[{"name":"wp","href":"https:\/\/api.w.org\/{rel}","templated":true}]}}