{"id":46222,"date":"2023-12-12T10:51:15","date_gmt":"2023-12-12T09:51:15","guid":{"rendered":"https:\/\/pet-shopping.de\/shop\/produkt\/karlie-flamingo-pflegeschere-fuer-gesicht-und-pfoten\/"},"modified":"2023-12-12T10:51:18","modified_gmt":"2023-12-12T09:51:18","slug":"karlie-flamingo-pflegeschere-fuer-gesicht-und-pfoten","status":"publish","type":"product","link":"https:\/\/all-pets.de\/shop\/produkt\/karlie-flamingo-pflegeschere-fuer-gesicht-und-pfoten\/","title":{"rendered":"Karlie Flamingo Pflegeschere f\u00fcr Gesicht und Pfoten"},"content":{"rendered":"<p>Diese Pflegeschere aus Edelstahl mit Kunststoffgriff eignet sich ideal zum Ausd\u00fcnnen und Stylen der Haare an Ohren, Nase und Pfoten. Die abgerundeten Spitzen sch\u00fctzen dabei vor Verletzungen.<\/p>\n<p>Ma\u00dfe: ca. 15 x 6 cm (LxB)<br \/> Farbe: Schwarz<\/p>\n","protected":false},"excerpt":{"rendered":"<p>Diese Pflegeschere aus Edelstahl mit Kunststoffgriff eignet sich ideal zum Ausd\u00fcnnen und Stylen der Haare an Ohren, Nase und Pfoten. Die abgerundeten Spitzen sch\u00fctzen dabei vor Verletzungen. Ma\u00dfe: ca. 15 x 6 cm (LxB) Farbe: Schwarz<\/p>\n","protected":false},"featured_media":35199,"comment_status":"closed","ping_status":"open","template":"","meta":[],"product_cat":[14346],"product_tag":[],"class_list":{"0":"post-46222","1":"product","2":"type-product","3":"status-publish","4":"has-post-thumbnail","6":"product_cat-trimmer-scheren-fellpflege-pflege-gesundheit-trimmer-scherenhundewelt-fellpflege-pflege-gesundheit-katzenwelt","8":"first","9":"instock","10":"taxable","11":"shipping-taxable","12":"purchasable","13":"product-type-simple"},"_links":{"self":[{"href":"https:\/\/all-pets.de\/shop\/wp-json\/wp\/v2\/product\/46222","targetHints":{"allow":["GET"]}}],"collection":[{"href":"https:\/\/all-pets.de\/shop\/wp-json\/wp\/v2\/product"}],"about":[{"href":"https:\/\/all-pets.de\/shop\/wp-json\/wp\/v2\/types\/product"}],"replies":[{"embeddable":true,"href":"https:\/\/all-pets.de\/shop\/wp-json\/wp\/v2\/comments?post=46222"}],"wp:featuredmedia":[{"embeddable":true,"href":"https:\/\/all-pets.de\/shop\/wp-json\/wp\/v2\/media\/35199"}],"wp:attachment":[{"href":"https:\/\/all-pets.de\/shop\/wp-json\/wp\/v2\/media?parent=46222"}],"wp:term":[{"taxonomy":"product_cat","embeddable":true,"href":"https:\/\/all-pets.de\/shop\/wp-json\/wp\/v2\/product_cat?post=46222"},{"taxonomy":"product_tag","embeddable":true,"href":"https:\/\/all-pets.de\/shop\/wp-json\/wp\/v2\/product_tag?post=46222"}],"curies":[{"name":"wp","href":"https:\/\/api.w.org\/{rel}","templated":true}]}}