{"id":46230,"date":"2023-12-12T10:51:15","date_gmt":"2023-12-12T09:51:15","guid":{"rendered":"https:\/\/pet-shopping.de\/shop\/produkt\/karlie-flamingo-effilierschere-einseitig\/"},"modified":"2023-12-12T10:51:19","modified_gmt":"2023-12-12T09:51:19","slug":"karlie-flamingo-effilierschere-einseitig","status":"publish","type":"product","link":"https:\/\/all-pets.de\/shop\/produkt\/karlie-flamingo-effilierschere-einseitig\/","title":{"rendered":"Karlie Flamingo Effilierschere einseitig"},"content":{"rendered":"<p>Die einseitige Effilierschere eignet sich zum Ausd\u00fcnnen und Stylen des Fells. Stark verfilzte Haare k\u00f6nnen mit entsprechender Sorgfalt geschnitten werden.<\/p>\n<p>Farbe: Schwarz<br \/> Ma\u00dfe: ca. 17 x 6 cm (LxB)<\/p>\n","protected":false},"excerpt":{"rendered":"<p>Die einseitige Effilierschere eignet sich zum Ausd\u00fcnnen und Stylen des Fells. Stark verfilzte Haare k\u00f6nnen mit entsprechender Sorgfalt geschnitten werden. Farbe: Schwarz Ma\u00dfe: ca. 17 x 6 cm (LxB)<\/p>\n","protected":false},"featured_media":24045,"comment_status":"closed","ping_status":"open","template":"","meta":[],"product_cat":[14352],"product_tag":[],"class_list":{"0":"post-46230","1":"product","2":"type-product","3":"status-publish","4":"has-post-thumbnail","6":"product_cat-trimmer-scheren-fellpflege-pflege-gesundheit-trimmer-scherenkatzenwelt-fellpflege-pflege-gesundheit-hundewelt","8":"first","9":"instock","10":"taxable","11":"shipping-taxable","12":"purchasable","13":"product-type-simple"},"_links":{"self":[{"href":"https:\/\/all-pets.de\/shop\/wp-json\/wp\/v2\/product\/46230","targetHints":{"allow":["GET"]}}],"collection":[{"href":"https:\/\/all-pets.de\/shop\/wp-json\/wp\/v2\/product"}],"about":[{"href":"https:\/\/all-pets.de\/shop\/wp-json\/wp\/v2\/types\/product"}],"replies":[{"embeddable":true,"href":"https:\/\/all-pets.de\/shop\/wp-json\/wp\/v2\/comments?post=46230"}],"wp:featuredmedia":[{"embeddable":true,"href":"https:\/\/all-pets.de\/shop\/wp-json\/wp\/v2\/media\/24045"}],"wp:attachment":[{"href":"https:\/\/all-pets.de\/shop\/wp-json\/wp\/v2\/media?parent=46230"}],"wp:term":[{"taxonomy":"product_cat","embeddable":true,"href":"https:\/\/all-pets.de\/shop\/wp-json\/wp\/v2\/product_cat?post=46230"},{"taxonomy":"product_tag","embeddable":true,"href":"https:\/\/all-pets.de\/shop\/wp-json\/wp\/v2\/product_tag?post=46230"}],"curies":[{"name":"wp","href":"https:\/\/api.w.org\/{rel}","templated":true}]}}