{"id":46232,"date":"2023-12-12T10:51:20","date_gmt":"2023-12-12T09:51:20","guid":{"rendered":"https:\/\/pet-shopping.de\/shop\/produkt\/karlie-flamingo-professional-schweineborstenbuerste-fuer-katzen\/"},"modified":"2023-12-12T10:51:20","modified_gmt":"2023-12-12T09:51:20","slug":"karlie-flamingo-professional-schweineborstenbuerste-fuer-katzen","status":"publish","type":"product","link":"https:\/\/all-pets.de\/shop\/produkt\/karlie-flamingo-professional-schweineborstenbuerste-fuer-katzen\/","title":{"rendered":"Karlie Flamingo Professional Schweineborstenb\u00fcrste f\u00fcr Katzen"},"content":{"rendered":"<p>Diese Pflegeb\u00fcrste entfernt Staub, Schmutz und lose Haare. Somit bleibt das Fell Ihrer Katze gl\u00e4nzend und gesund. Dank der antistatischen Eigenschaften der Borsten gelingt das B\u00fcrsten einfacher und schneller. <\/p>\n<p>Der ergonomisch geformte, weiche Handgriff aus Materialmix liegt dabei perfekt in der Hand.<\/p>\n<p>Farbe: Lila-Schwarz<br \/> Ma\u00dfe: ca. 21 x 6 x 4 cm (LxBxH)<\/p>\n","protected":false},"excerpt":{"rendered":"<p>Diese Pflegeb\u00fcrste entfernt Staub, Schmutz und lose Haare. Somit bleibt das Fell Ihrer Katze gl\u00e4nzend und gesund. Dank der antistatischen Eigenschaften der Borsten gelingt das B\u00fcrsten einfacher und schneller. Der ergonomisch geformte, weiche Handgriff aus Materialmix liegt dabei perfekt in der Hand. Farbe: Lila-Schwarz Ma\u00dfe: ca. 21 x 6 x 4 cm (LxBxH)<\/p>\n","protected":false},"featured_media":30973,"comment_status":"closed","ping_status":"open","template":"","meta":[],"product_cat":[14110],"product_tag":[],"class_list":{"0":"post-46232","1":"product","2":"type-product","3":"status-publish","4":"has-post-thumbnail","6":"product_cat-katzenbuersten-striegel-fellpflege-pflege-gesundheit-katzenwelt","8":"first","9":"instock","10":"taxable","11":"shipping-taxable","12":"purchasable","13":"product-type-simple"},"_links":{"self":[{"href":"https:\/\/all-pets.de\/shop\/wp-json\/wp\/v2\/product\/46232","targetHints":{"allow":["GET"]}}],"collection":[{"href":"https:\/\/all-pets.de\/shop\/wp-json\/wp\/v2\/product"}],"about":[{"href":"https:\/\/all-pets.de\/shop\/wp-json\/wp\/v2\/types\/product"}],"replies":[{"embeddable":true,"href":"https:\/\/all-pets.de\/shop\/wp-json\/wp\/v2\/comments?post=46232"}],"wp:featuredmedia":[{"embeddable":true,"href":"https:\/\/all-pets.de\/shop\/wp-json\/wp\/v2\/media\/30973"}],"wp:attachment":[{"href":"https:\/\/all-pets.de\/shop\/wp-json\/wp\/v2\/media?parent=46232"}],"wp:term":[{"taxonomy":"product_cat","embeddable":true,"href":"https:\/\/all-pets.de\/shop\/wp-json\/wp\/v2\/product_cat?post=46232"},{"taxonomy":"product_tag","embeddable":true,"href":"https:\/\/all-pets.de\/shop\/wp-json\/wp\/v2\/product_tag?post=46232"}],"curies":[{"name":"wp","href":"https:\/\/api.w.org\/{rel}","templated":true}]}}