{"id":46238,"date":"2023-12-12T10:51:20","date_gmt":"2023-12-12T09:51:20","guid":{"rendered":"https:\/\/pet-shopping.de\/shop\/produkt\/dogit-keramiknapf-200-ml-rot-mit-knochendesign\/"},"modified":"2023-12-12T10:51:21","modified_gmt":"2023-12-12T09:51:21","slug":"dogit-keramiknapf-200-ml-rot-mit-knochendesign","status":"publish","type":"product","link":"https:\/\/all-pets.de\/shop\/produkt\/dogit-keramiknapf-200-ml-rot-mit-knochendesign\/","title":{"rendered":"DOGIT Keramiknapf, 200 ml, rot mit Knochendesign"},"content":{"rendered":"<div id=\"test_product_longdesc\">\n<p>Roter Keramiknapf in ansprechendem Design mit Knochen-Dekor.<\/p>\n<p>Leicht zu reinigen.<\/p>\n<p>Fassungsverm\u00f6gen: 200 ml<\/p>\n<p>Innenma\u00dfe: ca. 12,5 x 4 cm (Durchmesser x H\u00f6he)<\/p>\n<p>Au\u00dfenma\u00dfe: ca. 16 x 6 cm (Durchmesser x H\u00f6he)<\/p>\n<\/div>\n","protected":false},"excerpt":{"rendered":"<p>Roter Keramiknapf in ansprechendem Design mit Knochen-Dekor. Leicht zu reinigen. Fassungsverm\u00f6gen: 200 ml Innenma\u00dfe: ca. 12,5 x 4 cm (Durchmesser x H\u00f6he) Au\u00dfenma\u00dfe: ca. 16 x 6 cm (Durchmesser x H\u00f6he)<\/p>\n","protected":false},"featured_media":21333,"comment_status":"closed","ping_status":"open","template":"","meta":[],"product_cat":[14361],"product_tag":[],"class_list":{"0":"post-46238","1":"product","2":"type-product","3":"status-publish","4":"has-post-thumbnail","6":"product_cat-futter-wassernaepfe-hundenaepfe-traenken","8":"first","9":"instock","10":"taxable","11":"shipping-taxable","12":"purchasable","13":"product-type-simple"},"_links":{"self":[{"href":"https:\/\/all-pets.de\/shop\/wp-json\/wp\/v2\/product\/46238","targetHints":{"allow":["GET"]}}],"collection":[{"href":"https:\/\/all-pets.de\/shop\/wp-json\/wp\/v2\/product"}],"about":[{"href":"https:\/\/all-pets.de\/shop\/wp-json\/wp\/v2\/types\/product"}],"replies":[{"embeddable":true,"href":"https:\/\/all-pets.de\/shop\/wp-json\/wp\/v2\/comments?post=46238"}],"wp:featuredmedia":[{"embeddable":true,"href":"https:\/\/all-pets.de\/shop\/wp-json\/wp\/v2\/media\/21333"}],"wp:attachment":[{"href":"https:\/\/all-pets.de\/shop\/wp-json\/wp\/v2\/media?parent=46238"}],"wp:term":[{"taxonomy":"product_cat","embeddable":true,"href":"https:\/\/all-pets.de\/shop\/wp-json\/wp\/v2\/product_cat?post=46238"},{"taxonomy":"product_tag","embeddable":true,"href":"https:\/\/all-pets.de\/shop\/wp-json\/wp\/v2\/product_tag?post=46238"}],"curies":[{"name":"wp","href":"https:\/\/api.w.org\/{rel}","templated":true}]}}