{"id":46239,"date":"2023-12-12T10:51:20","date_gmt":"2023-12-12T09:51:20","guid":{"rendered":"https:\/\/pet-shopping.de\/shop\/produkt\/living-world-papp-nagertunnel-mit-watte-gross\/"},"modified":"2023-12-12T10:51:21","modified_gmt":"2023-12-12T09:51:21","slug":"living-world-papp-nagertunnel-mit-watte-gross","status":"publish","type":"product","link":"https:\/\/all-pets.de\/shop\/produkt\/living-world-papp-nagertunnel-mit-watte-gross\/","title":{"rendered":"LIVING WORLD Papp-Nagertunnel mit Watte, gro\u00df"},"content":{"rendered":"<p>Dieser Nagertunnel besteht aus umweltfreundlichem Papp- und Papiermaterial, das mit ungiftiger Lebensmittelfarbe gef\u00e4rbt wurde. Er ist gef\u00fcllt mit weichem, flauschigem Nistmaterial.\u00a0<\/p>\n<p>Au\u00dferdem lassen sich die Tunnel ganz einfach miteinander verbinden und k\u00f6nnen somit stets erweitert werden.<\/p>\n<p>Farbe: Violett\/Gr\u00fcn<\/p>\n<p>Ma\u00dfe: ca. 13,5 x 25,5 cm (Durchmesser x L\u00e4nge)<\/p>\n","protected":false},"excerpt":{"rendered":"<p>Dieser Nagertunnel besteht aus umweltfreundlichem Papp- und Papiermaterial, das mit ungiftiger Lebensmittelfarbe gef\u00e4rbt wurde. Er ist gef\u00fcllt mit weichem, flauschigem Nistmaterial.\u00a0 Au\u00dferdem lassen sich die Tunnel ganz einfach miteinander verbinden und k\u00f6nnen somit stets erweitert werden. Farbe: Violett\/Gr\u00fcn Ma\u00dfe: ca. 13,5 x 25,5 cm (Durchmesser x L\u00e4nge)<\/p>\n","protected":false},"featured_media":21315,"comment_status":"closed","ping_status":"open","template":"","meta":[],"product_cat":[14362],"product_tag":[],"class_list":{"0":"post-46239","1":"product","2":"type-product","3":"status-publish","4":"has-post-thumbnail","6":"product_cat-einstreu-nistmaterial-ausstattung-zubehoer-tunnel-hoehlen-brueckenkleintierwelt","8":"first","9":"instock","10":"taxable","11":"shipping-taxable","12":"purchasable","13":"product-type-simple"},"_links":{"self":[{"href":"https:\/\/all-pets.de\/shop\/wp-json\/wp\/v2\/product\/46239","targetHints":{"allow":["GET"]}}],"collection":[{"href":"https:\/\/all-pets.de\/shop\/wp-json\/wp\/v2\/product"}],"about":[{"href":"https:\/\/all-pets.de\/shop\/wp-json\/wp\/v2\/types\/product"}],"replies":[{"embeddable":true,"href":"https:\/\/all-pets.de\/shop\/wp-json\/wp\/v2\/comments?post=46239"}],"wp:featuredmedia":[{"embeddable":true,"href":"https:\/\/all-pets.de\/shop\/wp-json\/wp\/v2\/media\/21315"}],"wp:attachment":[{"href":"https:\/\/all-pets.de\/shop\/wp-json\/wp\/v2\/media?parent=46239"}],"wp:term":[{"taxonomy":"product_cat","embeddable":true,"href":"https:\/\/all-pets.de\/shop\/wp-json\/wp\/v2\/product_cat?post=46239"},{"taxonomy":"product_tag","embeddable":true,"href":"https:\/\/all-pets.de\/shop\/wp-json\/wp\/v2\/product_tag?post=46239"}],"curies":[{"name":"wp","href":"https:\/\/api.w.org\/{rel}","templated":true}]}}