{"id":46240,"date":"2023-12-12T10:51:20","date_gmt":"2023-12-12T09:51:20","guid":{"rendered":"https:\/\/pet-shopping.de\/shop\/produkt\/all-for-paws-green-rush-catnip-maeuse-2er-pack\/"},"modified":"2023-12-12T10:51:21","modified_gmt":"2023-12-12T09:51:21","slug":"all-for-paws-green-rush-catnip-maeuse-2er-pack","status":"publish","type":"product","link":"https:\/\/all-pets.de\/shop\/produkt\/all-for-paws-green-rush-catnip-maeuse-2er-pack\/","title":{"rendered":"All for Paws Green Rush Catnip M\u00e4use &#8211; 2er Pack"},"content":{"rendered":"<p>Mit diesen s\u00fc\u00dfen M\u00e4usen wird Ihre Katze gerne herumtollen.<\/p>\n<p>Die Produkte aus der Green Rush Serie sind mit extra viel Katzenminze gef\u00fcllt. Die hochwertige, kanadische Katzenminze macht die Spielfreude f\u00fcr Ihre Katze noch intensiver.<\/p>\n<p>Farbe: grau<\/p>\n<p>Ma\u00dfe: je ca. 7,5 x 6 cm (L x H)<\/p>\n","protected":false},"excerpt":{"rendered":"<p>Mit diesen s\u00fc\u00dfen M\u00e4usen wird Ihre Katze gerne herumtollen. Die Produkte aus der Green Rush Serie sind mit extra viel Katzenminze gef\u00fcllt. Die hochwertige, kanadische Katzenminze macht die Spielfreude f\u00fcr Ihre Katze noch intensiver. Farbe: grau Ma\u00dfe: je ca. 7,5 x 6 cm (L x H)<\/p>\n","protected":false},"featured_media":21347,"comment_status":"closed","ping_status":"open","template":"","meta":[],"product_cat":[13702],"product_tag":[],"class_list":{"0":"post-46240","1":"product","2":"type-product","3":"status-publish","4":"has-post-thumbnail","6":"product_cat-catnip-baldrian-spielzeug-katzenspielzeug","8":"first","9":"instock","10":"taxable","11":"shipping-taxable","12":"purchasable","13":"product-type-simple"},"_links":{"self":[{"href":"https:\/\/all-pets.de\/shop\/wp-json\/wp\/v2\/product\/46240","targetHints":{"allow":["GET"]}}],"collection":[{"href":"https:\/\/all-pets.de\/shop\/wp-json\/wp\/v2\/product"}],"about":[{"href":"https:\/\/all-pets.de\/shop\/wp-json\/wp\/v2\/types\/product"}],"replies":[{"embeddable":true,"href":"https:\/\/all-pets.de\/shop\/wp-json\/wp\/v2\/comments?post=46240"}],"wp:featuredmedia":[{"embeddable":true,"href":"https:\/\/all-pets.de\/shop\/wp-json\/wp\/v2\/media\/21347"}],"wp:attachment":[{"href":"https:\/\/all-pets.de\/shop\/wp-json\/wp\/v2\/media?parent=46240"}],"wp:term":[{"taxonomy":"product_cat","embeddable":true,"href":"https:\/\/all-pets.de\/shop\/wp-json\/wp\/v2\/product_cat?post=46240"},{"taxonomy":"product_tag","embeddable":true,"href":"https:\/\/all-pets.de\/shop\/wp-json\/wp\/v2\/product_tag?post=46240"}],"curies":[{"name":"wp","href":"https:\/\/api.w.org\/{rel}","templated":true}]}}