{"id":46241,"date":"2023-12-12T10:51:20","date_gmt":"2023-12-12T09:51:20","guid":{"rendered":"https:\/\/pet-shopping.de\/shop\/produkt\/all-for-paws-green-rush-tuna\/"},"modified":"2023-12-12T10:51:22","modified_gmt":"2023-12-12T09:51:22","slug":"all-for-paws-green-rush-tuna","status":"publish","type":"product","link":"https:\/\/all-pets.de\/shop\/produkt\/all-for-paws-green-rush-tuna\/","title":{"rendered":"All for Paws Green Rush Tuna"},"content":{"rendered":"<p>Mit diesem s\u00fc\u00dfen Fisch wird Ihre Katze gerne herumtollen.<\/p>\n<p>Die Produkte aus der Green Rush Serie sind mit extra viel Katzenminze gef\u00fcllt. Die hochwertige, kanadische Katzenminze macht die Spielfreude f\u00fcr Ihre Katze noch intensiver.<\/p>\n<p>Farbe: blau-wei\u00df<\/p>\n<p>Ma\u00dfe: ca. 16,5 x 7 cm (L x B)<\/p>\n","protected":false},"excerpt":{"rendered":"<p>Mit diesem s\u00fc\u00dfen Fisch wird Ihre Katze gerne herumtollen. Die Produkte aus der Green Rush Serie sind mit extra viel Katzenminze gef\u00fcllt. Die hochwertige, kanadische Katzenminze macht die Spielfreude f\u00fcr Ihre Katze noch intensiver. Farbe: blau-wei\u00df Ma\u00dfe: ca. 16,5 x 7 cm (L x B)<\/p>\n","protected":false},"featured_media":21339,"comment_status":"closed","ping_status":"open","template":"","meta":[],"product_cat":[13702],"product_tag":[],"class_list":{"0":"post-46241","1":"product","2":"type-product","3":"status-publish","4":"has-post-thumbnail","6":"product_cat-catnip-baldrian-spielzeug-katzenspielzeug","8":"first","9":"instock","10":"taxable","11":"shipping-taxable","12":"purchasable","13":"product-type-simple"},"_links":{"self":[{"href":"https:\/\/all-pets.de\/shop\/wp-json\/wp\/v2\/product\/46241","targetHints":{"allow":["GET"]}}],"collection":[{"href":"https:\/\/all-pets.de\/shop\/wp-json\/wp\/v2\/product"}],"about":[{"href":"https:\/\/all-pets.de\/shop\/wp-json\/wp\/v2\/types\/product"}],"replies":[{"embeddable":true,"href":"https:\/\/all-pets.de\/shop\/wp-json\/wp\/v2\/comments?post=46241"}],"wp:featuredmedia":[{"embeddable":true,"href":"https:\/\/all-pets.de\/shop\/wp-json\/wp\/v2\/media\/21339"}],"wp:attachment":[{"href":"https:\/\/all-pets.de\/shop\/wp-json\/wp\/v2\/media?parent=46241"}],"wp:term":[{"taxonomy":"product_cat","embeddable":true,"href":"https:\/\/all-pets.de\/shop\/wp-json\/wp\/v2\/product_cat?post=46241"},{"taxonomy":"product_tag","embeddable":true,"href":"https:\/\/all-pets.de\/shop\/wp-json\/wp\/v2\/product_tag?post=46241"}],"curies":[{"name":"wp","href":"https:\/\/api.w.org\/{rel}","templated":true}]}}