{"id":46249,"date":"2023-12-12T10:51:20","date_gmt":"2023-12-12T09:51:20","guid":{"rendered":"https:\/\/pet-shopping.de\/shop\/produkt\/karlie-flamingo-professional-hand-zupfbuerste\/"},"modified":"2023-12-12T10:51:22","modified_gmt":"2023-12-12T09:51:22","slug":"karlie-flamingo-professional-hand-zupfbuerste","status":"publish","type":"product","link":"https:\/\/all-pets.de\/shop\/produkt\/karlie-flamingo-professional-hand-zupfbuerste\/","title":{"rendered":"Karlie Flamingo Professional Hand-Zupfb\u00fcrste"},"content":{"rendered":"<p>Die Professional Hand-Zupfb\u00fcrste entfernt Staub, Schmutz und lose Haare aus dem Fell Ihres Hundes und h\u00e4lt das Fell so strahlend und gesund. Die flexiblen Borsten sorgen f\u00fcr eine bessere Fellpflege und bessere Ergebnisse bei weniger Anstrengung.<\/p>\n<p>Durch die ergonomische Form und den weichen Handgriff liegt sie dabei perfekt in der Hand.<\/p>\n<p>Farbe: Rot-Schwarz<br \/> Ma\u00dfe: ca. 12,5 x 7 x 4 cm (LxBxH)<\/p>\n","protected":false},"excerpt":{"rendered":"<p>Die Professional Hand-Zupfb\u00fcrste entfernt Staub, Schmutz und lose Haare aus dem Fell Ihres Hundes und h\u00e4lt das Fell so strahlend und gesund. Die flexiblen Borsten sorgen f\u00fcr eine bessere Fellpflege und bessere Ergebnisse bei weniger Anstrengung. Durch die ergonomische Form und den weichen Handgriff liegt sie dabei perfekt in der Hand. Farbe: Rot-Schwarz Ma\u00dfe: ca. [&hellip;]<\/p>\n","protected":false},"featured_media":18366,"comment_status":"closed","ping_status":"open","template":"","meta":[],"product_cat":[14112],"product_tag":[],"class_list":{"0":"post-46249","1":"product","2":"type-product","3":"status-publish","4":"has-post-thumbnail","6":"product_cat-hundebuersten-striegel-fellpflege-pflege-gesundheit-hundewelt","8":"first","9":"instock","10":"taxable","11":"shipping-taxable","12":"purchasable","13":"product-type-simple"},"_links":{"self":[{"href":"https:\/\/all-pets.de\/shop\/wp-json\/wp\/v2\/product\/46249","targetHints":{"allow":["GET"]}}],"collection":[{"href":"https:\/\/all-pets.de\/shop\/wp-json\/wp\/v2\/product"}],"about":[{"href":"https:\/\/all-pets.de\/shop\/wp-json\/wp\/v2\/types\/product"}],"replies":[{"embeddable":true,"href":"https:\/\/all-pets.de\/shop\/wp-json\/wp\/v2\/comments?post=46249"}],"wp:featuredmedia":[{"embeddable":true,"href":"https:\/\/all-pets.de\/shop\/wp-json\/wp\/v2\/media\/18366"}],"wp:attachment":[{"href":"https:\/\/all-pets.de\/shop\/wp-json\/wp\/v2\/media?parent=46249"}],"wp:term":[{"taxonomy":"product_cat","embeddable":true,"href":"https:\/\/all-pets.de\/shop\/wp-json\/wp\/v2\/product_cat?post=46249"},{"taxonomy":"product_tag","embeddable":true,"href":"https:\/\/all-pets.de\/shop\/wp-json\/wp\/v2\/product_tag?post=46249"}],"curies":[{"name":"wp","href":"https:\/\/api.w.org\/{rel}","templated":true}]}}