{"id":46251,"date":"2023-12-12T10:51:20","date_gmt":"2023-12-12T09:51:20","guid":{"rendered":"https:\/\/pet-shopping.de\/shop\/produkt\/karlie-flamingo-holz-kratzspielzeug-tumbler\/"},"modified":"2023-12-12T10:51:22","modified_gmt":"2023-12-12T09:51:22","slug":"karlie-flamingo-holz-kratzspielzeug-tumbler","status":"publish","type":"product","link":"https:\/\/all-pets.de\/shop\/produkt\/karlie-flamingo-holz-kratzspielzeug-tumbler\/","title":{"rendered":"Karlie Flamingo Holz-Kratzspielzeug Tumbler"},"content":{"rendered":"<p>Ein echtes Spiel- und Kratzparadies bieten Sie Ihrer Katze mit dem Karlie Flamingo Tumbler.<\/p>\n<p>Das hochwertige Holzspielzeug beinhaltet eine Kratzfl\u00e4che zum Krallensch\u00e4rfen und mehrere tolle Spielm\u00f6glichkeiten. Da kommt so schnell keine Langeweile mehr auf!<\/p>\n<p>Ma\u00dfe: ca. 17 x 20 x 30 cm (LxBxH)<\/p>\n","protected":false},"excerpt":{"rendered":"<p>Ein echtes Spiel- und Kratzparadies bieten Sie Ihrer Katze mit dem Karlie Flamingo Tumbler. Das hochwertige Holzspielzeug beinhaltet eine Kratzfl\u00e4che zum Krallensch\u00e4rfen und mehrere tolle Spielm\u00f6glichkeiten. Da kommt so schnell keine Langeweile mehr auf! Ma\u00dfe: ca. 17 x 20 x 30 cm (LxBxH)<\/p>\n","protected":false},"featured_media":197,"comment_status":"closed","ping_status":"open","template":"","meta":[],"product_cat":[14369],"product_tag":[],"class_list":{"0":"post-46251","1":"product","2":"type-product","3":"status-publish","4":"has-post-thumbnail","6":"product_cat-kratzbaeume-moebel-katzenbaellekatzenwelt-katzenspielzeug-weitere-spielzeugekatzenwelt-katzenspielzeug-kratzbretter-artikelkatzenwelt-kratzbaeume-moebel","8":"first","9":"instock","10":"taxable","11":"shipping-taxable","12":"purchasable","13":"product-type-simple"},"_links":{"self":[{"href":"https:\/\/all-pets.de\/shop\/wp-json\/wp\/v2\/product\/46251","targetHints":{"allow":["GET"]}}],"collection":[{"href":"https:\/\/all-pets.de\/shop\/wp-json\/wp\/v2\/product"}],"about":[{"href":"https:\/\/all-pets.de\/shop\/wp-json\/wp\/v2\/types\/product"}],"replies":[{"embeddable":true,"href":"https:\/\/all-pets.de\/shop\/wp-json\/wp\/v2\/comments?post=46251"}],"wp:featuredmedia":[{"embeddable":true,"href":"https:\/\/all-pets.de\/shop\/wp-json\/wp\/v2\/media\/197"}],"wp:attachment":[{"href":"https:\/\/all-pets.de\/shop\/wp-json\/wp\/v2\/media?parent=46251"}],"wp:term":[{"taxonomy":"product_cat","embeddable":true,"href":"https:\/\/all-pets.de\/shop\/wp-json\/wp\/v2\/product_cat?post=46251"},{"taxonomy":"product_tag","embeddable":true,"href":"https:\/\/all-pets.de\/shop\/wp-json\/wp\/v2\/product_tag?post=46251"}],"curies":[{"name":"wp","href":"https:\/\/api.w.org\/{rel}","templated":true}]}}