{"id":46255,"date":"2023-12-12T10:51:24","date_gmt":"2023-12-12T09:51:24","guid":{"rendered":"https:\/\/pet-shopping.de\/shop\/produkt\/karlie-flamingo-gummispielzeug-screwy-14-x-7-cm\/"},"modified":"2023-12-12T10:51:25","modified_gmt":"2023-12-12T09:51:25","slug":"karlie-flamingo-gummispielzeug-screwy-14-x-7-cm","status":"publish","type":"product","link":"https:\/\/all-pets.de\/shop\/produkt\/karlie-flamingo-gummispielzeug-screwy-14-x-7-cm\/","title":{"rendered":"Karlie Flamingo Gummispielzeug Screwy &#8211; 14 x 7 cm"},"content":{"rendered":"<p>Das Hundespielzeug Screwy besteht aus robustem Gummi und bringt jede Menge Spa\u00df mit.<\/p>\n<p>Ma\u00dfe: ca. 14 x 7 cm (L\u00e4nge x Durchmesser)<\/p>\n<p>Diverse Farben. Eine Farbwahl ist leider nicht m\u00f6glich, da die Farbe je nach Lagerbestand gew\u00e4hlt wird.<\/p>\n","protected":false},"excerpt":{"rendered":"<p>Das Hundespielzeug Screwy besteht aus robustem Gummi und bringt jede Menge Spa\u00df mit. Ma\u00dfe: ca. 14 x 7 cm (L\u00e4nge x Durchmesser) Diverse Farben. Eine Farbwahl ist leider nicht m\u00f6glich, da die Farbe je nach Lagerbestand gew\u00e4hlt wird.<\/p>\n","protected":false},"featured_media":5563,"comment_status":"closed","ping_status":"open","template":"","meta":[],"product_cat":[14377],"product_tag":[],"class_list":{"0":"post-46255","1":"product","2":"type-product","3":"status-publish","4":"has-post-thumbnail","6":"product_cat-weitere-spielzeuge-hundespielzeug-sport-hundebaellehundewelt-hundespielzeug-sport-hundewurfspielzeughundewelt-hundewurfspielzeughundewelt","8":"first","9":"instock","10":"taxable","11":"shipping-taxable","12":"purchasable","13":"product-type-simple"},"_links":{"self":[{"href":"https:\/\/all-pets.de\/shop\/wp-json\/wp\/v2\/product\/46255","targetHints":{"allow":["GET"]}}],"collection":[{"href":"https:\/\/all-pets.de\/shop\/wp-json\/wp\/v2\/product"}],"about":[{"href":"https:\/\/all-pets.de\/shop\/wp-json\/wp\/v2\/types\/product"}],"replies":[{"embeddable":true,"href":"https:\/\/all-pets.de\/shop\/wp-json\/wp\/v2\/comments?post=46255"}],"wp:featuredmedia":[{"embeddable":true,"href":"https:\/\/all-pets.de\/shop\/wp-json\/wp\/v2\/media\/5563"}],"wp:attachment":[{"href":"https:\/\/all-pets.de\/shop\/wp-json\/wp\/v2\/media?parent=46255"}],"wp:term":[{"taxonomy":"product_cat","embeddable":true,"href":"https:\/\/all-pets.de\/shop\/wp-json\/wp\/v2\/product_cat?post=46255"},{"taxonomy":"product_tag","embeddable":true,"href":"https:\/\/all-pets.de\/shop\/wp-json\/wp\/v2\/product_tag?post=46255"}],"curies":[{"name":"wp","href":"https:\/\/api.w.org\/{rel}","templated":true}]}}