{"id":46256,"date":"2023-12-12T10:51:24","date_gmt":"2023-12-12T09:51:24","guid":{"rendered":"https:\/\/pet-shopping.de\/shop\/produkt\/trixie-dog-activity-finger-clicker\/"},"modified":"2023-12-12T10:51:25","modified_gmt":"2023-12-12T09:51:25","slug":"trixie-dog-activity-finger-clicker","status":"publish","type":"product","link":"https:\/\/all-pets.de\/shop\/produkt\/trixie-dog-activity-finger-clicker\/","title":{"rendered":"Trixie Dog Activity Finger-Clicker"},"content":{"rendered":"<div class=\"itemDescriptions\">\n<ul>\n<li>mit Clicker-Taste<\/li>\n<li>gew\u00e4hrleistet konstant gleichbleibendes Ger\u00e4usch<\/li>\n<li>effektive Ausbildung mit der Signalton-Methode<\/li>\n<li>immer griffbereit durch die Befestigung am Finger mithilfe der Schlaufe<\/li>\n<li>drehbare Schlaufe erm\u00f6glicht individuelle Handhabung <\/li>\n<li>f\u00fcr Hunde, Katzen, Kaninchen und V\u00f6gel geeignet<\/li>\n<li>inkl. Anleitung mit Tipps und Tricks f\u00fcr das optimale Training<\/li>\n<li>aus Kunststoff\/PVC\/Metall<\/li>\n<\/ul>\n<p>Verschiedene Farben erh\u00e4ltlich &#8211; eine Farbauswahl ist leider nicht m\u00f6glich.<\/p>\n<\/div>\n","protected":false},"excerpt":{"rendered":"<p>mit Clicker-Taste gew\u00e4hrleistet konstant gleichbleibendes Ger\u00e4usch effektive Ausbildung mit der Signalton-Methode immer griffbereit durch die Befestigung am Finger mithilfe der Schlaufe drehbare Schlaufe erm\u00f6glicht individuelle Handhabung f\u00fcr Hunde, Katzen, Kaninchen und V\u00f6gel geeignet inkl. Anleitung mit Tipps und Tricks f\u00fcr das optimale Training aus Kunststoff\/PVC\/Metall Verschiedene Farben erh\u00e4ltlich &#8211; eine Farbauswahl ist leider nicht m\u00f6glich.<\/p>\n","protected":false},"featured_media":46257,"comment_status":"closed","ping_status":"open","template":"","meta":[],"product_cat":[14382],"product_tag":[],"class_list":{"0":"post-46256","1":"product","2":"type-product","3":"status-publish","4":"has-post-thumbnail","6":"product_cat-weitere-spielzeuge-katzenspielzeug-spiel-sportkatzenwelt","8":"first","9":"instock","10":"taxable","11":"shipping-taxable","12":"purchasable","13":"product-type-simple"},"_links":{"self":[{"href":"https:\/\/all-pets.de\/shop\/wp-json\/wp\/v2\/product\/46256","targetHints":{"allow":["GET"]}}],"collection":[{"href":"https:\/\/all-pets.de\/shop\/wp-json\/wp\/v2\/product"}],"about":[{"href":"https:\/\/all-pets.de\/shop\/wp-json\/wp\/v2\/types\/product"}],"replies":[{"embeddable":true,"href":"https:\/\/all-pets.de\/shop\/wp-json\/wp\/v2\/comments?post=46256"}],"wp:featuredmedia":[{"embeddable":true,"href":"https:\/\/all-pets.de\/shop\/wp-json\/wp\/v2\/media\/46257"}],"wp:attachment":[{"href":"https:\/\/all-pets.de\/shop\/wp-json\/wp\/v2\/media?parent=46256"}],"wp:term":[{"taxonomy":"product_cat","embeddable":true,"href":"https:\/\/all-pets.de\/shop\/wp-json\/wp\/v2\/product_cat?post=46256"},{"taxonomy":"product_tag","embeddable":true,"href":"https:\/\/all-pets.de\/shop\/wp-json\/wp\/v2\/product_tag?post=46256"}],"curies":[{"name":"wp","href":"https:\/\/api.w.org\/{rel}","templated":true}]}}