{"id":46260,"date":"2023-12-12T10:51:24","date_gmt":"2023-12-12T09:51:24","guid":{"rendered":"https:\/\/pet-shopping.de\/shop\/produkt\/trixie-floh-und-zeckenschutz-shampoo\/"},"modified":"2023-12-12T10:51:26","modified_gmt":"2023-12-12T09:51:26","slug":"trixie-floh-und-zeckenschutz-shampoo","status":"publish","type":"product","link":"https:\/\/all-pets.de\/shop\/produkt\/trixie-floh-und-zeckenschutz-shampoo\/","title":{"rendered":"Trixie Floh- und Zeckenschutz-Shampoo"},"content":{"rendered":"<div class=\"itemDescriptions\">\n<ul>\n<li> f\u00fcr Hunde ab 12 Wochen<\/li>\n<li> Wirkstoffe: Geraniol, Lavendel, Icaridin<\/li>\n<li> wirkt repellierend gegen Fl\u00f6he, Zecken, Fliegen und Stechm\u00fccken<\/li>\n<li> zur Anwendung direkt am Tier<\/li>\n<li> reinigt und pflegt das Fell<\/li>\n<\/ul>\n<p>Inhalt: 250 ml<\/p>\n<p><!--[if gte mso 9]> <w_WordDocument><w_View>Normal<\/w_View><w_Zoom>0<\/w_Zoom><w_TrackMoves><\/w_TrackMoves><w_TrackFormatting><\/w_TrackFormatting><w_HyphenationZone>21<\/w_HyphenationZone><w_PunctuationKerning><\/w_PunctuationKerning><w_ValidateAgainstSchemas><\/w_ValidateAgainstSchemas><w_SaveIfXMLInvalid>false<\/w_SaveIfXMLInvalid><w_IgnoreMixedContent>false<\/w_IgnoreMixedContent><w_AlwaysShowPlaceholderText>false<\/w_AlwaysShowPlaceholderText><w_DoNotPromoteQF><\/w_DoNotPromoteQF><w_LidThemeOther>DE<\/w_LidThemeOther><w_LidThemeAsian>X-NONE<\/w_LidThemeAsian><w_LidThemeComplexScript>X-NONE<\/w_LidThemeComplexScript><w_Compatibility> <w_BreakWrappedTables><\/w_BreakWrappedTables> <w_SnapToGridInCell><\/w_SnapToGridInCell> <w_WrapTextWithPunct><\/w_WrapTextWithPunct> <w_UseAsianBreakRules><\/w_UseAsianBreakRules> <w_DontGrowAutofit><\/w_DontGrowAutofit> <w_SplitPgBreakAndParaMark><\/w_SplitPgBreakAndParaMark> <w_DontVertAlignCellWithSp><\/w_DontVertAlignCellWithSp> <w_DontBreakConstrainedForcedTables><\/w_DontBreakConstrainedForcedTables> <w_DontVertAlignInTxbx><\/w_DontVertAlignInTxbx> <w_Word11KerningPairs><\/w_Word11KerningPairs> <w_CachedColBalance><\/w_CachedColBalance><\/w_Compatibility><w_BrowserLevel>MicrosoftInternetExplorer4<\/w_BrowserLevel><m_mathPr> <m_mathFont m_val=\"Cambria Math\"><\/m_mathFont> <m_brkBin m_val=\"before\"><\/m_brkBin> <m_brkBinSub m_val=\"--\"><\/m_brkBinSub> <m_smallFrac m_val=\"off\"><\/m_smallFrac> <m_dispDef><\/m_dispDef> <m_lMargin m_val=\"0\"><\/m_lMargin> <m_rMargin m_val=\"0\"><\/m_rMargin> <m_defJc m_val=\"centerGroup\"><\/m_defJc> <m_wrapIndent m_val=\"1440\"><\/m_wrapIndent> <m_intLim m_val=\"subSup\"><\/m_intLim> <m_naryLim m_val=\"undOvr\"><\/m_naryLim><\/m_mathPr><\/w_WordDocument><![endif]--><!--[if gte mso 9]> <w_LatentStyles DefLockedState=\"false\" DefUnhideWhenUsed=\"true\"DefSemiHidden=\"true\" DefQFormat=\"false\" DefPriority=\"99\"LatentStyleCount=\"267\"><w_LsdException Locked=\"false\" Priority=\"0\" SemiHidden=\"false\" UnhideWhenUsed=\"false\" QFormat=\"true\" Name=\"Normal\"><\/w_LsdException><w_LsdException Locked=\"false\" Priority=\"9\" SemiHidden=\"false\" UnhideWhenUsed=\"false\" QFormat=\"true\" Name=\"heading 1\"><\/w_LsdException><w_LsdException Locked=\"false\" Priority=\"9\" QFormat=\"true\" Name=\"heading 2\"><\/w_LsdException><w_LsdException Locked=\"false\" Priority=\"9\" QFormat=\"true\" Name=\"heading 3\"><\/w_LsdException><w_LsdException Locked=\"false\" Priority=\"9\" QFormat=\"true\" Name=\"heading 4\"><\/w_LsdException><w_LsdException Locked=\"false\" Priority=\"9\" QFormat=\"true\" Name=\"heading 5\"><\/w_LsdException><w_LsdException Locked=\"false\" Priority=\"9\" QFormat=\"true\" Name=\"heading 6\"><\/w_LsdException><w_LsdException Locked=\"false\" Priority=\"9\" QFormat=\"true\" Name=\"heading 7\"><\/w_LsdException><w_LsdException Locked=\"false\" Priority=\"9\" QFormat=\"true\" Name=\"heading 8\"><\/w_LsdException><w_LsdException Locked=\"false\" Priority=\"9\" QFormat=\"true\" Name=\"heading 9\"><\/w_LsdException><w_LsdException Locked=\"false\" Priority=\"39\" Name=\"toc 1\"><\/w_LsdException><w_LsdException Locked=\"false\" Priority=\"39\" Name=\"toc 2\"><\/w_LsdException><w_LsdException Locked=\"false\" Priority=\"39\" Name=\"toc 3\"><\/w_LsdException><w_LsdException Locked=\"false\" Priority=\"39\" Name=\"toc 4\"><\/w_LsdException><w_LsdException Locked=\"false\" Priority=\"39\" Name=\"toc 5\"><\/w_LsdException><w_LsdException Locked=\"false\" Priority=\"39\" Name=\"toc 6\"><\/w_LsdException><w_LsdException Locked=\"false\" Priority=\"39\" Name=\"toc 7\"><\/w_LsdException><w_LsdException Locked=\"false\" Priority=\"39\" Name=\"toc 8\"><\/w_LsdException><w_LsdException Locked=\"false\" Priority=\"39\" Name=\"toc 9\"><\/w_LsdException><w_LsdException Locked=\"false\" Priority=\"35\" QFormat=\"true\" Name=\"caption\"><\/w_LsdException><w_LsdException Locked=\"false\" Priority=\"10\" SemiHidden=\"false\" UnhideWhenUsed=\"false\" QFormat=\"true\" Name=\"Title\"><\/w_LsdException><w_LsdException Locked=\"false\" Priority=\"1\" Name=\"Default Paragraph Font\"><\/w_LsdException><w_LsdException Locked=\"false\" Priority=\"11\" SemiHidden=\"false\" UnhideWhenUsed=\"false\" QFormat=\"true\" Name=\"Subtitle\"><\/w_LsdException><w_LsdException Locked=\"false\" Priority=\"22\" SemiHidden=\"false\" UnhideWhenUsed=\"false\" QFormat=\"true\" Name=\"Strong\"><\/w_LsdException><w_LsdException Locked=\"false\" Priority=\"20\" SemiHidden=\"false\" UnhideWhenUsed=\"false\" QFormat=\"true\" Name=\"Emphasis\"><\/w_LsdException><w_LsdException Locked=\"false\" Priority=\"59\" SemiHidden=\"false\" UnhideWhenUsed=\"false\" Name=\"Table Grid\"><\/w_LsdException><w_LsdException Locked=\"false\" UnhideWhenUsed=\"false\" Name=\"Placeholder Text\"><\/w_LsdException><w_LsdException Locked=\"false\" Priority=\"1\" SemiHidden=\"false\" UnhideWhenUsed=\"false\" QFormat=\"true\" Name=\"No Spacing\"><\/w_LsdException><w_LsdException Locked=\"false\" Priority=\"60\" SemiHidden=\"false\" UnhideWhenUsed=\"false\" Name=\"Light Shading\"><\/w_LsdException><w_LsdException Locked=\"false\" Priority=\"61\" SemiHidden=\"false\" UnhideWhenUsed=\"false\" Name=\"Light List\"><\/w_LsdException><w_LsdException Locked=\"false\" Priority=\"62\" SemiHidden=\"false\" UnhideWhenUsed=\"false\" Name=\"Light Grid\"><\/w_LsdException><w_LsdException Locked=\"false\" Priority=\"63\" SemiHidden=\"false\" UnhideWhenUsed=\"false\" Name=\"Medium Shading 1\"><\/w_LsdException><w_LsdException Locked=\"false\" Priority=\"64\" SemiHidden=\"false\" UnhideWhenUsed=\"false\" Name=\"Medium Shading 2\"><\/w_LsdException><w_LsdException Locked=\"false\" Priority=\"65\" SemiHidden=\"false\" UnhideWhenUsed=\"false\" Name=\"Medium List 1\"><\/w_LsdException><w_LsdException Locked=\"false\" Priority=\"66\" SemiHidden=\"false\" UnhideWhenUsed=\"false\" Name=\"Medium List 2\"><\/w_LsdException><w_LsdException Locked=\"false\" Priority=\"67\" SemiHidden=\"false\" UnhideWhenUsed=\"false\" Name=\"Medium Grid 1\"><\/w_LsdException><w_LsdException Locked=\"false\" Priority=\"68\" SemiHidden=\"false\" UnhideWhenUsed=\"false\" Name=\"Medium Grid 2\"><\/w_LsdException><w_LsdException Locked=\"false\" Priority=\"69\" SemiHidden=\"false\" UnhideWhenUsed=\"false\" Name=\"Medium Grid 3\"><\/w_LsdException><w_LsdException Locked=\"false\" Priority=\"70\" SemiHidden=\"false\" UnhideWhenUsed=\"false\" Name=\"Dark List\"><\/w_LsdException><w_LsdException Locked=\"false\" Priority=\"71\" SemiHidden=\"false\" UnhideWhenUsed=\"false\" Name=\"Colorful Shading\"><\/w_LsdException><w_LsdException Locked=\"false\" Priority=\"72\" SemiHidden=\"false\" UnhideWhenUsed=\"false\" Name=\"Colorful List\"><\/w_LsdException><w_LsdException Locked=\"false\" Priority=\"73\" SemiHidden=\"false\" UnhideWhenUsed=\"false\" Name=\"Colorful Grid\"><\/w_LsdException><w_LsdException Locked=\"false\" Priority=\"60\" SemiHidden=\"false\" UnhideWhenUsed=\"false\" Name=\"Light Shading Accent 1\"><\/w_LsdException><w_LsdException Locked=\"false\" Priority=\"61\" SemiHidden=\"false\" UnhideWhenUsed=\"false\" Name=\"Light List Accent 1\"><\/w_LsdException><w_LsdException Locked=\"false\" Priority=\"62\" SemiHidden=\"false\" UnhideWhenUsed=\"false\" Name=\"Light Grid Accent 1\"><\/w_LsdException><w_LsdException Locked=\"false\" Priority=\"63\" SemiHidden=\"false\" UnhideWhenUsed=\"false\" Name=\"Medium Shading 1 Accent 1\"><\/w_LsdException><w_LsdException Locked=\"false\" Priority=\"64\" SemiHidden=\"false\" UnhideWhenUsed=\"false\" Name=\"Medium Shading 2 Accent 1\"><\/w_LsdException><w_LsdException Locked=\"false\" Priority=\"65\" SemiHidden=\"false\" UnhideWhenUsed=\"false\" Name=\"Medium List 1 Accent 1\"><\/w_LsdException><w_LsdException Locked=\"false\" UnhideWhenUsed=\"false\" Name=\"Revision\"><\/w_LsdException><w_LsdException Locked=\"false\" Priority=\"34\" SemiHidden=\"false\" UnhideWhenUsed=\"false\" QFormat=\"true\" Name=\"List Paragraph\"><\/w_LsdException><w_LsdException Locked=\"false\" Priority=\"29\" SemiHidden=\"false\" UnhideWhenUsed=\"false\" QFormat=\"true\" Name=\"Quote\"><\/w_LsdException><w_LsdException Locked=\"false\" Priority=\"30\" SemiHidden=\"false\" UnhideWhenUsed=\"false\" QFormat=\"true\" Name=\"Intense Quote\"><\/w_LsdException><w_LsdException Locked=\"false\" Priority=\"66\" SemiHidden=\"false\" UnhideWhenUsed=\"false\" Name=\"Medium List 2 Accent 1\"><\/w_LsdException><w_LsdException Locked=\"false\" Priority=\"67\" SemiHidden=\"false\" UnhideWhenUsed=\"false\" Name=\"Medium Grid 1 Accent 1\"><\/w_LsdException><w_LsdException Locked=\"false\" Priority=\"68\" SemiHidden=\"false\" UnhideWhenUsed=\"false\" Name=\"Medium Grid 2 Accent 1\"><\/w_LsdException><w_LsdException Locked=\"false\" Priority=\"69\" SemiHidden=\"false\" UnhideWhenUsed=\"false\" Name=\"Medium Grid 3 Accent 1\"><\/w_LsdException><w_LsdException Locked=\"false\" Priority=\"70\" SemiHidden=\"false\" UnhideWhenUsed=\"false\" Name=\"Dark List Accent 1\"><\/w_LsdException><w_LsdException Locked=\"false\" Priority=\"71\" SemiHidden=\"false\" UnhideWhenUsed=\"false\" Name=\"Colorful Shading Accent 1\"><\/w_LsdException><w_LsdException Locked=\"false\" Priority=\"72\" SemiHidden=\"false\" UnhideWhenUsed=\"false\" Name=\"Colorful List Accent 1\"><\/w_LsdException><w_LsdException Locked=\"false\" Priority=\"73\" SemiHidden=\"false\" UnhideWhenUsed=\"false\" Name=\"Colorful Grid Accent 1\"><\/w_LsdException><w_LsdException Locked=\"false\" Priority=\"60\" SemiHidden=\"false\" UnhideWhenUsed=\"false\" Name=\"Light Shading Accent 2\"><\/w_LsdException><w_LsdException Locked=\"false\" Priority=\"61\" SemiHidden=\"false\" UnhideWhenUsed=\"false\" Name=\"Light List Accent 2\"><\/w_LsdException><w_LsdException Locked=\"false\" Priority=\"62\" SemiHidden=\"false\" UnhideWhenUsed=\"false\" Name=\"Light Grid Accent 2\"><\/w_LsdException><w_LsdException Locked=\"false\" Priority=\"63\" SemiHidden=\"false\" UnhideWhenUsed=\"false\" Name=\"Medium Shading 1 Accent 2\"><\/w_LsdException><w_LsdException Locked=\"false\" Priority=\"64\" SemiHidden=\"false\" UnhideWhenUsed=\"false\" Name=\"Medium Shading 2 Accent 2\"><\/w_LsdException><w_LsdException Locked=\"false\" Priority=\"65\" SemiHidden=\"false\" UnhideWhenUsed=\"false\" Name=\"Medium List 1 Accent 2\"><\/w_LsdException><w_LsdException Locked=\"false\" Priority=\"66\" SemiHidden=\"false\" UnhideWhenUsed=\"false\" Name=\"Medium List 2 Accent 2\"><\/w_LsdException><w_LsdException Locked=\"false\" Priority=\"67\" SemiHidden=\"false\" UnhideWhenUsed=\"false\" Name=\"Medium Grid 1 Accent 2\"><\/w_LsdException><w_LsdException Locked=\"false\" Priority=\"68\" SemiHidden=\"false\" UnhideWhenUsed=\"false\" Name=\"Medium Grid 2 Accent 2\"><\/w_LsdException><w_LsdException Locked=\"false\" Priority=\"69\" SemiHidden=\"false\" UnhideWhenUsed=\"false\" Name=\"Medium Grid 3 Accent 2\"><\/w_LsdException><w_LsdException Locked=\"false\" Priority=\"70\" SemiHidden=\"false\" UnhideWhenUsed=\"false\" Name=\"Dark List Accent 2\"><\/w_LsdException><w_LsdException Locked=\"false\" Priority=\"71\" SemiHidden=\"false\" UnhideWhenUsed=\"false\" Name=\"Colorful Shading Accent 2\"><\/w_LsdException><w_LsdException Locked=\"false\" Priority=\"72\" SemiHidden=\"false\" UnhideWhenUsed=\"false\" Name=\"Colorful List Accent 2\"><\/w_LsdException><w_LsdException Locked=\"false\" Priority=\"73\" SemiHidden=\"false\" UnhideWhenUsed=\"false\" Name=\"Colorful Grid Accent 2\"><\/w_LsdException><w_LsdException Locked=\"false\" Priority=\"60\" SemiHidden=\"false\" UnhideWhenUsed=\"false\" Name=\"Light Shading Accent 3\"><\/w_LsdException><w_LsdException Locked=\"false\" Priority=\"61\" SemiHidden=\"false\" UnhideWhenUsed=\"false\" Name=\"Light List Accent 3\"><\/w_LsdException><w_LsdException Locked=\"false\" Priority=\"62\" SemiHidden=\"false\" UnhideWhenUsed=\"false\" Name=\"Light Grid Accent 3\"><\/w_LsdException><w_LsdException Locked=\"false\" Priority=\"63\" SemiHidden=\"false\" UnhideWhenUsed=\"false\" Name=\"Medium Shading 1 Accent 3\"><\/w_LsdException><w_LsdException Locked=\"false\" Priority=\"64\" SemiHidden=\"false\" UnhideWhenUsed=\"false\" Name=\"Medium Shading 2 Accent 3\"><\/w_LsdException><w_LsdException Locked=\"false\" Priority=\"65\" SemiHidden=\"false\" UnhideWhenUsed=\"false\" Name=\"Medium List 1 Accent 3\"><\/w_LsdException><w_LsdException Locked=\"false\" Priority=\"66\" SemiHidden=\"false\" UnhideWhenUsed=\"false\" Name=\"Medium List 2 Accent 3\"><\/w_LsdException><w_LsdException Locked=\"false\" Priority=\"67\" SemiHidden=\"false\" UnhideWhenUsed=\"false\" Name=\"Medium Grid 1 Accent 3\"><\/w_LsdException><w_LsdException Locked=\"false\" Priority=\"68\" SemiHidden=\"false\" UnhideWhenUsed=\"false\" Name=\"Medium Grid 2 Accent 3\"><\/w_LsdException><w_LsdException Locked=\"false\" Priority=\"69\" SemiHidden=\"false\" UnhideWhenUsed=\"false\" Name=\"Medium Grid 3 Accent 3\"><\/w_LsdException><w_LsdException Locked=\"false\" Priority=\"70\" SemiHidden=\"false\" UnhideWhenUsed=\"false\" Name=\"Dark List Accent 3\"><\/w_LsdException><w_LsdException Locked=\"false\" Priority=\"71\" SemiHidden=\"false\" UnhideWhenUsed=\"false\" Name=\"Colorful Shading Accent 3\"><\/w_LsdException><w_LsdException Locked=\"false\" Priority=\"72\" SemiHidden=\"false\" UnhideWhenUsed=\"false\" Name=\"Colorful List Accent 3\"><\/w_LsdException><w_LsdException Locked=\"false\" Priority=\"73\" SemiHidden=\"false\" UnhideWhenUsed=\"false\" Name=\"Colorful Grid Accent 3\"><\/w_LsdException><w_LsdException Locked=\"false\" Priority=\"60\" SemiHidden=\"false\" UnhideWhenUsed=\"false\" Name=\"Light Shading Accent 4\"><\/w_LsdException><w_LsdException Locked=\"false\" Priority=\"61\" SemiHidden=\"false\" UnhideWhenUsed=\"false\" Name=\"Light List Accent 4\"><\/w_LsdException><w_LsdException Locked=\"false\" Priority=\"62\" SemiHidden=\"false\" UnhideWhenUsed=\"false\" Name=\"Light Grid Accent 4\"><\/w_LsdException><w_LsdException Locked=\"false\" Priority=\"63\" SemiHidden=\"false\" UnhideWhenUsed=\"false\" Name=\"Medium Shading 1 Accent 4\"><\/w_LsdException><w_LsdException Locked=\"false\" Priority=\"64\" SemiHidden=\"false\" UnhideWhenUsed=\"false\" Name=\"Medium Shading 2 Accent 4\"><\/w_LsdException><w_LsdException Locked=\"false\" Priority=\"65\" SemiHidden=\"false\" UnhideWhenUsed=\"false\" Name=\"Medium List 1 Accent 4\"><\/w_LsdException><w_LsdException Locked=\"false\" Priority=\"66\" SemiHidden=\"false\" UnhideWhenUsed=\"false\" Name=\"Medium List 2 Accent 4\"><\/w_LsdException><w_LsdException Locked=\"false\" Priority=\"67\" SemiHidden=\"false\" UnhideWhenUsed=\"false\" Name=\"Medium Grid 1 Accent 4\"><\/w_LsdException><w_LsdException Locked=\"false\" Priority=\"68\" SemiHidden=\"false\" UnhideWhenUsed=\"false\" Name=\"Medium Grid 2 Accent 4\"><\/w_LsdException><w_LsdException Locked=\"false\" Priority=\"69\" SemiHidden=\"false\" UnhideWhenUsed=\"false\" Name=\"Medium Grid 3 Accent 4\"><\/w_LsdException><w_LsdException Locked=\"false\" Priority=\"70\" SemiHidden=\"false\" UnhideWhenUsed=\"false\" Name=\"Dark List Accent 4\"><\/w_LsdException><w_LsdException Locked=\"false\" Priority=\"71\" SemiHidden=\"false\" UnhideWhenUsed=\"false\" Name=\"Colorful Shading Accent 4\"><\/w_LsdException><w_LsdException Locked=\"false\" Priority=\"72\" SemiHidden=\"false\" UnhideWhenUsed=\"false\" Name=\"Colorful List Accent 4\"><\/w_LsdException><w_LsdException Locked=\"false\" Priority=\"73\" SemiHidden=\"false\" UnhideWhenUsed=\"false\" Name=\"Colorful Grid Accent 4\"><\/w_LsdException><w_LsdException Locked=\"false\" Priority=\"60\" SemiHidden=\"false\" UnhideWhenUsed=\"false\" Name=\"Light Shading Accent 5\"><\/w_LsdException><w_LsdException Locked=\"false\" Priority=\"61\" SemiHidden=\"false\" UnhideWhenUsed=\"false\" Name=\"Light List Accent 5\"><\/w_LsdException><w_LsdException Locked=\"false\" Priority=\"62\" SemiHidden=\"false\" UnhideWhenUsed=\"false\" Name=\"Light Grid Accent 5\"><\/w_LsdException><w_LsdException Locked=\"false\" Priority=\"63\" SemiHidden=\"false\" UnhideWhenUsed=\"false\" Name=\"Medium Shading 1 Accent 5\"><\/w_LsdException><w_LsdException Locked=\"false\" Priority=\"64\" SemiHidden=\"false\" UnhideWhenUsed=\"false\" Name=\"Medium Shading 2 Accent 5\"><\/w_LsdException><w_LsdException Locked=\"false\" Priority=\"65\" SemiHidden=\"false\" UnhideWhenUsed=\"false\" Name=\"Medium List 1 Accent 5\"><\/w_LsdException><w_LsdException Locked=\"false\" Priority=\"66\" SemiHidden=\"false\" UnhideWhenUsed=\"false\" Name=\"Medium List 2 Accent 5\"><\/w_LsdException><w_LsdException Locked=\"false\" Priority=\"67\" SemiHidden=\"false\" UnhideWhenUsed=\"false\" Name=\"Medium Grid 1 Accent 5\"><\/w_LsdException><w_LsdException Locked=\"false\" Priority=\"68\" SemiHidden=\"false\" UnhideWhenUsed=\"false\" Name=\"Medium Grid 2 Accent 5\"><\/w_LsdException><w_LsdException Locked=\"false\" Priority=\"69\" SemiHidden=\"false\" UnhideWhenUsed=\"false\" Name=\"Medium Grid 3 Accent 5\"><\/w_LsdException><w_LsdException Locked=\"false\" Priority=\"70\" SemiHidden=\"false\" UnhideWhenUsed=\"false\" Name=\"Dark List Accent 5\"><\/w_LsdException><w_LsdException Locked=\"false\" Priority=\"71\" SemiHidden=\"false\" UnhideWhenUsed=\"false\" Name=\"Colorful Shading Accent 5\"><\/w_LsdException><w_LsdException Locked=\"false\" Priority=\"72\" SemiHidden=\"false\" UnhideWhenUsed=\"false\" Name=\"Colorful List Accent 5\"><\/w_LsdException><w_LsdException Locked=\"false\" Priority=\"73\" SemiHidden=\"false\" UnhideWhenUsed=\"false\" Name=\"Colorful Grid Accent 5\"><\/w_LsdException><w_LsdException Locked=\"false\" Priority=\"60\" SemiHidden=\"false\" UnhideWhenUsed=\"false\" Name=\"Light Shading Accent 6\"><\/w_LsdException><w_LsdException Locked=\"false\" Priority=\"61\" SemiHidden=\"false\" UnhideWhenUsed=\"false\" Name=\"Light List Accent 6\"><\/w_LsdException><w_LsdException Locked=\"false\" Priority=\"62\" SemiHidden=\"false\" UnhideWhenUsed=\"false\" Name=\"Light Grid Accent 6\"><\/w_LsdException><w_LsdException Locked=\"false\" Priority=\"63\" SemiHidden=\"false\" UnhideWhenUsed=\"false\" Name=\"Medium Shading 1 Accent 6\"><\/w_LsdException><w_LsdException Locked=\"false\" Priority=\"64\" SemiHidden=\"false\" UnhideWhenUsed=\"false\" Name=\"Medium Shading 2 Accent 6\"><\/w_LsdException><w_LsdException Locked=\"false\" Priority=\"65\" SemiHidden=\"false\" UnhideWhenUsed=\"false\" Name=\"Medium List 1 Accent 6\"><\/w_LsdException><w_LsdException Locked=\"false\" Priority=\"66\" SemiHidden=\"false\" UnhideWhenUsed=\"false\" Name=\"Medium List 2 Accent 6\"><\/w_LsdException><w_LsdException Locked=\"false\" Priority=\"67\" SemiHidden=\"false\" UnhideWhenUsed=\"false\" Name=\"Medium Grid 1 Accent 6\"><\/w_LsdException><w_LsdException Locked=\"false\" Priority=\"68\" SemiHidden=\"false\" UnhideWhenUsed=\"false\" Name=\"Medium Grid 2 Accent 6\"><\/w_LsdException><w_LsdException Locked=\"false\" Priority=\"69\" SemiHidden=\"false\" UnhideWhenUsed=\"false\" Name=\"Medium Grid 3 Accent 6\"><\/w_LsdException><w_LsdException Locked=\"false\" Priority=\"70\" SemiHidden=\"false\" UnhideWhenUsed=\"false\" Name=\"Dark List Accent 6\"><\/w_LsdException><w_LsdException Locked=\"false\" Priority=\"71\" SemiHidden=\"false\" UnhideWhenUsed=\"false\" Name=\"Colorful Shading Accent 6\"><\/w_LsdException><w_LsdException Locked=\"false\" Priority=\"72\" SemiHidden=\"false\" UnhideWhenUsed=\"false\" Name=\"Colorful List Accent 6\"><\/w_LsdException><w_LsdException Locked=\"false\" Priority=\"73\" SemiHidden=\"false\" UnhideWhenUsed=\"false\" Name=\"Colorful Grid Accent 6\"><\/w_LsdException><w_LsdException Locked=\"false\" Priority=\"19\" SemiHidden=\"false\" UnhideWhenUsed=\"false\" QFormat=\"true\" Name=\"Subtle Emphasis\"><\/w_LsdException><w_LsdException Locked=\"false\" Priority=\"21\" SemiHidden=\"false\" UnhideWhenUsed=\"false\" QFormat=\"true\" Name=\"Intense Emphasis\"><\/w_LsdException><w_LsdException Locked=\"false\" Priority=\"31\" SemiHidden=\"false\" UnhideWhenUsed=\"false\" QFormat=\"true\" Name=\"Subtle Reference\"><\/w_LsdException><w_LsdException Locked=\"false\" Priority=\"32\" SemiHidden=\"false\" UnhideWhenUsed=\"false\" QFormat=\"true\" Name=\"Intense Reference\"><\/w_LsdException><w_LsdException Locked=\"false\" Priority=\"33\" SemiHidden=\"false\" UnhideWhenUsed=\"false\" QFormat=\"true\" Name=\"Book Title\"><\/w_LsdException><w_LsdException Locked=\"false\" Priority=\"37\" Name=\"Bibliography\"><\/w_LsdException><w_LsdException Locked=\"false\" Priority=\"39\" QFormat=\"true\" Name=\"TOC Heading\"><\/w_LsdException> <\/w_LatentStyles><![endif]--><!--[if gte mso 10]> \/* Style Definitions *\/ table.MsoNormalTable{mso-style-name:\"Normale Tabelle\" mso-tstyle-rowband-size:0 mso-tstyle-colband-size:0 mso-style-noshow:yes mso-style-priority:99 mso-style-qformat:yes mso-style-parent:\"\" mso-padding-alt:0cm 5.4pt 0cm 5.4pt mso-para-margin:0cm mso-para-margin-bottom:.0001pt mso-pagination:widow-orphan font-size:11.0pt font-family:\"Calibri\",\"sans-serif\" mso-ascii-font-family:Calibri mso-ascii-theme-font:minor-latin mso-fareast-font-family:\"Times New Roman\" mso-fareast-theme-font:minor-fareast mso-hansi-font-family:Calibri mso-hansi-theme-font:minor-latin mso-bidi-font-family:\"Times New Roman\" mso-bidi-theme-font:minor-bidi }<![endif]--><span style=\"font-size:10.0pt font-family:\" tahoma\",\"sans-serif\" =\"\" mso-fareast-font-family:calibri mso-fareast-theme-font:minor-latin mso-ansi-language:=\"\" de mso-fareast-language:de mso-bidi-language:ar-sa\"=\"\">Bei diesem Artikel handeltes sich um ein in Deutschland registriertes Biozid-Produkt. Biozidproduktevorsichtig verwenden. Vor Gebrauch stets Etikett und Produktinformationenlesen.<br style=\"mso-special-character:line-break\"><br style=\"mso-special-character:line-break\"><\/span><\/div>\n","protected":false},"excerpt":{"rendered":"<p>f\u00fcr Hunde ab 12 Wochen Wirkstoffe: Geraniol, Lavendel, Icaridin wirkt repellierend gegen Fl\u00f6he, Zecken, Fliegen und Stechm\u00fccken zur Anwendung direkt am Tier reinigt und pflegt das Fell Inhalt: 250 ml Bei diesem Artikel handeltes sich um ein in Deutschland registriertes Biozid-Produkt. Biozidproduktevorsichtig verwenden. Vor Gebrauch stets Etikett und Produktinformationenlesen.<\/p>\n","protected":false},"featured_media":20923,"comment_status":"closed","ping_status":"open","template":"","meta":[],"product_cat":[14069],"product_tag":[],"class_list":{"0":"post-46260","1":"product","2":"type-product","3":"status-publish","4":"has-post-thumbnail","6":"product_cat-ungeziefer-schutz-pflege-gesundheit-hundewelt","8":"first","9":"instock","10":"taxable","11":"shipping-taxable","12":"purchasable","13":"product-type-simple"},"_links":{"self":[{"href":"https:\/\/all-pets.de\/shop\/wp-json\/wp\/v2\/product\/46260","targetHints":{"allow":["GET"]}}],"collection":[{"href":"https:\/\/all-pets.de\/shop\/wp-json\/wp\/v2\/product"}],"about":[{"href":"https:\/\/all-pets.de\/shop\/wp-json\/wp\/v2\/types\/product"}],"replies":[{"embeddable":true,"href":"https:\/\/all-pets.de\/shop\/wp-json\/wp\/v2\/comments?post=46260"}],"wp:featuredmedia":[{"embeddable":true,"href":"https:\/\/all-pets.de\/shop\/wp-json\/wp\/v2\/media\/20923"}],"wp:attachment":[{"href":"https:\/\/all-pets.de\/shop\/wp-json\/wp\/v2\/media?parent=46260"}],"wp:term":[{"taxonomy":"product_cat","embeddable":true,"href":"https:\/\/all-pets.de\/shop\/wp-json\/wp\/v2\/product_cat?post=46260"},{"taxonomy":"product_tag","embeddable":true,"href":"https:\/\/all-pets.de\/shop\/wp-json\/wp\/v2\/product_tag?post=46260"}],"curies":[{"name":"wp","href":"https:\/\/api.w.org\/{rel}","templated":true}]}}