{"id":46261,"date":"2023-12-12T10:51:24","date_gmt":"2023-12-12T09:51:24","guid":{"rendered":"https:\/\/pet-shopping.de\/shop\/produkt\/karlie-flamingo-latex-spielzeug-monster-inuit-12-cm\/"},"modified":"2023-12-12T10:51:26","modified_gmt":"2023-12-12T09:51:26","slug":"karlie-flamingo-latex-spielzeug-monster-inuit-12-cm","status":"publish","type":"product","link":"https:\/\/all-pets.de\/shop\/produkt\/karlie-flamingo-latex-spielzeug-monster-inuit-12-cm\/","title":{"rendered":"Karlie Flamingo Latex-Spielzeug Monster Inuit &#8211; 12 cm"},"content":{"rendered":"<p>Die Latex-Monster im lustigen Design machen Mensch und Tier Spa\u00df und sind zus\u00e4tzlich mit einem Squeeker best\u00fcckt.<\/p>\n<p>Farbe: Schwarz-Wei\u00df<br \/> Ma\u00dfe: ca. 12 x 10 cm (LxB)<\/p>\n","protected":false},"excerpt":{"rendered":"<p>Die Latex-Monster im lustigen Design machen Mensch und Tier Spa\u00df und sind zus\u00e4tzlich mit einem Squeeker best\u00fcckt. Farbe: Schwarz-Wei\u00df Ma\u00dfe: ca. 12 x 10 cm (LxB)<\/p>\n","protected":false},"featured_media":24333,"comment_status":"closed","ping_status":"open","template":"","meta":[],"product_cat":[13748],"product_tag":[],"class_list":{"0":"post-46261","1":"product","2":"type-product","3":"status-publish","4":"has-post-thumbnail","6":"product_cat-squeeker","8":"first","9":"instock","10":"taxable","11":"shipping-taxable","12":"purchasable","13":"product-type-simple"},"_links":{"self":[{"href":"https:\/\/all-pets.de\/shop\/wp-json\/wp\/v2\/product\/46261","targetHints":{"allow":["GET"]}}],"collection":[{"href":"https:\/\/all-pets.de\/shop\/wp-json\/wp\/v2\/product"}],"about":[{"href":"https:\/\/all-pets.de\/shop\/wp-json\/wp\/v2\/types\/product"}],"replies":[{"embeddable":true,"href":"https:\/\/all-pets.de\/shop\/wp-json\/wp\/v2\/comments?post=46261"}],"wp:featuredmedia":[{"embeddable":true,"href":"https:\/\/all-pets.de\/shop\/wp-json\/wp\/v2\/media\/24333"}],"wp:attachment":[{"href":"https:\/\/all-pets.de\/shop\/wp-json\/wp\/v2\/media?parent=46261"}],"wp:term":[{"taxonomy":"product_cat","embeddable":true,"href":"https:\/\/all-pets.de\/shop\/wp-json\/wp\/v2\/product_cat?post=46261"},{"taxonomy":"product_tag","embeddable":true,"href":"https:\/\/all-pets.de\/shop\/wp-json\/wp\/v2\/product_tag?post=46261"}],"curies":[{"name":"wp","href":"https:\/\/api.w.org\/{rel}","templated":true}]}}