{"id":46263,"date":"2023-12-12T10:51:24","date_gmt":"2023-12-12T09:51:24","guid":{"rendered":"https:\/\/pet-shopping.de\/shop\/produkt\/karlie-flamingo-latex-spielzeug-launch-flower-21-cm\/"},"modified":"2023-12-12T10:51:26","modified_gmt":"2023-12-12T09:51:26","slug":"karlie-flamingo-latex-spielzeug-launch-flower-21-cm","status":"publish","type":"product","link":"https:\/\/all-pets.de\/shop\/produkt\/karlie-flamingo-latex-spielzeug-launch-flower-21-cm\/","title":{"rendered":"Karlie Flamingo Latex-Spielzeug Launch Flower &#8211; 21 cm"},"content":{"rendered":"<p>Die Launch Flower ist ein tolles Latex-Spielzeug zum Kauen und Werfen. Sie besitzt eine Balancefunktion, die das Spielzeug in Bewegung h\u00e4lt und somit interessant f\u00fcr den Hund bleibt. <\/p>\n<p>Durch die tolle Blumenform kann das Spielzeug gleichzeitig als Gartendekoration genutzt werden. <\/p>\n<p>Ma\u00dfe: ca. 10 x 10 x 21 cm (LxBxH)<\/p>\n<p>Verschiedene Farben. Eine Farbwahl ist leider nicht m\u00f6glich, da die Farbe je nach Lagerbestand gew\u00e4hlt wird.<\/p>\n","protected":false},"excerpt":{"rendered":"<p>Die Launch Flower ist ein tolles Latex-Spielzeug zum Kauen und Werfen. Sie besitzt eine Balancefunktion, die das Spielzeug in Bewegung h\u00e4lt und somit interessant f\u00fcr den Hund bleibt. Durch die tolle Blumenform kann das Spielzeug gleichzeitig als Gartendekoration genutzt werden. Ma\u00dfe: ca. 10 x 10 x 21 cm (LxBxH) Verschiedene Farben. Eine Farbwahl ist leider [&hellip;]<\/p>\n","protected":false},"featured_media":24344,"comment_status":"closed","ping_status":"open","template":"","meta":[],"product_cat":[14383],"product_tag":[],"class_list":{"0":"post-46263","1":"product","2":"type-product","3":"status-publish","4":"has-post-thumbnail","6":"product_cat-weitere-spielzeuge-hundespielzeug-sport-hundewurfspielzeughundewelt","8":"first","9":"instock","10":"taxable","11":"shipping-taxable","12":"purchasable","13":"product-type-simple"},"_links":{"self":[{"href":"https:\/\/all-pets.de\/shop\/wp-json\/wp\/v2\/product\/46263","targetHints":{"allow":["GET"]}}],"collection":[{"href":"https:\/\/all-pets.de\/shop\/wp-json\/wp\/v2\/product"}],"about":[{"href":"https:\/\/all-pets.de\/shop\/wp-json\/wp\/v2\/types\/product"}],"replies":[{"embeddable":true,"href":"https:\/\/all-pets.de\/shop\/wp-json\/wp\/v2\/comments?post=46263"}],"wp:featuredmedia":[{"embeddable":true,"href":"https:\/\/all-pets.de\/shop\/wp-json\/wp\/v2\/media\/24344"}],"wp:attachment":[{"href":"https:\/\/all-pets.de\/shop\/wp-json\/wp\/v2\/media?parent=46263"}],"wp:term":[{"taxonomy":"product_cat","embeddable":true,"href":"https:\/\/all-pets.de\/shop\/wp-json\/wp\/v2\/product_cat?post=46263"},{"taxonomy":"product_tag","embeddable":true,"href":"https:\/\/all-pets.de\/shop\/wp-json\/wp\/v2\/product_tag?post=46263"}],"curies":[{"name":"wp","href":"https:\/\/api.w.org\/{rel}","templated":true}]}}