{"id":46266,"date":"2023-12-12T10:51:24","date_gmt":"2023-12-12T09:51:24","guid":{"rendered":"https:\/\/pet-shopping.de\/shop\/produkt\/karlie-flamingo-leine-fabuleash-lumibead\/"},"modified":"2023-12-12T10:51:26","modified_gmt":"2023-12-12T09:51:26","slug":"karlie-flamingo-leine-fabuleash-lumibead","status":"publish","type":"product","link":"https:\/\/all-pets.de\/shop\/produkt\/karlie-flamingo-leine-fabuleash-lumibead\/","title":{"rendered":"Karlie Flamingo Leine Fabuleash LumiBead"},"content":{"rendered":"<p>Fashion trifft Sicherheit mit der Fabuleash LumiBead &#8211; diese auff\u00e4lligen Perlen verdrehen die K\u00f6pfe nicht nur bei Tag, ihr reflektierender Stil sorgt auch noch f\u00fcr Sicherheit f\u00fcr Sie und Ihren Hund in der Nacht. Die Leine ist mit einem Edelstahlkern ausgestattet und besitzt eine Zugkraft von \u00fcber 100 Pfund.<\/p>\n<p>Farbe: Wei\u00df<br \/> L\u00e4nge: ca. 122 cm<\/p>\n","protected":false},"excerpt":{"rendered":"<p>Fashion trifft Sicherheit mit der Fabuleash LumiBead &#8211; diese auff\u00e4lligen Perlen verdrehen die K\u00f6pfe nicht nur bei Tag, ihr reflektierender Stil sorgt auch noch f\u00fcr Sicherheit f\u00fcr Sie und Ihren Hund in der Nacht. Die Leine ist mit einem Edelstahlkern ausgestattet und besitzt eine Zugkraft von \u00fcber 100 Pfund. Farbe: Wei\u00df L\u00e4nge: ca. 122 cm<\/p>\n","protected":false},"featured_media":19744,"comment_status":"closed","ping_status":"open","template":"","meta":[],"product_cat":[14033],"product_tag":[],"class_list":{"0":"post-46266","1":"product","2":"type-product","3":"status-publish","4":"has-post-thumbnail","6":"product_cat-weitere-leinen-leinen","8":"first","9":"instock","10":"taxable","11":"shipping-taxable","12":"purchasable","13":"product-type-simple"},"_links":{"self":[{"href":"https:\/\/all-pets.de\/shop\/wp-json\/wp\/v2\/product\/46266","targetHints":{"allow":["GET"]}}],"collection":[{"href":"https:\/\/all-pets.de\/shop\/wp-json\/wp\/v2\/product"}],"about":[{"href":"https:\/\/all-pets.de\/shop\/wp-json\/wp\/v2\/types\/product"}],"replies":[{"embeddable":true,"href":"https:\/\/all-pets.de\/shop\/wp-json\/wp\/v2\/comments?post=46266"}],"wp:featuredmedia":[{"embeddable":true,"href":"https:\/\/all-pets.de\/shop\/wp-json\/wp\/v2\/media\/19744"}],"wp:attachment":[{"href":"https:\/\/all-pets.de\/shop\/wp-json\/wp\/v2\/media?parent=46266"}],"wp:term":[{"taxonomy":"product_cat","embeddable":true,"href":"https:\/\/all-pets.de\/shop\/wp-json\/wp\/v2\/product_cat?post=46266"},{"taxonomy":"product_tag","embeddable":true,"href":"https:\/\/all-pets.de\/shop\/wp-json\/wp\/v2\/product_tag?post=46266"}],"curies":[{"name":"wp","href":"https:\/\/api.w.org\/{rel}","templated":true}]}}