{"id":46267,"date":"2023-12-12T10:51:24","date_gmt":"2023-12-12T09:51:24","guid":{"rendered":"https:\/\/pet-shopping.de\/shop\/produkt\/karlie-flamingo-kunststoff-frisbee-23-cm\/"},"modified":"2023-12-12T10:51:26","modified_gmt":"2023-12-12T09:51:26","slug":"karlie-flamingo-kunststoff-frisbee-23-cm","status":"publish","type":"product","link":"https:\/\/all-pets.de\/shop\/produkt\/karlie-flamingo-kunststoff-frisbee-23-cm\/","title":{"rendered":"Karlie Flamingo Kunststoff-Frisbee &#8211; 23 cm"},"content":{"rendered":"<p>Diese robuste Frisbee aus Hartplastik bringt tollen Spielspa\u00df f\u00fcr Mensch und Hund!<\/p>\n<p>Durchmesser: ca. 23 cm<\/p>\n<p>Diverse Farben. Eine Farbwahl ist leider nicht m\u00f6glich, da die Farbe je nach Lagerbestand gew\u00e4hlt wird.<\/p>\n","protected":false},"excerpt":{"rendered":"<p>Diese robuste Frisbee aus Hartplastik bringt tollen Spielspa\u00df f\u00fcr Mensch und Hund! Durchmesser: ca. 23 cm Diverse Farben. Eine Farbwahl ist leider nicht m\u00f6glich, da die Farbe je nach Lagerbestand gew\u00e4hlt wird.<\/p>\n","protected":false},"featured_media":16928,"comment_status":"closed","ping_status":"open","template":"","meta":[],"product_cat":[13680],"product_tag":[],"class_list":{"0":"post-46267","1":"product","2":"type-product","3":"status-publish","4":"has-post-thumbnail","6":"product_cat-hundewurfspielzeug","8":"first","9":"instock","10":"taxable","11":"shipping-taxable","12":"purchasable","13":"product-type-simple"},"_links":{"self":[{"href":"https:\/\/all-pets.de\/shop\/wp-json\/wp\/v2\/product\/46267","targetHints":{"allow":["GET"]}}],"collection":[{"href":"https:\/\/all-pets.de\/shop\/wp-json\/wp\/v2\/product"}],"about":[{"href":"https:\/\/all-pets.de\/shop\/wp-json\/wp\/v2\/types\/product"}],"replies":[{"embeddable":true,"href":"https:\/\/all-pets.de\/shop\/wp-json\/wp\/v2\/comments?post=46267"}],"wp:featuredmedia":[{"embeddable":true,"href":"https:\/\/all-pets.de\/shop\/wp-json\/wp\/v2\/media\/16928"}],"wp:attachment":[{"href":"https:\/\/all-pets.de\/shop\/wp-json\/wp\/v2\/media?parent=46267"}],"wp:term":[{"taxonomy":"product_cat","embeddable":true,"href":"https:\/\/all-pets.de\/shop\/wp-json\/wp\/v2\/product_cat?post=46267"},{"taxonomy":"product_tag","embeddable":true,"href":"https:\/\/all-pets.de\/shop\/wp-json\/wp\/v2\/product_tag?post=46267"}],"curies":[{"name":"wp","href":"https:\/\/api.w.org\/{rel}","templated":true}]}}