{"id":46270,"date":"2023-12-12T10:51:24","date_gmt":"2023-12-12T09:51:24","guid":{"rendered":"https:\/\/pet-shopping.de\/shop\/produkt\/biokats-deo-pearls-baby-powder-700g\/"},"modified":"2023-12-12T10:51:27","modified_gmt":"2023-12-12T09:51:27","slug":"biokats-deo-pearls-baby-powder-700g","status":"publish","type":"product","link":"https:\/\/all-pets.de\/shop\/produkt\/biokats-deo-pearls-baby-powder-700g\/","title":{"rendered":"Biokats Deo Pearls Baby Powder 700g"},"content":{"rendered":"<div class=\"std\">Mit Deo Pearls baby Powder erfrischen Sie Ihre Katzentoilette nach Belieben, so oft Sie m\u00f6gen. Tauchen Sie ein in unsere Duftwelten: baby Powder verzaubert Sie mit einem sinnlichen Duft exotischer Vanille-Essenzen. Deo Pearls binden unangenehme Ger\u00fcche sofort und beugen l\u00e4stiger Geruchsbildung vor. Au\u00dferdem verst\u00e4rken sie die Klumpenbildung und erm\u00f6glichen Ihnen somit eine l\u00e4ngere Nutzung der \u00fcblichen Katzenstreu. Dosierungsempfehlung: Nach Belieben gleichm\u00e4\u00dfig \u00fcber die Streu verteilen.<\/div>\n<div class=\"std\"> Hygienemittel f\u00fcr Katzen, a.n.g. <\/div>\n<div class=\"info-list\">\n<ul>\n<li>Aus nat\u00fcrlichem Ton <\/li>\n<li>Feine K\u00f6rnung <\/li>\n<li>Hygiene <\/li>\n<li>Made in Germany <\/li>\n<li>Zusatz f\u00fcr Katzenstreu <\/li>\n<li>Mit Duft <\/li>\n<\/ul>\n<\/div>\n","protected":false},"excerpt":{"rendered":"<p>Mit Deo Pearls baby Powder erfrischen Sie Ihre Katzentoilette nach Belieben, so oft Sie m\u00f6gen. Tauchen Sie ein in unsere Duftwelten: baby Powder verzaubert Sie mit einem sinnlichen Duft exotischer Vanille-Essenzen. Deo Pearls binden unangenehme Ger\u00fcche sofort und beugen l\u00e4stiger Geruchsbildung vor. Au\u00dferdem verst\u00e4rken sie die Klumpenbildung und erm\u00f6glichen Ihnen somit eine l\u00e4ngere Nutzung der [&hellip;]<\/p>\n","protected":false},"featured_media":245,"comment_status":"closed","ping_status":"open","template":"","meta":[],"product_cat":[14386],"product_tag":[],"class_list":{"0":"post-46270","1":"product","2":"type-product","3":"status-publish","4":"has-post-thumbnail","6":"product_cat-toiletten-zubehoer-toiletten-katzenstreu-katzenstreukatzenwelt","8":"first","9":"instock","10":"taxable","11":"shipping-taxable","12":"purchasable","13":"product-type-simple"},"_links":{"self":[{"href":"https:\/\/all-pets.de\/shop\/wp-json\/wp\/v2\/product\/46270","targetHints":{"allow":["GET"]}}],"collection":[{"href":"https:\/\/all-pets.de\/shop\/wp-json\/wp\/v2\/product"}],"about":[{"href":"https:\/\/all-pets.de\/shop\/wp-json\/wp\/v2\/types\/product"}],"replies":[{"embeddable":true,"href":"https:\/\/all-pets.de\/shop\/wp-json\/wp\/v2\/comments?post=46270"}],"wp:featuredmedia":[{"embeddable":true,"href":"https:\/\/all-pets.de\/shop\/wp-json\/wp\/v2\/media\/245"}],"wp:attachment":[{"href":"https:\/\/all-pets.de\/shop\/wp-json\/wp\/v2\/media?parent=46270"}],"wp:term":[{"taxonomy":"product_cat","embeddable":true,"href":"https:\/\/all-pets.de\/shop\/wp-json\/wp\/v2\/product_cat?post=46270"},{"taxonomy":"product_tag","embeddable":true,"href":"https:\/\/all-pets.de\/shop\/wp-json\/wp\/v2\/product_tag?post=46270"}],"curies":[{"name":"wp","href":"https:\/\/api.w.org\/{rel}","templated":true}]}}