{"id":46275,"date":"2023-12-12T10:51:24","date_gmt":"2023-12-12T09:51:24","guid":{"rendered":"https:\/\/pet-shopping.de\/shop\/produkt\/karlie-flamingo-pflegeschere\/"},"modified":"2023-12-12T10:51:27","modified_gmt":"2023-12-12T09:51:27","slug":"karlie-flamingo-pflegeschere","status":"publish","type":"product","link":"https:\/\/all-pets.de\/shop\/produkt\/karlie-flamingo-pflegeschere\/","title":{"rendered":"Karlie Flamingo Pflegeschere"},"content":{"rendered":"<p>Die\u00a0Pflegeschere eignet sich zum Ausd\u00fcnnen und Stylen des Fells. Stark verfilzte Haare k\u00f6nnen mit entsprechender Sorgfalt geschnitten werden.<\/p>\n<p>Farbe: Schwarz<br \/> Ma\u00dfe: ca. 17 x 6 cm (LxB)<\/p>\n","protected":false},"excerpt":{"rendered":"<p>Die\u00a0Pflegeschere eignet sich zum Ausd\u00fcnnen und Stylen des Fells. Stark verfilzte Haare k\u00f6nnen mit entsprechender Sorgfalt geschnitten werden. Farbe: Schwarz Ma\u00dfe: ca. 17 x 6 cm (LxB)<\/p>\n","protected":false},"featured_media":35197,"comment_status":"closed","ping_status":"open","template":"","meta":[],"product_cat":[14346],"product_tag":[],"class_list":{"0":"post-46275","1":"product","2":"type-product","3":"status-publish","4":"has-post-thumbnail","6":"product_cat-trimmer-scheren-fellpflege-pflege-gesundheit-trimmer-scherenhundewelt-fellpflege-pflege-gesundheit-katzenwelt","8":"first","9":"instock","10":"taxable","11":"shipping-taxable","12":"purchasable","13":"product-type-simple"},"_links":{"self":[{"href":"https:\/\/all-pets.de\/shop\/wp-json\/wp\/v2\/product\/46275","targetHints":{"allow":["GET"]}}],"collection":[{"href":"https:\/\/all-pets.de\/shop\/wp-json\/wp\/v2\/product"}],"about":[{"href":"https:\/\/all-pets.de\/shop\/wp-json\/wp\/v2\/types\/product"}],"replies":[{"embeddable":true,"href":"https:\/\/all-pets.de\/shop\/wp-json\/wp\/v2\/comments?post=46275"}],"wp:featuredmedia":[{"embeddable":true,"href":"https:\/\/all-pets.de\/shop\/wp-json\/wp\/v2\/media\/35197"}],"wp:attachment":[{"href":"https:\/\/all-pets.de\/shop\/wp-json\/wp\/v2\/media?parent=46275"}],"wp:term":[{"taxonomy":"product_cat","embeddable":true,"href":"https:\/\/all-pets.de\/shop\/wp-json\/wp\/v2\/product_cat?post=46275"},{"taxonomy":"product_tag","embeddable":true,"href":"https:\/\/all-pets.de\/shop\/wp-json\/wp\/v2\/product_tag?post=46275"}],"curies":[{"name":"wp","href":"https:\/\/api.w.org\/{rel}","templated":true}]}}