{"id":46276,"date":"2023-12-12T10:51:28","date_gmt":"2023-12-12T09:51:28","guid":{"rendered":"https:\/\/pet-shopping.de\/shop\/produkt\/karlie-flamingo-professional-softbuerste-fuer-katzen\/"},"modified":"2023-12-12T10:51:29","modified_gmt":"2023-12-12T09:51:29","slug":"karlie-flamingo-professional-softbuerste-fuer-katzen","status":"publish","type":"product","link":"https:\/\/all-pets.de\/shop\/produkt\/karlie-flamingo-professional-softbuerste-fuer-katzen\/","title":{"rendered":"Karlie Flamingo Professional Softb\u00fcrste f\u00fcr Katzen"},"content":{"rendered":"<p>Die Softb\u00fcrste f\u00fcr Katzen ist mit besonders weichen, flexiblen Borsten best\u00fcckt, die Staub, Schmutz und lose Haare schonend entfernen. Das Fell Ihrer Katze wird gl\u00e4nzend und gepflegt.<\/p>\n<p>Der ergonomisch geformte Anti-Rutsch-Softgriff leigt dabei perfekt in der Hand.<\/p>\n<p>Farbe: Lila-Schwarz<br \/> Ma\u00dfe: ca. 20,5 x 6 x 4,5 cm (LxBxH)<\/p>\n","protected":false},"excerpt":{"rendered":"<p>Die Softb\u00fcrste f\u00fcr Katzen ist mit besonders weichen, flexiblen Borsten best\u00fcckt, die Staub, Schmutz und lose Haare schonend entfernen. Das Fell Ihrer Katze wird gl\u00e4nzend und gepflegt. Der ergonomisch geformte Anti-Rutsch-Softgriff leigt dabei perfekt in der Hand. Farbe: Lila-Schwarz Ma\u00dfe: ca. 20,5 x 6 x 4,5 cm (LxBxH)<\/p>\n","protected":false},"featured_media":23982,"comment_status":"closed","ping_status":"open","template":"","meta":[],"product_cat":[14110],"product_tag":[],"class_list":{"0":"post-46276","1":"product","2":"type-product","3":"status-publish","4":"has-post-thumbnail","6":"product_cat-katzenbuersten-striegel-fellpflege-pflege-gesundheit-katzenwelt","8":"first","9":"instock","10":"taxable","11":"shipping-taxable","12":"purchasable","13":"product-type-simple"},"_links":{"self":[{"href":"https:\/\/all-pets.de\/shop\/wp-json\/wp\/v2\/product\/46276","targetHints":{"allow":["GET"]}}],"collection":[{"href":"https:\/\/all-pets.de\/shop\/wp-json\/wp\/v2\/product"}],"about":[{"href":"https:\/\/all-pets.de\/shop\/wp-json\/wp\/v2\/types\/product"}],"replies":[{"embeddable":true,"href":"https:\/\/all-pets.de\/shop\/wp-json\/wp\/v2\/comments?post=46276"}],"wp:featuredmedia":[{"embeddable":true,"href":"https:\/\/all-pets.de\/shop\/wp-json\/wp\/v2\/media\/23982"}],"wp:attachment":[{"href":"https:\/\/all-pets.de\/shop\/wp-json\/wp\/v2\/media?parent=46276"}],"wp:term":[{"taxonomy":"product_cat","embeddable":true,"href":"https:\/\/all-pets.de\/shop\/wp-json\/wp\/v2\/product_cat?post=46276"},{"taxonomy":"product_tag","embeddable":true,"href":"https:\/\/all-pets.de\/shop\/wp-json\/wp\/v2\/product_tag?post=46276"}],"curies":[{"name":"wp","href":"https:\/\/api.w.org\/{rel}","templated":true}]}}