{"id":46278,"date":"2023-12-12T10:51:28","date_gmt":"2023-12-12T09:51:28","guid":{"rendered":"https:\/\/pet-shopping.de\/shop\/produkt\/karlie-flamingo-2-in-1-buerste-fuer-kleintiere\/"},"modified":"2023-12-12T10:51:29","modified_gmt":"2023-12-12T09:51:29","slug":"karlie-flamingo-2-in-1-buerste-fuer-kleintiere","status":"publish","type":"product","link":"https:\/\/all-pets.de\/shop\/produkt\/karlie-flamingo-2-in-1-buerste-fuer-kleintiere\/","title":{"rendered":"Karlie Flamingo 2 in 1-B\u00fcrste f\u00fcr Kleintiere"},"content":{"rendered":"<p>Die 2 in 1-B\u00fcrste von Karlie Flamingo ist auf der Vorderseite mit Borsten und auf der R\u00fcckseite mit Stiften best\u00fcckt. Die Borstenb\u00fcrste verleiht dem Fell Ihres Kleintieres ein strahlend gl\u00e4nzendes Aussehen, die Stiftb\u00fcrste eignet sich ideal zum Entwirren des Fells. Die B\u00fcrste ist mit Anti-Rutsch-Griff ausgestattet und ist somit das ideale Equipment, um bei Ihrem Kleintier f\u00fcr eine optimale und zugleich schonende und sanfte Fellpflege zu sorgen.<\/p>\n<p>Gr\u00f6\u00dfe: ca. 14,5 x 4,5 x 5 cm (LxBxH)<br \/> Gewicht: ca. 46 g<br \/> Farbe: gr\u00fcn-schwarz<\/p>\n","protected":false},"excerpt":{"rendered":"<p>Die 2 in 1-B\u00fcrste von Karlie Flamingo ist auf der Vorderseite mit Borsten und auf der R\u00fcckseite mit Stiften best\u00fcckt. Die Borstenb\u00fcrste verleiht dem Fell Ihres Kleintieres ein strahlend gl\u00e4nzendes Aussehen, die Stiftb\u00fcrste eignet sich ideal zum Entwirren des Fells. Die B\u00fcrste ist mit Anti-Rutsch-Griff ausgestattet und ist somit das ideale Equipment, um bei Ihrem [&hellip;]<\/p>\n","protected":false},"featured_media":36372,"comment_status":"closed","ping_status":"open","template":"","meta":[],"product_cat":[13706],"product_tag":[],"class_list":{"0":"post-46278","1":"product","2":"type-product","3":"status-publish","4":"has-post-thumbnail","6":"product_cat-fellpflege","8":"first","9":"instock","10":"taxable","11":"shipping-taxable","12":"purchasable","13":"product-type-simple"},"_links":{"self":[{"href":"https:\/\/all-pets.de\/shop\/wp-json\/wp\/v2\/product\/46278","targetHints":{"allow":["GET"]}}],"collection":[{"href":"https:\/\/all-pets.de\/shop\/wp-json\/wp\/v2\/product"}],"about":[{"href":"https:\/\/all-pets.de\/shop\/wp-json\/wp\/v2\/types\/product"}],"replies":[{"embeddable":true,"href":"https:\/\/all-pets.de\/shop\/wp-json\/wp\/v2\/comments?post=46278"}],"wp:featuredmedia":[{"embeddable":true,"href":"https:\/\/all-pets.de\/shop\/wp-json\/wp\/v2\/media\/36372"}],"wp:attachment":[{"href":"https:\/\/all-pets.de\/shop\/wp-json\/wp\/v2\/media?parent=46278"}],"wp:term":[{"taxonomy":"product_cat","embeddable":true,"href":"https:\/\/all-pets.de\/shop\/wp-json\/wp\/v2\/product_cat?post=46278"},{"taxonomy":"product_tag","embeddable":true,"href":"https:\/\/all-pets.de\/shop\/wp-json\/wp\/v2\/product_tag?post=46278"}],"curies":[{"name":"wp","href":"https:\/\/api.w.org\/{rel}","templated":true}]}}