{"id":46281,"date":"2023-12-12T10:51:28","date_gmt":"2023-12-12T09:51:28","guid":{"rendered":"https:\/\/pet-shopping.de\/shop\/produkt\/karlie-flamingo-softbuerste-fuer-kleintiere\/"},"modified":"2023-12-12T10:51:29","modified_gmt":"2023-12-12T09:51:29","slug":"karlie-flamingo-softbuerste-fuer-kleintiere","status":"publish","type":"product","link":"https:\/\/all-pets.de\/shop\/produkt\/karlie-flamingo-softbuerste-fuer-kleintiere\/","title":{"rendered":"Karlie Flamingo Softb\u00fcrste f\u00fcr Kleintiere"},"content":{"rendered":"<p>Die Softb\u00fcrste von Karlie Flamingo ist mit extra weichen und flexiblen Borsten best\u00fcckt.<\/p>\n<p>Durch den Anti-Rutsch-Griff ist sie das ideale Equipment, um bei Ihrem Kleintier f\u00fcr eine optimale Fellpflege zu sorgen.<\/p>\n<p>Ma\u00dfe: ca. 14,5 x 4,5 x 3,5 cm (LxBxH)<br \/> Gewicht: ca. 43 g<br \/> Farbe: Gr\u00fcn-Schwarz<\/p>\n","protected":false},"excerpt":{"rendered":"<p>Die Softb\u00fcrste von Karlie Flamingo ist mit extra weichen und flexiblen Borsten best\u00fcckt. Durch den Anti-Rutsch-Griff ist sie das ideale Equipment, um bei Ihrem Kleintier f\u00fcr eine optimale Fellpflege zu sorgen. Ma\u00dfe: ca. 14,5 x 4,5 x 3,5 cm (LxBxH) Gewicht: ca. 43 g Farbe: Gr\u00fcn-Schwarz<\/p>\n","protected":false},"featured_media":36378,"comment_status":"closed","ping_status":"open","template":"","meta":[],"product_cat":[13706],"product_tag":[],"class_list":{"0":"post-46281","1":"product","2":"type-product","3":"status-publish","4":"has-post-thumbnail","6":"product_cat-fellpflege","8":"first","9":"instock","10":"taxable","11":"shipping-taxable","12":"purchasable","13":"product-type-simple"},"_links":{"self":[{"href":"https:\/\/all-pets.de\/shop\/wp-json\/wp\/v2\/product\/46281","targetHints":{"allow":["GET"]}}],"collection":[{"href":"https:\/\/all-pets.de\/shop\/wp-json\/wp\/v2\/product"}],"about":[{"href":"https:\/\/all-pets.de\/shop\/wp-json\/wp\/v2\/types\/product"}],"replies":[{"embeddable":true,"href":"https:\/\/all-pets.de\/shop\/wp-json\/wp\/v2\/comments?post=46281"}],"wp:featuredmedia":[{"embeddable":true,"href":"https:\/\/all-pets.de\/shop\/wp-json\/wp\/v2\/media\/36378"}],"wp:attachment":[{"href":"https:\/\/all-pets.de\/shop\/wp-json\/wp\/v2\/media?parent=46281"}],"wp:term":[{"taxonomy":"product_cat","embeddable":true,"href":"https:\/\/all-pets.de\/shop\/wp-json\/wp\/v2\/product_cat?post=46281"},{"taxonomy":"product_tag","embeddable":true,"href":"https:\/\/all-pets.de\/shop\/wp-json\/wp\/v2\/product_tag?post=46281"}],"curies":[{"name":"wp","href":"https:\/\/api.w.org\/{rel}","templated":true}]}}