{"id":46282,"date":"2023-12-12T10:51:28","date_gmt":"2023-12-12T09:51:28","guid":{"rendered":"https:\/\/pet-shopping.de\/shop\/produkt\/karlie-flamingo-katzenspielzeug-snatchy-ball-gruen\/"},"modified":"2023-12-12T10:51:29","modified_gmt":"2023-12-12T09:51:29","slug":"karlie-flamingo-katzenspielzeug-snatchy-ball-gruen","status":"publish","type":"product","link":"https:\/\/all-pets.de\/shop\/produkt\/karlie-flamingo-katzenspielzeug-snatchy-ball-gruen\/","title":{"rendered":"Karlie Flamingo Katzenspielzeug Snatchy Ball &#8211; gr\u00fcn"},"content":{"rendered":"<p>Halb voll oder halb leer? Das wird sich ihre Katze wohl auch fragen, wenn sie dem Snatchy Ball hinterherspringt. Denn dieser Ball aus Softlatex ist nur zur H\u00e4lfte gef\u00fcllt und springt deswegen in alle m\u00f6glichen Richtungen. Aufgemalt sind witzig-freche Gesichter, ganz entsprechend der Unberechenbarkeit des Balles.<\/p>\n<p>Farbe: Gr\u00fcn<\/p>\n","protected":false},"excerpt":{"rendered":"<p>Halb voll oder halb leer? Das wird sich ihre Katze wohl auch fragen, wenn sie dem Snatchy Ball hinterherspringt. Denn dieser Ball aus Softlatex ist nur zur H\u00e4lfte gef\u00fcllt und springt deswegen in alle m\u00f6glichen Richtungen. Aufgemalt sind witzig-freche Gesichter, ganz entsprechend der Unberechenbarkeit des Balles. Farbe: Gr\u00fcn<\/p>\n","protected":false},"featured_media":192,"comment_status":"closed","ping_status":"open","template":"","meta":[],"product_cat":[13808],"product_tag":[],"class_list":{"0":"post-46282","1":"product","2":"type-product","3":"status-publish","4":"has-post-thumbnail","6":"product_cat-katzenbaelle","8":"first","9":"instock","10":"taxable","11":"shipping-taxable","12":"purchasable","13":"product-type-simple"},"_links":{"self":[{"href":"https:\/\/all-pets.de\/shop\/wp-json\/wp\/v2\/product\/46282","targetHints":{"allow":["GET"]}}],"collection":[{"href":"https:\/\/all-pets.de\/shop\/wp-json\/wp\/v2\/product"}],"about":[{"href":"https:\/\/all-pets.de\/shop\/wp-json\/wp\/v2\/types\/product"}],"replies":[{"embeddable":true,"href":"https:\/\/all-pets.de\/shop\/wp-json\/wp\/v2\/comments?post=46282"}],"wp:featuredmedia":[{"embeddable":true,"href":"https:\/\/all-pets.de\/shop\/wp-json\/wp\/v2\/media\/192"}],"wp:attachment":[{"href":"https:\/\/all-pets.de\/shop\/wp-json\/wp\/v2\/media?parent=46282"}],"wp:term":[{"taxonomy":"product_cat","embeddable":true,"href":"https:\/\/all-pets.de\/shop\/wp-json\/wp\/v2\/product_cat?post=46282"},{"taxonomy":"product_tag","embeddable":true,"href":"https:\/\/all-pets.de\/shop\/wp-json\/wp\/v2\/product_tag?post=46282"}],"curies":[{"name":"wp","href":"https:\/\/api.w.org\/{rel}","templated":true}]}}