{"id":46285,"date":"2023-12-12T10:51:28","date_gmt":"2023-12-12T09:51:28","guid":{"rendered":"https:\/\/pet-shopping.de\/shop\/produkt\/karlie-flamingo-auto-sicherheitsgeschirr-fuer-katzen\/"},"modified":"2023-12-12T10:51:29","modified_gmt":"2023-12-12T09:51:29","slug":"karlie-flamingo-auto-sicherheitsgeschirr-fuer-katzen","status":"publish","type":"product","link":"https:\/\/all-pets.de\/shop\/produkt\/karlie-flamingo-auto-sicherheitsgeschirr-fuer-katzen\/","title":{"rendered":"Karlie Flamingo Auto-Sicherheitsgeschirr f\u00fcr Katzen"},"content":{"rendered":"<p>Sicherheitsgurt speziell f\u00fcr Katzen, auch als Geschirr einsetzbar. Die einfachste M\u00f6glichkeit Mensch und Tier zu sch\u00fctzen. Mit diesem Katzen-Sicherheitsgurt ist Ihr Tier w\u00e4hren der Autofahrt optimal gesichert. Verhindert ein Herausspringen bei offener T\u00fcr oder Fenster, die Katze sitzt fest angeschnallt an ihrem Platz. Mit Safety-Click Verschl\u00fcssen. Das Universal-Gurtschloss ist passend f\u00fcr fast alle Fahrzeugtypen. Das Geschirr ist verstellbar und aus stabilem hautfreundlichem Nylonmaterial. Der Brustgurt ist weich gepolstert. F\u00fcr alle g\u00e4ngigen Fahrzeugtypen (au\u00dfer Volvo).<\/p>\n<p>Farbe: Rot<br \/> Breite des Nylon: 15 mm<br \/> Brustgurt verstellbar von ca. 25 bis 40 cm.<\/p>\n","protected":false},"excerpt":{"rendered":"<p>Sicherheitsgurt speziell f\u00fcr Katzen, auch als Geschirr einsetzbar. Die einfachste M\u00f6glichkeit Mensch und Tier zu sch\u00fctzen. Mit diesem Katzen-Sicherheitsgurt ist Ihr Tier w\u00e4hren der Autofahrt optimal gesichert. Verhindert ein Herausspringen bei offener T\u00fcr oder Fenster, die Katze sitzt fest angeschnallt an ihrem Platz. Mit Safety-Click Verschl\u00fcssen. Das Universal-Gurtschloss ist passend f\u00fcr fast alle Fahrzeugtypen. Das [&hellip;]<\/p>\n","protected":false},"featured_media":24377,"comment_status":"closed","ping_status":"open","template":"","meta":[],"product_cat":[14390],"product_tag":[],"class_list":{"0":"post-46285","1":"product","2":"type-product","3":"status-publish","4":"has-post-thumbnail","6":"product_cat-geschirre-katzenhalsbaender-geschirre-autozubehoerkatzenwelt","8":"first","9":"instock","10":"taxable","11":"shipping-taxable","12":"purchasable","13":"product-type-simple"},"_links":{"self":[{"href":"https:\/\/all-pets.de\/shop\/wp-json\/wp\/v2\/product\/46285","targetHints":{"allow":["GET"]}}],"collection":[{"href":"https:\/\/all-pets.de\/shop\/wp-json\/wp\/v2\/product"}],"about":[{"href":"https:\/\/all-pets.de\/shop\/wp-json\/wp\/v2\/types\/product"}],"replies":[{"embeddable":true,"href":"https:\/\/all-pets.de\/shop\/wp-json\/wp\/v2\/comments?post=46285"}],"wp:featuredmedia":[{"embeddable":true,"href":"https:\/\/all-pets.de\/shop\/wp-json\/wp\/v2\/media\/24377"}],"wp:attachment":[{"href":"https:\/\/all-pets.de\/shop\/wp-json\/wp\/v2\/media?parent=46285"}],"wp:term":[{"taxonomy":"product_cat","embeddable":true,"href":"https:\/\/all-pets.de\/shop\/wp-json\/wp\/v2\/product_cat?post=46285"},{"taxonomy":"product_tag","embeddable":true,"href":"https:\/\/all-pets.de\/shop\/wp-json\/wp\/v2\/product_tag?post=46285"}],"curies":[{"name":"wp","href":"https:\/\/api.w.org\/{rel}","templated":true}]}}