{"id":46287,"date":"2023-12-12T10:51:28","date_gmt":"2023-12-12T09:51:28","guid":{"rendered":"https:\/\/pet-shopping.de\/shop\/produkt\/karlie-flamingo-shampoo-fuer-weisses-fell-300-ml\/"},"modified":"2023-12-12T10:51:30","modified_gmt":"2023-12-12T09:51:30","slug":"karlie-flamingo-shampoo-fuer-weisses-fell-300-ml","status":"publish","type":"product","link":"https:\/\/all-pets.de\/shop\/produkt\/karlie-flamingo-shampoo-fuer-weisses-fell-300-ml\/","title":{"rendered":"Karlie Flamingo Shampoo f\u00fcr wei\u00dfes Fell &#8211; 300 ml"},"content":{"rendered":"<p>Das Shampoo f\u00fcr wei\u00dfes Fell hilft dabei, dass das Fell seine nat\u00fcrliche helle Farbe und Glanz zur\u00fcck bekommt. <\/p>\n<p>Inhalt: 300 ml<\/p>\n<p>Inhaltsstoffe nach den Wasch- und Reinigungsmittel-Regularien: 5-15% anionische Tenside, weniger als 5% nichtionische Tenside, weniger als 5% amphotere Tenside, Parf\u00fcm, Sodium-Benzoat. <\/p>\n","protected":false},"excerpt":{"rendered":"<p>Das Shampoo f\u00fcr wei\u00dfes Fell hilft dabei, dass das Fell seine nat\u00fcrliche helle Farbe und Glanz zur\u00fcck bekommt. Inhalt: 300 ml Inhaltsstoffe nach den Wasch- und Reinigungsmittel-Regularien: 5-15% anionische Tenside, weniger als 5% nichtionische Tenside, weniger als 5% amphotere Tenside, Parf\u00fcm, Sodium-Benzoat.<\/p>\n","protected":false},"featured_media":46288,"comment_status":"closed","ping_status":"open","template":"","meta":[],"product_cat":[14071],"product_tag":[],"class_list":{"0":"post-46287","1":"product","2":"type-product","3":"status-publish","4":"has-post-thumbnail","6":"product_cat-shampoos","8":"first","9":"instock","10":"taxable","11":"shipping-taxable","12":"purchasable","13":"product-type-simple"},"_links":{"self":[{"href":"https:\/\/all-pets.de\/shop\/wp-json\/wp\/v2\/product\/46287","targetHints":{"allow":["GET"]}}],"collection":[{"href":"https:\/\/all-pets.de\/shop\/wp-json\/wp\/v2\/product"}],"about":[{"href":"https:\/\/all-pets.de\/shop\/wp-json\/wp\/v2\/types\/product"}],"replies":[{"embeddable":true,"href":"https:\/\/all-pets.de\/shop\/wp-json\/wp\/v2\/comments?post=46287"}],"wp:featuredmedia":[{"embeddable":true,"href":"https:\/\/all-pets.de\/shop\/wp-json\/wp\/v2\/media\/46288"}],"wp:attachment":[{"href":"https:\/\/all-pets.de\/shop\/wp-json\/wp\/v2\/media?parent=46287"}],"wp:term":[{"taxonomy":"product_cat","embeddable":true,"href":"https:\/\/all-pets.de\/shop\/wp-json\/wp\/v2\/product_cat?post=46287"},{"taxonomy":"product_tag","embeddable":true,"href":"https:\/\/all-pets.de\/shop\/wp-json\/wp\/v2\/product_tag?post=46287"}],"curies":[{"name":"wp","href":"https:\/\/api.w.org\/{rel}","templated":true}]}}