{"id":46293,"date":"2023-12-12T10:51:28","date_gmt":"2023-12-12T09:51:28","guid":{"rendered":"https:\/\/pet-shopping.de\/shop\/produkt\/karlie-flamingo-professional-massagestriegel\/"},"modified":"2023-12-12T10:51:30","modified_gmt":"2023-12-12T09:51:30","slug":"karlie-flamingo-professional-massagestriegel","status":"publish","type":"product","link":"https:\/\/all-pets.de\/shop\/produkt\/karlie-flamingo-professional-massagestriegel\/","title":{"rendered":"Karlie Flamingo Professional Massagestriegel"},"content":{"rendered":"<p>Der Professional Massagestriegel von Karlie Flamingo eignet sich zum schonenden Entfernen loser Haare und verleiht dem Fell dabei ein strahlend gl\u00e4nzendes Aussehen. Er ist mit einer elastischen Handschlaufe und einem Anti-Rutsch-Softgriff ausgestattet und ist somit das ideale Equipment, um bei Ihrem Hund f\u00fcr eine optimale Fellpflege zu sorgen.<\/p>\n<p>Gr\u00f6\u00dfe: ca. 12,5 x 7 x 4,5 cm (LxBxH)<br \/> Gewicht: ca. 67 g<\/p>\n<p>Farbe: rot-schwarz<\/p>\n","protected":false},"excerpt":{"rendered":"<p>Der Professional Massagestriegel von Karlie Flamingo eignet sich zum schonenden Entfernen loser Haare und verleiht dem Fell dabei ein strahlend gl\u00e4nzendes Aussehen. Er ist mit einer elastischen Handschlaufe und einem Anti-Rutsch-Softgriff ausgestattet und ist somit das ideale Equipment, um bei Ihrem Hund f\u00fcr eine optimale Fellpflege zu sorgen. Gr\u00f6\u00dfe: ca. 12,5 x 7 x 4,5 [&hellip;]<\/p>\n","protected":false},"featured_media":21935,"comment_status":"closed","ping_status":"open","template":"","meta":[],"product_cat":[14112],"product_tag":[],"class_list":{"0":"post-46293","1":"product","2":"type-product","3":"status-publish","4":"has-post-thumbnail","6":"product_cat-hundebuersten-striegel-fellpflege-pflege-gesundheit-hundewelt","8":"first","9":"instock","10":"taxable","11":"shipping-taxable","12":"purchasable","13":"product-type-simple"},"_links":{"self":[{"href":"https:\/\/all-pets.de\/shop\/wp-json\/wp\/v2\/product\/46293","targetHints":{"allow":["GET"]}}],"collection":[{"href":"https:\/\/all-pets.de\/shop\/wp-json\/wp\/v2\/product"}],"about":[{"href":"https:\/\/all-pets.de\/shop\/wp-json\/wp\/v2\/types\/product"}],"replies":[{"embeddable":true,"href":"https:\/\/all-pets.de\/shop\/wp-json\/wp\/v2\/comments?post=46293"}],"wp:featuredmedia":[{"embeddable":true,"href":"https:\/\/all-pets.de\/shop\/wp-json\/wp\/v2\/media\/21935"}],"wp:attachment":[{"href":"https:\/\/all-pets.de\/shop\/wp-json\/wp\/v2\/media?parent=46293"}],"wp:term":[{"taxonomy":"product_cat","embeddable":true,"href":"https:\/\/all-pets.de\/shop\/wp-json\/wp\/v2\/product_cat?post=46293"},{"taxonomy":"product_tag","embeddable":true,"href":"https:\/\/all-pets.de\/shop\/wp-json\/wp\/v2\/product_tag?post=46293"}],"curies":[{"name":"wp","href":"https:\/\/api.w.org\/{rel}","templated":true}]}}