{"id":46299,"date":"2023-12-12T10:51:32","date_gmt":"2023-12-12T09:51:32","guid":{"rendered":"https:\/\/pet-shopping.de\/shop\/produkt\/rundeckbrett-16-x-16cm\/"},"modified":"2023-12-12T10:51:32","modified_gmt":"2023-12-12T09:51:32","slug":"rundeckbrett-16-x-16cm","status":"publish","type":"product","link":"https:\/\/all-pets.de\/shop\/produkt\/rundeckbrett-16-x-16cm\/","title":{"rendered":"Rundeckbrett 16 x 16cm"},"content":{"rendered":"<p>Rundeckbrett aus Holz zur Befestigung an jedem K\u00e4figgitter. Geeignet f\u00fcr Hamster, \u00e4hnlich gro\u00dfe und kleinere Tiere.<\/p>\n<p> Ma\u00dfe: ca. 16 x 16 cm<br \/> Holzdicke: ca. 2 cm<\/p>\n","protected":false},"excerpt":{"rendered":"<p>Rundeckbrett aus Holz zur Befestigung an jedem K\u00e4figgitter. Geeignet f\u00fcr Hamster, \u00e4hnlich gro\u00dfe und kleinere Tiere. Ma\u00dfe: ca. 16 x 16 cm Holzdicke: ca. 2 cm<\/p>\n","protected":false},"featured_media":23113,"comment_status":"closed","ping_status":"open","template":"","meta":[],"product_cat":[13723],"product_tag":[],"class_list":{"0":"post-46299","1":"product","2":"type-product","3":"status-publish","4":"has-post-thumbnail","6":"product_cat-sitzbretter-leitern","8":"first","9":"instock","10":"taxable","11":"shipping-taxable","12":"purchasable","13":"product-type-simple"},"_links":{"self":[{"href":"https:\/\/all-pets.de\/shop\/wp-json\/wp\/v2\/product\/46299","targetHints":{"allow":["GET"]}}],"collection":[{"href":"https:\/\/all-pets.de\/shop\/wp-json\/wp\/v2\/product"}],"about":[{"href":"https:\/\/all-pets.de\/shop\/wp-json\/wp\/v2\/types\/product"}],"replies":[{"embeddable":true,"href":"https:\/\/all-pets.de\/shop\/wp-json\/wp\/v2\/comments?post=46299"}],"wp:featuredmedia":[{"embeddable":true,"href":"https:\/\/all-pets.de\/shop\/wp-json\/wp\/v2\/media\/23113"}],"wp:attachment":[{"href":"https:\/\/all-pets.de\/shop\/wp-json\/wp\/v2\/media?parent=46299"}],"wp:term":[{"taxonomy":"product_cat","embeddable":true,"href":"https:\/\/all-pets.de\/shop\/wp-json\/wp\/v2\/product_cat?post=46299"},{"taxonomy":"product_tag","embeddable":true,"href":"https:\/\/all-pets.de\/shop\/wp-json\/wp\/v2\/product_tag?post=46299"}],"curies":[{"name":"wp","href":"https:\/\/api.w.org\/{rel}","templated":true}]}}