{"id":46313,"date":"2023-12-12T10:51:32","date_gmt":"2023-12-12T09:51:32","guid":{"rendered":"https:\/\/pet-shopping.de\/shop\/produkt\/catit-senses-massage-center\/"},"modified":"2023-12-12T10:51:33","modified_gmt":"2023-12-12T09:51:33","slug":"catit-senses-massage-center","status":"publish","type":"product","link":"https:\/\/all-pets.de\/shop\/produkt\/catit-senses-massage-center\/","title":{"rendered":"CATIT Senses Massage Center"},"content":{"rendered":"<div>\n<div>\u00a0<\/div>\n<div>Die Sinne einer Katze sind au\u00dfergew\u00f6hnlich. Sie k\u00f6nnen Ger\u00e4usche h\u00f6ren, die unser H\u00f6rverm\u00f6gen \u00fcbersteigen. Sie k\u00f6nnen Dinge sehen, die f\u00fcr uns unsichtbar sind. Und mit ihrem Geruchs-, Geschmacks- und Tastsinn erleben sie unsere Welt so, wie wir es nur erahnen k\u00f6nnen. <\/div>\n<div>\u00a0<\/div>\n<div>Das Catit Design Massage-Center spricht den Tastsinn ihrer Katze an. Verschiedene Massagefl\u00e4chen verw\u00f6hnen Ihre Katze und bieten puren Luxus. Die Zugabe von Katzenminze (enthalten) spricht zus\u00e4tzlich ihren Geruchs- und Geschmackssinn an. So werden die Sinnesreize noch gesteigert.<\/div>\n<div>\u00a0<\/div>\n<div>\u00b7 mit Zahnfleisch-Stimulator: massiert und reinigt Z\u00e4hne und Zahnfleisch<\/div>\n<div>\u00a0<\/div>\n<div>\u00b7 mit &#8222;Riffelmasseur&#8220;: bietet ein intensives Rubbelvergn\u00fcgen an Kopf, Hals und Gesicht<\/div>\n<div>\u00a0<\/div>\n<div>\u00b7 mit Akupressur-Polster &#8211; Bietet eine Druckpunktmassage f\u00fcr die Pfoten<\/div>\n<div>\u00a0<\/div>\n<div>\u00b7 mit k\u00f6rperstreichelnden Massageb\u00fcrsten: stimulieren Dr\u00fcsen an Gesicht und R\u00fccken und bieten guten Zugang zu einer intensiven Massage<\/div>\n<div>\u00a0<\/div>\n<div>\u00b7 Geben Sie Katzenminze (enthalten) hinzu, um mehrere Sinne anzusprechen!<\/p>\n<p> \u00b7 Wenn eine Katze einen Gegenstand entlang streicht, werden Geruchsdr\u00fcsen angeregt. Der Duft der Katze bleint also in der Luft zur\u00fcck und markiert ihr &#8222;Revier&#8220;. Duftmarkierungen sind wichtig f\u00fcr die Kommunikation der Katzen!<\/p><\/div>\n<div>\u00a0<\/div>\n<p>Kreieren Sie ein vollst\u00e4ndiges Erlebnis-Center der Sinne f\u00fcr Ihr Heimtier mit den Catit Senses Produkten: Catit Senses Massage Center, Catit Senses Scratch Pad und Catit Senses Play Circuit Spielschiene (siehe Bild 2)!\u00a0\u00a0 <\/p><\/div>\n","protected":false},"excerpt":{"rendered":"<p>\u00a0 Die Sinne einer Katze sind au\u00dfergew\u00f6hnlich. Sie k\u00f6nnen Ger\u00e4usche h\u00f6ren, die unser H\u00f6rverm\u00f6gen \u00fcbersteigen. Sie k\u00f6nnen Dinge sehen, die f\u00fcr uns unsichtbar sind. Und mit ihrem Geruchs-, Geschmacks- und Tastsinn erleben sie unsere Welt so, wie wir es nur erahnen k\u00f6nnen. \u00a0 Das Catit Design Massage-Center spricht den Tastsinn ihrer Katze an. Verschiedene Massagefl\u00e4chen [&hellip;]<\/p>\n","protected":false},"featured_media":17274,"comment_status":"closed","ping_status":"open","template":"","meta":[],"product_cat":[13744],"product_tag":[],"class_list":{"0":"post-46313","1":"product","2":"type-product","3":"status-publish","4":"has-post-thumbnail","6":"product_cat-weitere-spielzeuge","8":"first","9":"instock","10":"taxable","11":"shipping-taxable","12":"purchasable","13":"product-type-simple"},"_links":{"self":[{"href":"https:\/\/all-pets.de\/shop\/wp-json\/wp\/v2\/product\/46313","targetHints":{"allow":["GET"]}}],"collection":[{"href":"https:\/\/all-pets.de\/shop\/wp-json\/wp\/v2\/product"}],"about":[{"href":"https:\/\/all-pets.de\/shop\/wp-json\/wp\/v2\/types\/product"}],"replies":[{"embeddable":true,"href":"https:\/\/all-pets.de\/shop\/wp-json\/wp\/v2\/comments?post=46313"}],"wp:featuredmedia":[{"embeddable":true,"href":"https:\/\/all-pets.de\/shop\/wp-json\/wp\/v2\/media\/17274"}],"wp:attachment":[{"href":"https:\/\/all-pets.de\/shop\/wp-json\/wp\/v2\/media?parent=46313"}],"wp:term":[{"taxonomy":"product_cat","embeddable":true,"href":"https:\/\/all-pets.de\/shop\/wp-json\/wp\/v2\/product_cat?post=46313"},{"taxonomy":"product_tag","embeddable":true,"href":"https:\/\/all-pets.de\/shop\/wp-json\/wp\/v2\/product_tag?post=46313"}],"curies":[{"name":"wp","href":"https:\/\/api.w.org\/{rel}","templated":true}]}}