{"id":46314,"date":"2023-12-12T10:51:32","date_gmt":"2023-12-12T09:51:32","guid":{"rendered":"https:\/\/pet-shopping.de\/shop\/produkt\/catit-senses-play-circuit-spielschiene\/"},"modified":"2023-12-12T10:51:33","modified_gmt":"2023-12-12T09:51:33","slug":"catit-senses-play-circuit-spielschiene","status":"publish","type":"product","link":"https:\/\/all-pets.de\/shop\/produkt\/catit-senses-play-circuit-spielschiene\/","title":{"rendered":"CATIT Senses Play Circuit &#8211; Spielschiene"},"content":{"rendered":"<div>\n<div>\u00a0<\/div>\n<div>Die Sinne einer Katze sind au\u00dfergew\u00f6hnlich. Sie k\u00f6nnen Ger\u00e4usche h\u00f6ren, die unser H\u00f6rverm\u00f6gen \u00fcbersteigen. Sie k\u00f6nnen Dinge sehen, die f\u00fcr uns unsichtbar sind. Und mit ihrem Geruchs-, Geschmacks- und Tastsinn erleben sie unsere Welt so, wie wir es nur erahnen k\u00f6nnen. <\/div>\n<div>\u00a0<\/div>\n<div>Der Seh-, H\u00f6r- und Tastsinn sind die Schl\u00fcsselsinne bei der Jagd. Die Catit Design Senses Spielschiene f\u00fcr Katzen spricht alle drei Sinne an und wurde speziell konstruiert, um Ihre Katze zu lockern, zu besch\u00e4ftigen und zu unterhalten und befriedigt so den nat\u00fcrlichen Jagdinstinkt Ihrer Katze.<\/div>\n<div>\u00a0<\/div>\n<div>\u00b7 Dank des Sichtlochdesigns der Bahn kann die Katze den Ball sehen, jagen und anschubsen.<\/div>\n<div>\u00a0<\/div>\n<div>\u00b7 Graugr\u00fcner Ball speziell konstruiert, um die Aufmerksamkeit der Katze zu erregen. <\/div>\n<div>\u00a0<\/div>\n<div>\u00b7 Verschiedene Aufbaum\u00f6glichkeiten! Mit weiteren Elementen k\u00f6nnen Sie den Aufbau der Spielschiene noch vergr\u00f6\u00dfern.<\/div>\n<div>\u00a0<\/div>\n<div>\u00b7 Katzen lieben es zu spielen und zu jagen. Es macht Spa\u00df, es tr\u00e4gt dazu bei, ihren nat\u00fcrlichen Jagdinstinkt zu stimulieren und es ist f\u00fcr ihr emotionales und k\u00f6rperliches Wohlbefinden wichtig.<\/div>\n<div>\u00a0<\/div>\n<div>\u00b7 Katzen haben einen scharfen H\u00f6rsinn und k\u00f6nnen T\u00f6ne dreimal h\u00f6her als Menschen h\u00f6ren. In totaler Dunkelheit k\u00f6nnen Katzen nichts sehen, aber sie k\u00f6nnen in d\u00e4mmrigem Licht au\u00dfergew\u00f6hnlich gut sehen. <\/p>\n<\/div>\n<div>\u00a0<\/div>\n<p>Kreieren Sie ein vollst\u00e4ndiges Erlebnis-Center der Sinne f\u00fcr Ihr Heimtier mit den Catit Senses Produkten: Catit Senses Massage Center, Catit Senses Scratch Pad und Catit Senses Play Circuit Spielschiene (siehe Bild 2)!\u00a0 <\/p>\n<p> <strong>Ganz neu als Ersatzball f\u00fcr die Spielschiene bei uns erh\u00e4ltlich: Catit Senses beweglicher, beleuchteter Ball f\u00fcr Spielschienen &#8211; 2er Set (Artikelnr. 50776-HAG). <\/strong> <\/div>\n","protected":false},"excerpt":{"rendered":"<p>\u00a0 Die Sinne einer Katze sind au\u00dfergew\u00f6hnlich. Sie k\u00f6nnen Ger\u00e4usche h\u00f6ren, die unser H\u00f6rverm\u00f6gen \u00fcbersteigen. Sie k\u00f6nnen Dinge sehen, die f\u00fcr uns unsichtbar sind. Und mit ihrem Geruchs-, Geschmacks- und Tastsinn erleben sie unsere Welt so, wie wir es nur erahnen k\u00f6nnen. \u00a0 Der Seh-, H\u00f6r- und Tastsinn sind die Schl\u00fcsselsinne bei der Jagd. Die [&hellip;]<\/p>\n","protected":false},"featured_media":17279,"comment_status":"closed","ping_status":"open","template":"","meta":[],"product_cat":[13887],"product_tag":[],"class_list":{"0":"post-46314","1":"product","2":"type-product","3":"status-publish","4":"has-post-thumbnail","6":"product_cat-katzenbaelle-katzenspielzeug-weitere-spielzeugekatzenwelt","8":"first","9":"instock","10":"taxable","11":"shipping-taxable","12":"purchasable","13":"product-type-simple"},"_links":{"self":[{"href":"https:\/\/all-pets.de\/shop\/wp-json\/wp\/v2\/product\/46314","targetHints":{"allow":["GET"]}}],"collection":[{"href":"https:\/\/all-pets.de\/shop\/wp-json\/wp\/v2\/product"}],"about":[{"href":"https:\/\/all-pets.de\/shop\/wp-json\/wp\/v2\/types\/product"}],"replies":[{"embeddable":true,"href":"https:\/\/all-pets.de\/shop\/wp-json\/wp\/v2\/comments?post=46314"}],"wp:featuredmedia":[{"embeddable":true,"href":"https:\/\/all-pets.de\/shop\/wp-json\/wp\/v2\/media\/17279"}],"wp:attachment":[{"href":"https:\/\/all-pets.de\/shop\/wp-json\/wp\/v2\/media?parent=46314"}],"wp:term":[{"taxonomy":"product_cat","embeddable":true,"href":"https:\/\/all-pets.de\/shop\/wp-json\/wp\/v2\/product_cat?post=46314"},{"taxonomy":"product_tag","embeddable":true,"href":"https:\/\/all-pets.de\/shop\/wp-json\/wp\/v2\/product_tag?post=46314"}],"curies":[{"name":"wp","href":"https:\/\/api.w.org\/{rel}","templated":true}]}}