{"id":46319,"date":"2023-12-12T10:51:35","date_gmt":"2023-12-12T09:51:35","guid":{"rendered":"https:\/\/pet-shopping.de\/shop\/produkt\/karlie-pluesch-einhorn-in-regenbogenfarben\/"},"modified":"2023-12-12T10:51:35","modified_gmt":"2023-12-12T09:51:35","slug":"karlie-pluesch-einhorn-in-regenbogenfarben","status":"publish","type":"product","link":"https:\/\/all-pets.de\/shop\/produkt\/karlie-pluesch-einhorn-in-regenbogenfarben\/","title":{"rendered":"Karlie Pl\u00fcsch-Einhorn in Regenbogenfarben"},"content":{"rendered":"<p>Mit diesen Pl\u00fcschspielzeugen bekommen Hunde einen niedlichen Kumpel zum Spielen. Die weich gef\u00fcllten Figuren in Gestalt sind besonders f\u00fcr Hunde geeignet, die gerne schmusen und ein weniger ausgepr\u00e4gtes Kaubed\u00fcrfnis besitzen. Zum Zerkauen sind die Kuschelfreunde n\u00e4mlich viel zu schade. <br \/> Sie lassen sich per Hand in lauwarmen Wasser waschen.<\/p>\n<p>Das Einhorn ist ca. 28 x 12 x 18 cm gro\u00df.<\/p>\n","protected":false},"excerpt":{"rendered":"<p>Mit diesen Pl\u00fcschspielzeugen bekommen Hunde einen niedlichen Kumpel zum Spielen. Die weich gef\u00fcllten Figuren in Gestalt sind besonders f\u00fcr Hunde geeignet, die gerne schmusen und ein weniger ausgepr\u00e4gtes Kaubed\u00fcrfnis besitzen. Zum Zerkauen sind die Kuschelfreunde n\u00e4mlich viel zu schade. Sie lassen sich per Hand in lauwarmen Wasser waschen. Das Einhorn ist ca. 28 x 12 [&hellip;]<\/p>\n","protected":false},"featured_media":5198,"comment_status":"closed","ping_status":"open","template":"","meta":[],"product_cat":[13828],"product_tag":[],"class_list":{"0":"post-46319","1":"product","2":"type-product","3":"status-publish","4":"has-post-thumbnail","6":"product_cat-plueschspielzeug-hundespielzeug-sport","8":"first","9":"instock","10":"taxable","11":"shipping-taxable","12":"purchasable","13":"product-type-simple"},"_links":{"self":[{"href":"https:\/\/all-pets.de\/shop\/wp-json\/wp\/v2\/product\/46319","targetHints":{"allow":["GET"]}}],"collection":[{"href":"https:\/\/all-pets.de\/shop\/wp-json\/wp\/v2\/product"}],"about":[{"href":"https:\/\/all-pets.de\/shop\/wp-json\/wp\/v2\/types\/product"}],"replies":[{"embeddable":true,"href":"https:\/\/all-pets.de\/shop\/wp-json\/wp\/v2\/comments?post=46319"}],"wp:featuredmedia":[{"embeddable":true,"href":"https:\/\/all-pets.de\/shop\/wp-json\/wp\/v2\/media\/5198"}],"wp:attachment":[{"href":"https:\/\/all-pets.de\/shop\/wp-json\/wp\/v2\/media?parent=46319"}],"wp:term":[{"taxonomy":"product_cat","embeddable":true,"href":"https:\/\/all-pets.de\/shop\/wp-json\/wp\/v2\/product_cat?post=46319"},{"taxonomy":"product_tag","embeddable":true,"href":"https:\/\/all-pets.de\/shop\/wp-json\/wp\/v2\/product_tag?post=46319"}],"curies":[{"name":"wp","href":"https:\/\/api.w.org\/{rel}","templated":true}]}}