{"id":46327,"date":"2023-12-12T10:51:35","date_gmt":"2023-12-12T09:51:35","guid":{"rendered":"https:\/\/pet-shopping.de\/shop\/produkt\/nerf-dog-air-strike-deluxe-wurfarm\/"},"modified":"2023-12-12T10:51:36","modified_gmt":"2023-12-12T09:51:36","slug":"nerf-dog-air-strike-deluxe-wurfarm","status":"publish","type":"product","link":"https:\/\/all-pets.de\/shop\/produkt\/nerf-dog-air-strike-deluxe-wurfarm\/","title":{"rendered":"NERF DOG Air Strike Deluxe &#8211; Wurfarm"},"content":{"rendered":"<p>Mit dem Air Strike Deluxe Wurfarm lassen sich Tennisb\u00e4lle m\u00fchelos \u00fcber weite Entfernungen werfen. Au\u00dferdem kann der Ball einfach mit dem Wurfarm aufgehoben werden, ohne sich zu b\u00fccken und ohne sich die H\u00e4nde schmutzig zu machen.<\/p>\n<p>Der Air Strike Deluxe ist ca. 63 cm lang. <br \/> Farbe: Blau\/Grau<br \/> Die Farbe des Tennisballs kann vom Bild abweichen!<\/p>\n<p>Die NERF DOG Hundespielzeuge vereinen optimales und funktionales Design mit speziellen Materialien, die eine intensive Nutzung \u00fcber einen langen Zeitraum erlauben.<\/p>\n<p>Lass deinen Hund zu einem NERF DOG werden! Hunde lieben es, Spielzeug zu apportieren.<\/p>\n","protected":false},"excerpt":{"rendered":"<p>Mit dem Air Strike Deluxe Wurfarm lassen sich Tennisb\u00e4lle m\u00fchelos \u00fcber weite Entfernungen werfen. Au\u00dferdem kann der Ball einfach mit dem Wurfarm aufgehoben werden, ohne sich zu b\u00fccken und ohne sich die H\u00e4nde schmutzig zu machen. Der Air Strike Deluxe ist ca. 63 cm lang. Farbe: Blau\/Grau Die Farbe des Tennisballs kann vom Bild abweichen! [&hellip;]<\/p>\n","protected":false},"featured_media":18095,"comment_status":"closed","ping_status":"open","template":"","meta":[],"product_cat":[13680],"product_tag":[],"class_list":{"0":"post-46327","1":"product","2":"type-product","3":"status-publish","4":"has-post-thumbnail","6":"product_cat-hundewurfspielzeug","8":"first","9":"instock","10":"taxable","11":"shipping-taxable","12":"purchasable","13":"product-type-simple"},"_links":{"self":[{"href":"https:\/\/all-pets.de\/shop\/wp-json\/wp\/v2\/product\/46327","targetHints":{"allow":["GET"]}}],"collection":[{"href":"https:\/\/all-pets.de\/shop\/wp-json\/wp\/v2\/product"}],"about":[{"href":"https:\/\/all-pets.de\/shop\/wp-json\/wp\/v2\/types\/product"}],"replies":[{"embeddable":true,"href":"https:\/\/all-pets.de\/shop\/wp-json\/wp\/v2\/comments?post=46327"}],"wp:featuredmedia":[{"embeddable":true,"href":"https:\/\/all-pets.de\/shop\/wp-json\/wp\/v2\/media\/18095"}],"wp:attachment":[{"href":"https:\/\/all-pets.de\/shop\/wp-json\/wp\/v2\/media?parent=46327"}],"wp:term":[{"taxonomy":"product_cat","embeddable":true,"href":"https:\/\/all-pets.de\/shop\/wp-json\/wp\/v2\/product_cat?post=46327"},{"taxonomy":"product_tag","embeddable":true,"href":"https:\/\/all-pets.de\/shop\/wp-json\/wp\/v2\/product_tag?post=46327"}],"curies":[{"name":"wp","href":"https:\/\/api.w.org\/{rel}","templated":true}]}}