{"id":46328,"date":"2023-12-12T10:51:35","date_gmt":"2023-12-12T09:51:35","guid":{"rendered":"https:\/\/pet-shopping.de\/shop\/produkt\/trixie-einhorn-aus-pluesch-28-cm\/"},"modified":"2023-12-12T10:51:36","modified_gmt":"2023-12-12T09:51:36","slug":"trixie-einhorn-aus-pluesch-28-cm","status":"publish","type":"product","link":"https:\/\/all-pets.de\/shop\/produkt\/trixie-einhorn-aus-pluesch-28-cm\/","title":{"rendered":"Trixie Einhorn aus Pl\u00fcsch &#8211; 28 cm"},"content":{"rendered":"<p>Einhorn aus Pl\u00fcsch mit Stimme.<\/p>\n<p>Gr\u00f6\u00dfe: ca. 28 cm<\/p>\n","protected":false},"excerpt":{"rendered":"<p>Einhorn aus Pl\u00fcsch mit Stimme. Gr\u00f6\u00dfe: ca. 28 cm<\/p>\n","protected":false},"featured_media":19663,"comment_status":"closed","ping_status":"open","template":"","meta":[],"product_cat":[14206],"product_tag":[],"class_list":{"0":"post-46328","1":"product","2":"type-product","3":"status-publish","4":"has-post-thumbnail","6":"product_cat-squeeker-hundespielzeug-sport-plueschspielzeughundewelt","8":"first","9":"instock","10":"taxable","11":"shipping-taxable","12":"purchasable","13":"product-type-simple"},"_links":{"self":[{"href":"https:\/\/all-pets.de\/shop\/wp-json\/wp\/v2\/product\/46328","targetHints":{"allow":["GET"]}}],"collection":[{"href":"https:\/\/all-pets.de\/shop\/wp-json\/wp\/v2\/product"}],"about":[{"href":"https:\/\/all-pets.de\/shop\/wp-json\/wp\/v2\/types\/product"}],"replies":[{"embeddable":true,"href":"https:\/\/all-pets.de\/shop\/wp-json\/wp\/v2\/comments?post=46328"}],"wp:featuredmedia":[{"embeddable":true,"href":"https:\/\/all-pets.de\/shop\/wp-json\/wp\/v2\/media\/19663"}],"wp:attachment":[{"href":"https:\/\/all-pets.de\/shop\/wp-json\/wp\/v2\/media?parent=46328"}],"wp:term":[{"taxonomy":"product_cat","embeddable":true,"href":"https:\/\/all-pets.de\/shop\/wp-json\/wp\/v2\/product_cat?post=46328"},{"taxonomy":"product_tag","embeddable":true,"href":"https:\/\/all-pets.de\/shop\/wp-json\/wp\/v2\/product_tag?post=46328"}],"curies":[{"name":"wp","href":"https:\/\/api.w.org\/{rel}","templated":true}]}}