{"id":46329,"date":"2023-12-12T10:51:35","date_gmt":"2023-12-12T09:51:35","guid":{"rendered":"https:\/\/pet-shopping.de\/shop\/produkt\/trixie-vorleger-fuer-katzentoiletten-pfote-pink\/"},"modified":"2023-12-12T10:51:36","modified_gmt":"2023-12-12T09:51:36","slug":"trixie-vorleger-fuer-katzentoiletten-pfote-pink","status":"publish","type":"product","link":"https:\/\/all-pets.de\/shop\/produkt\/trixie-vorleger-fuer-katzentoiletten-pfote-pink\/","title":{"rendered":"Trixie Vorleger f\u00fcr Katzentoiletten, Pfote pink"},"content":{"rendered":"<ul>\n<li> PVC <\/li>\n<li> passend f\u00fcr alle Katzentoiletten <\/li>\n<li> befreit die Pfoten von Katzenstreu <\/li>\n<li> besonders f\u00fcr empfindliche Katzen <\/li>\n<li> auch f\u00fcr Ultrastreu geeignet <\/li>\n<li> rutschfest<\/li>\n<\/ul>\n<p>Gr\u00f6\u00dfe: 40 x 30 cm<br \/> Farbe: Pink<\/p>\n","protected":false},"excerpt":{"rendered":"<p>PVC passend f\u00fcr alle Katzentoiletten befreit die Pfoten von Katzenstreu besonders f\u00fcr empfindliche Katzen auch f\u00fcr Ultrastreu geeignet rutschfest Gr\u00f6\u00dfe: 40 x 30 cm Farbe: Pink<\/p>\n","protected":false},"featured_media":32863,"comment_status":"closed","ping_status":"open","template":"","meta":[],"product_cat":[14219],"product_tag":[],"class_list":{"0":"post-46329","1":"product","2":"type-product","3":"status-publish","4":"has-post-thumbnail","6":"product_cat-toiletten-zubehoer","8":"first","9":"instock","10":"taxable","11":"shipping-taxable","12":"purchasable","13":"product-type-simple"},"_links":{"self":[{"href":"https:\/\/all-pets.de\/shop\/wp-json\/wp\/v2\/product\/46329","targetHints":{"allow":["GET"]}}],"collection":[{"href":"https:\/\/all-pets.de\/shop\/wp-json\/wp\/v2\/product"}],"about":[{"href":"https:\/\/all-pets.de\/shop\/wp-json\/wp\/v2\/types\/product"}],"replies":[{"embeddable":true,"href":"https:\/\/all-pets.de\/shop\/wp-json\/wp\/v2\/comments?post=46329"}],"wp:featuredmedia":[{"embeddable":true,"href":"https:\/\/all-pets.de\/shop\/wp-json\/wp\/v2\/media\/32863"}],"wp:attachment":[{"href":"https:\/\/all-pets.de\/shop\/wp-json\/wp\/v2\/media?parent=46329"}],"wp:term":[{"taxonomy":"product_cat","embeddable":true,"href":"https:\/\/all-pets.de\/shop\/wp-json\/wp\/v2\/product_cat?post=46329"},{"taxonomy":"product_tag","embeddable":true,"href":"https:\/\/all-pets.de\/shop\/wp-json\/wp\/v2\/product_tag?post=46329"}],"curies":[{"name":"wp","href":"https:\/\/api.w.org\/{rel}","templated":true}]}}